{"id":10627,"date":"2022-07-22T15:01:28","date_gmt":"2022-07-22T15:01:28","guid":{"rendered":"http:\/\/ecclesiae.de\/blog\/?page_id=10627"},"modified":"2022-07-22T15:01:28","modified_gmt":"2022-07-22T15:01:28","slug":"gebet-fuer-die-bischoefe","status":"publish","type":"page","link":"https:\/\/ecclesiae.de\/blog\/?page_id=10627","title":{"rendered":"Gebet f\u00fcr die Bisch\u00f6fe"},"content":{"rendered":"\n<p><br><br>Allm\u00e4chtiger ewiger Gott,<br>Du hast f\u00fcr die Leitung Deiner heiligen Kirche und die Glaubenseinheit \u00fcber uns die Bisch\u00f6fe gesetzt als Nachfolger der Apostel, als W\u00e4chter und Besch\u00fctzer der Seelen.<br>Gie\u00dfe aus \u00fcber Sie, so flehen wir st\u00e4ndig zu Dir,<br>eine Gnadenf\u00fclle, wirksam genug, dass sie sich immer mehr als gute Hirten bew\u00e4hren und nutzbringend arbeiten zu Deiner Verherrlichung und unserem Heil.<br>Dass Sie durch ihr Wort und vor allem durch ihr Beispiel vollkommen alle Pflichten erf\u00fcllen, die ihnen aufgetragen sind.<br>Dass sie den christlichen Glauben rein von jedem Irrtum bewahren.<br>Dass wir unter ihrer gl\u00fcckbringenden Leitung allezeit leben k\u00f6nnen in Fr\u00f6mmigkeit, Frieden und christlicher Liebe. Amen<br><br>(Hl. Petrus Canisius, Kirchenlehrer, gest. 1597)<\/p>\n","protected":false},"excerpt":{"rendered":"<p>Allm\u00e4chtiger ewiger Gott,Du hast f\u00fcr die Leitung Deiner heiligen Kirche und die Glaubenseinheit \u00fcber uns die Bisch\u00f6fe gesetzt als Nachfolger der Apostel, als W\u00e4chter und Besch\u00fctzer der Seelen.Gie\u00dfe aus \u00fcber Sie, so flehen wir st\u00e4ndig zu Dir,eine Gnadenf\u00fclle, wirksam genug, &hellip; <a href=\"https:\/\/ecclesiae.de\/blog\/?page_id=10627\">Weiterlesen <span class=\"meta-nav\">&rarr;<\/span><\/a><\/p>\n","protected":false},"author":3,"featured_media":0,"parent":10545,"menu_order":0,"comment_status":"closed","ping_status":"closed","template":"","meta":{"footnotes":""},"class_list":["post-10627","page","type-page","status-publish","hentry"],"_links":{"self":[{"href":"https:\/\/ecclesiae.de\/blog\/index.php?rest_route=\/wp\/v2\/pages\/10627","targetHints":{"allow":["GET"]}}],"collection":[{"href":"https:\/\/ecclesiae.de\/blog\/index.php?rest_route=\/wp\/v2\/pages"}],"about":[{"href":"https:\/\/ecclesiae.de\/blog\/index.php?rest_route=\/wp\/v2\/types\/page"}],"author":[{"embeddable":true,"href":"https:\/\/ecclesiae.de\/blog\/index.php?rest_route=\/wp\/v2\/users\/3"}],"replies":[{"embeddable":true,"href":"https:\/\/ecclesiae.de\/blog\/index.php?rest_route=%2Fwp%2Fv2%2Fcomments&post=10627"}],"version-history":[{"count":1,"href":"https:\/\/ecclesiae.de\/blog\/index.php?rest_route=\/wp\/v2\/pages\/10627\/revisions"}],"predecessor-version":[{"id":10628,"href":"https:\/\/ecclesiae.de\/blog\/index.php?rest_route=\/wp\/v2\/pages\/10627\/revisions\/10628"}],"up":[{"embeddable":true,"href":"https:\/\/ecclesiae.de\/blog\/index.php?rest_route=\/wp\/v2\/pages\/10545"}],"wp:attachment":[{"href":"https:\/\/ecclesiae.de\/blog\/index.php?rest_route=%2Fwp%2Fv2%2Fmedia&parent=10627"}],"curies":[{"name":"wp","href":"https:\/\/api.w.org\/{rel}","templated":true}]}}