{"id":10629,"date":"2022-07-22T15:02:20","date_gmt":"2022-07-22T15:02:20","guid":{"rendered":"http:\/\/ecclesiae.de\/blog\/?page_id=10629"},"modified":"2022-07-22T15:02:20","modified_gmt":"2022-07-22T15:02:20","slug":"gebet-fuer-die-familie","status":"publish","type":"page","link":"https:\/\/ecclesiae.de\/blog\/?page_id=10629","title":{"rendered":"Gebet f\u00fcr die Familie"},"content":{"rendered":"\n<p><strong><br>Vom hl. Anselmus<\/strong><br><br>O mein Jesus, Quelle der Liebe, liebe Du meine Familie! R\u00fchre ihre Herzen,<br>dass sie Dich \u00fcber alles lieben und nur dasjenige wollen, was Dir gef\u00e4llt,<br>und was du zu ihrem Besten leiten willst!<br>Nimm, o Du treuer Hirt, die Meinigen in Deinen Schutz und f\u00fchre sie auf rechter Bahn,<br>damit sie hinkommen, wo wir, sie mit mir und ich mit ihnen,<br>uns freuen deiner Herrlichkeit, die ewig dauert! Amen.<br><br>O Jesus, Maria und Josef rein!<br>Ihr auserw\u00e4hlten Seelen!<br>Wollt` Euren Beistand uns verleih`n,<br>wenn Angst und Not uns qu\u00e4len.<br>Und muss das Herz den bittern Schmerz,<br>des Todes einst empfinden:<br>Dann eilet treu zu uns herbei<br>und helft uns \u00fcberwinden!<\/p>\n","protected":false},"excerpt":{"rendered":"<p>Vom hl. Anselmus O mein Jesus, Quelle der Liebe, liebe Du meine Familie! R\u00fchre ihre Herzen,dass sie Dich \u00fcber alles lieben und nur dasjenige wollen, was Dir gef\u00e4llt,und was du zu ihrem Besten leiten willst!Nimm, o Du treuer Hirt, die &hellip; <a href=\"https:\/\/ecclesiae.de\/blog\/?page_id=10629\">Weiterlesen <span class=\"meta-nav\">&rarr;<\/span><\/a><\/p>\n","protected":false},"author":3,"featured_media":0,"parent":10545,"menu_order":0,"comment_status":"closed","ping_status":"closed","template":"","meta":{"footnotes":""},"class_list":["post-10629","page","type-page","status-publish","hentry"],"_links":{"self":[{"href":"https:\/\/ecclesiae.de\/blog\/index.php?rest_route=\/wp\/v2\/pages\/10629","targetHints":{"allow":["GET"]}}],"collection":[{"href":"https:\/\/ecclesiae.de\/blog\/index.php?rest_route=\/wp\/v2\/pages"}],"about":[{"href":"https:\/\/ecclesiae.de\/blog\/index.php?rest_route=\/wp\/v2\/types\/page"}],"author":[{"embeddable":true,"href":"https:\/\/ecclesiae.de\/blog\/index.php?rest_route=\/wp\/v2\/users\/3"}],"replies":[{"embeddable":true,"href":"https:\/\/ecclesiae.de\/blog\/index.php?rest_route=%2Fwp%2Fv2%2Fcomments&post=10629"}],"version-history":[{"count":1,"href":"https:\/\/ecclesiae.de\/blog\/index.php?rest_route=\/wp\/v2\/pages\/10629\/revisions"}],"predecessor-version":[{"id":10630,"href":"https:\/\/ecclesiae.de\/blog\/index.php?rest_route=\/wp\/v2\/pages\/10629\/revisions\/10630"}],"up":[{"embeddable":true,"href":"https:\/\/ecclesiae.de\/blog\/index.php?rest_route=\/wp\/v2\/pages\/10545"}],"wp:attachment":[{"href":"https:\/\/ecclesiae.de\/blog\/index.php?rest_route=%2Fwp%2Fv2%2Fmedia&parent=10629"}],"curies":[{"name":"wp","href":"https:\/\/api.w.org\/{rel}","templated":true}]}}