{"id":10647,"date":"2022-07-23T08:50:14","date_gmt":"2022-07-23T08:50:14","guid":{"rendered":"http:\/\/ecclesiae.de\/blog\/?page_id=10647"},"modified":"2022-07-23T08:50:14","modified_gmt":"2022-07-23T08:50:14","slug":"der-goldene-rosenkranz","status":"publish","type":"page","link":"https:\/\/ecclesiae.de\/blog\/?page_id=10647","title":{"rendered":"Der goldene Rosenkranz"},"content":{"rendered":"\n<p>Wie beginnen wir den Tag beim Aufwachen\u2026<br>Kreuzzeichen!<br>Danke Vater, danke Jesus, dank sei Dir Heiliger Geist,<br>dank sei Dir Mutter, dank sei Dir heiliger Josef,<br>dank sei Dir lieber Schutzengel, dank sei Dir heiliger Namenspatron,<br>dank sei allen Engel und Heiligen,<br>dank sei dem ganzen himmlischen Hofstaat,<br>dank sei den Armen Seelen im Fegefeuer\u2026<\/p>\n\n\n\n<p>einfach danke sagen f\u00fcr den neuen Tag\u2026.<\/p>\n\n\n\n<p>Wer die ersten Worte Gott schenkt, nach dem Aufwachen,<br>wird den Tag gesegnet beenden.<\/p>\n\n\n\n<p><a href=\"http:\/\/br-thomas-apostolat.de\/Katechese\/vorbereitung.htm\" target=\"_blank\" rel=\"noreferrer noopener\">angelinkt: Auf dem Weg<\/a><\/p>\n\n\n\n<p>Ich beginne das Morgengebet &nbsp;immer<br>wie Br. Johannes-Marcus in seiner Gebetsmappe schreibt:<\/p>\n\n\n\n<p>Ich lade ein: alle Engel und Heiligen, den ganzen himmlischen Hofstaat<br>und die Armen Seelen im Fegefeuer, mit uns zu beten.<br>Liebe Mutter Gottes, nimm du uns an deine H\u00e4nde und bete du mit uns!<br>Und alles was an unserem Gebet mangelt, ersetzte es du, reinige es, heilige es,<br>in den Wunden Jesu und bring es so unserem himmlischen Vater zu Opfer dar!<br>Wir wollen beten in deine Anliegen.<br>All unsere Anliegen: Sorgen, \u00c4ngste, N\u00f6te, auch derer,<br>die sich uns anvertraut haben oder anvertraut wurden,<br>die Familien, Freunde, Verwandte, unsere Gemeinschaft, alle Gottgeweihten,<br>auch unsere Feinde. Besonders die Kranken, Behinderten, die Armen,<br>die Sterbenden und die Armen Seelen im Fegefeuer,<br>alles legen wir in deine H\u00e4nde, wissen wir in deinem unbefleckten Herzen,<br>da wir uns mit ihnen dir geweiht haben. &nbsp;<br>O mein Jesus, Du hast gesagt, dass ich mir Seelen w\u00fcnschen soll.<br>Ich w\u00fcnsche mir ganz viele Seelen; aber nicht, weil ich so toll bin,<br>sondern, weil ich vertraue, dass Du selbst alles machst.<br>Meine lieben Schutzengel, geht ihr zu den Seelen,<br>die mir heute begegnen per Telefon, Internet oder pers\u00f6nlich!<br>Betet f\u00fcr sie mit deren Schutzengel, erfleht ihnen Einsprechungen,<br>damit sich Mariens Plan erf\u00fcllt und sich somit Gottes Willen erf\u00fcllen kann\u2026\u2026\u2026\u2026<\/p>\n\n\n\n<p><a href=\"http:\/\/br-thomas-apostolat.de\/gebete\/Gebetsmappe.PDF\" target=\"_blank\" rel=\"noreferrer noopener\">angelinkt: Gebetsmappe!<\/a><\/p>\n\n\n\n<p><br><br><strong>Der goldene Rosenkranz!<\/strong><\/p>\n\n\n\n<p><br>Quelle:<br>DAS GOLDENE BUCH<br>LINS-VERLAG, Gebhard und Josef Lins,<br>A-6804 Feldkirch<\/p>\n\n\n\n<p>vom hl. Ludwig Maria Grignion von Montfort!<\/p>\n\n\n\n<p><strong>Die f\u00fcnf freudenreichen Geheimnisse<br><br>1. Geheimnis:<br><br>Jesus, den Du o Jungfrau vom Heiligen Geist empfangen hast.<br><br>Verk\u00fcndigung der Menschwerdung. \u2013 Frucht des Geheimnisses:<\/strong><\/p>\n\n\n\n<p><strong>DEMUT<\/strong><\/p>\n\n\n\n<p>Betrachte mit Maria die wunderbare Erniedrigung,<br>die der Sohn Gottes, der Abglanz des ewigen &nbsp;Lichtes,<br>der fleckenlose Spiegel der g\u00f6ttlichen Sch\u00f6nheit und G\u00fcte,<br>auf sich nimmt, indem er sich zur S\u00fchne<br>f\u00fcr deinen Stolz von einem Gesch\u00f6pf abh\u00e4ngig macht.<br>Die Tiefe der Demut Mar\u00e4 hat sie zur W\u00fcrde einer Gottesmutter erhoben.<br>O wie eitel bist du noch, wie begierig nach der Achtung der Welt!<br>Ergreife doch alle Mittel, die Tugend der Demut zu erflehen und zu \u00fcben,<br>ohne die alle anderen keine Bedeutung haben.<\/p>\n\n\n\n<p>Wir opfern dir auf, Herr Jesus Christus, diesen ersten Zehner<br>zu Ehren Deiner Menschwerdung im Scho\u00dfe der reinsten Jungfrau;<br>wir bitten Dich durch dieses Geheimnis<br>und die F\u00fcrsprache Mari\u00e4 um eine tiefe Demut.<\/p>\n\n\n\n<p>Vater unser \u2026 10 Gegr\u00fc\u00dfet seist Du, Maria\u2026Ehre sei dem Vater\u2026<\/p>\n\n\n\n<p>Durch das Geheimnis der Menschwerdung steige herab,<br>o Heiliger Geist, in unsere Seelen. Amen.<\/p>\n\n\n\n<p><strong>2. Geheimnis:<br><br>Jesus, den Du o Jungfrau zu Elisabeth getragen hast.<br><br>Mari\u00e4 Heimsuchung. \u2013 Frucht des Geheimnisses:<\/strong><br><br><strong>N\u00c4CHSTENLIEBE<\/strong><br><br>Folge der heiligen Jungfrau zu ihrer Base Elisabteh.<br>Bete Jesus an, welcher durch Maria seine ersten Gnaden austeilt.<br>Ein Gru\u00df Mari\u00e4 gen\u00fcgt,<br>um das ganze Haus mit den Gnaden des Heiligen Geistes zu erf\u00fcllen.<br>Jesus will f\u00fcr alle Zukunft durch Maria wirken<br>und durch sie allen seine Gnaden spenden.<br>Die Liebe zum N\u00e4chsten dr\u00e4ngt Maria, dieses Apostolat auszu\u00fcben.<br>Bitte Maria um die N\u00e4chstenliebe zur \u00dcbung der leiblichen<br>und geistigen Werke der Barmherzigkeit.<br><br>Wir opfern Dir auf, Herr Jesus Christus, diesen zweiten Zehner<br>zu Ehren der Heimsuchung Deiner heiligen Mutter<br>bei ihrer Base Elisabeth und der Heiligung des hl Johannes des T\u00e4ufers;<br>wir bitten Dich durch dieses Gehimnis<br>und durch die F\u00fcrbitte Deiner heiligen Mutte um die Liebe gegen den N\u00e4chsten. Amen.<br><br>Vater unser\u202610 Gegr\u00fc\u00dfet seist Du, Maria\u2026Ehre sei dem Vater\u2026<br><br>Durch das Geheimnis der Heimsuchung steige herab,<br>o Heiliger Geist, in unsere Seelen. Amen.<\/p>\n\n\n\n<p><strong>3. Gehemnis:<br><br>Jesus, den Du o Jungfrau zu Bethlehem geboren hast.<br><br>Geburt Jesu. \u2013 Frucht des Geheimnisses:<\/strong><br><br><strong>Verachtung des Reichtums und Liebe zur Armut!<\/strong><br><br>Welche Armut im Stalle! Ein wenig Stroh! Einige Windeln,<br>um gegen winterliche K\u00e4lte das Kindlein zu sch\u00fctzen!<br>Arme Hirten als Hofstaat! Welche Entbl\u00f6\u00dfung und Lossch\u00e4lung!<br>Wie verurteilt das Kind Jesu den Geiz, die Liebe zum Reichtum und zur Welt!<br>Flehe zu Maria um die Gnade der vollkommenen Lossch\u00e4lung von allen Gesch\u00f6pfen.<br><br>Wir opfern Dir auf, Herr Jesus Christus, diesen dritten Zehner<br>zu Ehren Deiner Geburt im Stalle zu Bethlehem;<br>wir bitten Dich durch dieses Geheimnis<br>und durch die F\u00fcrbitte Deiner heiligen Mutter<br>um die Lossch\u00e4lung von den G\u00fctern der Welt,<br>um Verachtung des Reichtums und Liebe zur Armut. Amen.<br><br>Vater unser\u2026 10 Gegr\u00fc\u00dfet seist Du, Maria\u2026Ehre sei dem Vater\u2026<br><br>Durch das Geheimnis der Geburt Jesu steige herab,<br>o Heiliger Geist, in unsere Seelen. Amen.<\/p>\n\n\n\n<p><strong>4. Geheimnis:<br><br>Jesus, den Du o Jungfrau im Tempel aufgeopfert hast.<br><br>Aufopferung Jesu. \u2013 Frucht des Geheimnisses:<\/strong><br><br><strong>Reinheit des Leibes und der Seele.<\/strong><br><br>Jesus ruht in den reinen H\u00e4nden Mari\u00e4, des heiligen Joseph,<br>des hl. Simeon und opfert sich als eine reine,<br>heilige und unbefleckte Hostie dem himmlischen Vater auf. \u2013<br>Die ewige Weisheit ist der reinste Spiegel der Klarheit des Allm\u00e4chtigen.<br>Sie wohnt nicht in einer Seele, in der die S\u00fcnde sich befindet.<br>Habe eine gro\u00dfe Liebe zur Reinheit,<br>welche dich den Engeln \u00e4hnlich macht und dich mit Gott so innig vebindet.<br>Bitte die unbefleckte Jungfrau um diese Tugend<br>und opfere deinen Leib dem himmlischen Vater als eine lebendige Hostie auf.<br><br>Wir opfern Dir auf, \u00a0Herr Jesus Christus, diesen vierten Zehner<br>zu Ehren Deiner Aufopferung im Tempel und der Reinigung Mari\u00e4;<br>wir bitten Dich \u00a0durch dieses Geheimnis<br>und die F\u00fcrsprache Mari\u00e4<br>um eine grosse Reinheit des Leibes und er Seele. Amen.<br><br>Vater unser\u202610 Gegr\u00fc\u00dfet seist Du, Maria\u2026Ehre sei dem Vater\u2026<br><br>Duch das Geheimnis der Reinigung steige herab,<br>o Heiliger Geist, in unsere Seelen. Amen.<\/p>\n\n\n\n<p><strong>5. Geheimnis:<br><br>Jesus, den Du o Jungfrau im Tempel wiedergefunden hast.<br><br>Das Wiederfinden Jesu. \u2013 Frucht des Geheimnisses:<\/strong><br><br><strong>DIE WAHRE WEISHEIT!<\/strong><br><br>Drei Tage lang sucht Maria unter Schmerzen ihren Jesus. \u2013<br>Wie gro\u00df ist dein Verlangen, Jesus zu besitzen?<br>Wo sind die Tr\u00e4nen und die Trauer dar\u00fcber,<br>dass du noch so weit von ihm entfernt bist?&#8230;<br>Maria ist der Magnet, der Jesus in die Seele zieht.<br>Wende dich an sie, sie wird dich lehren,<br>Jesus zu finden im Sakrament der Bu\u00dfe,<br>des Altars und in deinem eigenen Herzen.<br>Seine Liebe und Sch\u00f6nheit,<br>sein Reichtum wird dein Herz anziehen.<br>Liebe stets Maria, bleibe mit ihr vereinigt:<br>sie zieht Jesus in dein Herz; denn wo die Mutter ist,<br>dort will das Kind sein, und wo das Kind ist, will die Mutter sein.<br>Wer Jesus und Maria findet, hat die Weisheit gefunden.<br><br>Wir opfern Dir auf, Herr Jesus Christus,<br>diesen f\u00fcnften Zehner zu Ehren Deiner Wiederauffindung im Tempel;<br>wir bitten Dich durch dieses Geheimnis<br>und durch die F\u00fcrsprache Mari\u00e4 um die wahre Weisheit. Amen.<br><br>Vater unser\u202610 Gegr\u00fc\u00dfet seist Du, Maria\u2026Ehre sei dem Vater\u2026<br><br>Durch das Geheimnis der Wiederauffindung Jesu steige herab,<br>o Heiliger Geist, in unsere Seelen. Amen.<\/p>\n\n\n\n<p><strong>Die f\u00fcnf schmerzhaften Geheimnisse!<br><br>6. Geheimnis! \u00a0<br><br>Der f\u00fcr uns Blut geschwitzt hat!<br><br>Todesangst Jesu. &#8211; Frucht des Geheimnisses:<\/strong><br><br><strong>REUE<\/strong><br><br>Siehe den Blut schwitzenden Jesus am \u00d6lberg;<br>er nimmt auch deine S\u00fcnden auf sich<br>und kr\u00fcmmt sich deinetwegen vor Schmerz<br>wie ein zertretener Wurm. H\u00f6re seine klagenden Worte:<br>Meine Seele ist betr\u00fcbt bis in den Tod;<br>m\u00f6ge dieser Kelch, gef\u00fcllt auch von deinen S\u00fcnden,<br>an ihm vor\u00fcbergehen! Habe Mitleid mit den Schmerzen Mari\u00e4,<br>welche blutige Tr\u00e4nen deiner S\u00fcnden wegen vergiesst.<br>Bitte sie, dein Herz zu r\u00fchren, beweine deine bisherige H\u00e4rte,<br>erflehe die Gnade der Bekehrung f\u00fcr die S\u00fcnder,<br>besonders f\u00fcr die sterbenden des heutigen Tages und der Nacht.<br><br>Wir opfern Dir auf, Herr Jesus Christus,<br>diesen sechsten Zehner zu Ehren Deiner Todesangst am \u00d6lberg;<br>wir bitten Dich durch dieses Geheimnis<br>und durch die F\u00fcrbitte Deiner heiligen Mutter<br>um wahre Reue \u00fcber unsere S\u00fcnden. Amen.<br><br>Vater unsre&#8230;10 Gegr\u00fc\u00dfet seist Du, Maria&#8230;Ehre sei dem Vater&#8230;<br><br>Durch das Geheimnis der Todesangst Jesu steige herab,<br>o Heiliger Geist, in unsere Seelen. Amen<\/p>\n\n\n\n<p><strong>7. Geheimnis:<br><br>Der f\u00fcr uns gegei\u00dfelt worden ist.<br><br>Die Gei\u00dfelung Jesu. &#8211; Frucht des Geheimnisses:<\/strong><br><br><strong>ABT\u00d6TUNG DER SINNE<\/strong><br><br>Wie viele Schmerzen, Misshandlungen,<br>Beschimpfungen von Todesangst an bis zur blutigen Gei\u00dfelung!<br>Welcher Anblick!<br>mit den Schmerzen,<br>welche die reinste Jungfrau bei diesem entsetzlichen Schauspiel empfand,<br>bitte sie um die Gnade, deine Sinne abzut\u00f6ten.<br>So viele Seelen gehen aus Liebe zu irdischen Vergn\u00fcgungen zu Grunde.<br>Bete f\u00fcr sie!<br><br>Wir opfern Dir auf, Herr Jesus Christus, diesen siebten Zehner<br>zu Ehren Deiner blutigen Gei\u00dfelung;<br>wir bitten Dich durch dieses Geheimnis<br>und durch die F\u00fcrsprache Deiner heiligen Mutter<br>um die Abt\u00f6tung der Sinne. Amen.<br><br>Vater unser&#8230;10 Gegr\u00fc\u00dfet seist Du, Maria&#8230;Ehere sei dem Vater&#8230;<br><br>Durch das Geheimnis der Gei\u00dfelung Jesu steige herab,<br>o Heiliger Geist, in unsere Seelen. Amen.<\/p>\n\n\n\n<p><strong>8. Geheimnis: \u00a0<br><br>Jesus, der f\u00fcr uns mit Dornen gekr\u00f6nt worden ist!<br><br>Die Dornenkr\u00f6nung. \u2013 Frucht des Geheimnisses:<\/strong><br><br><strong>VERACHTUNG DER WELT!<\/strong><br><br>In welch traurigen Zustand hat dein Stolz den guten Jesus,<br>den K\u00f6nig der K\u00f6nige, den Herrn der Herren, versetzt!<br>Die h\u00f6chste Majest\u00e4t mit Dornen gekr\u00f6nt,<br>mit einem Purpurfetzen bedeckt,<br>wie ein Spottk\u00f6nig von der Soldatenrotte behandelt,<br>welche ihm ins Antlitz speit und ihn schl\u00e4gt.<br>Ecce Homo, welch ein Mensch! Vereinige dich mit den Gef\u00fchlen Mari\u00e4,<br>leiste Ersatz f\u00fcr alle schlechten Reden,<br>und habe eine innige Andacht zum heiligen Antlitz.<br>Bitte um eine gro\u00dfe Weltverachtung.<br><br>Wir opfern Dir auf, Herr Jesus Christus,<br>diesen achten Zehner zu Ehren Deiner Dornenkr\u00f6nung;<br>wir bitten Dich durch dieses Geheimnis<br>und durch die F\u00fcrbitte Deiner heiligen Mutter<br>um Verachtung aller irdischen Ehren und W\u00fcrden. Amen.<br><br>Vater unser\u202610 Gegr\u00fc\u00dfet seist Du, Maria\u2026Ehre sei dem Vater\u2026<br><br>Durch das Geheimnis der Dornenkr\u00f6nung steige herab,<br>o Heiliger Geist, in unsere Seelen. Amen.<\/p>\n\n\n\n<p><strong>9. Geheimnis:<br><br>Jesus, der f\u00fcr uns das schwere Kreuz getragen hat!<br><br>Die Kreuztragung. \u2013 Frucht des Geheimnisses:<\/strong><br><br><strong>GEDULD IM LEIDEN!<\/strong><br><br>Siehe, mit welcher Liebe Jesus das Kreuz auf sich nimmt,<br>es umarmt; er betrachtet es als das Zeichen des Heiles,<br>als die von Gott erw\u00e4hlte Waffe, um die Feinde niederzuschmettern.<br>Habe Mitleid mit dem Herzen Mari\u00e4, welches grausam zerrissen wird,<br>da die Mutter ihrem Sohn auf dem Kreuzweg begegnet,<br>und ihn in dieser Erniedrigung dem Kreuzestode entgegengehen sieht!<br>Ach, wie wenig liebst du das Kreuz!<br>Wie oft murrst du bei den kleinsten Pr\u00fcfungen!<br>Bitte Maria um die Gnade der Geduld in Leiden<br>und der vollkommenen Ergebung in den g\u00f6ttlichen Willen.<br><br>Wir opfern Dir auf, Herr Jesus Christus, diesen neunten Zehner<br>zu Ehren Deiner Kreuztragung;<br>wir bitten Dich durch dieses Geheimnis<br>und durch die F\u00fcrbitte Deiner heiligen Mutter<br>um Geduld in allen Leiden. Amen.<br><br>Vater unser&#8230;10 Gegr\u00fc\u00dfet seist Du, Maria&#8230;Ehre sei dem Vater&#8230;<br><br>Durch das Geheimnis der Kreuztragung steige herab,<br>o Heiliger Geist, in unsere Seelen. Amen.<\/p>\n\n\n\n<p><strong>10. Geheimnis:<br><br>Jesus, der f\u00fcr uns aus Liebe am Kreuz gestorben ist!<br><br>Die Kreuzigung. &#8211; Frucht des Geheimnisses:<\/strong><br><br><strong>BEKEHRUNG DER S\u00dcNDER UND TROST DER ARMEN SEELEN!<\/strong><br><br>Was hat Maria nicht alles gelitten,<br>um dich zum Leben der Gnade wiederzugeb\u00e4ren!<br>Alle Grausamkeit der Qualen der M\u00e4rtyrer,<br>sagt der hl. Anselm, ist leicht oder gar nichts im Vergleich<br>zum \u00dcberma\u00df der Leiden Mari\u00e4. Ehre diese K\u00f6nigin der M\u00e4rtyrer,<br>die so viel f\u00fcr dich gelitten hat; habe Mitleid mit ihr<br>und sprich mit dem Propheten zu ihr: O Jongfrau, Tochter Sions,<br>womit soll ich deinen Schmerz vergleichen?<br>Er ist unerme\u00dflich wie das Meer.<br>Nach dem Beispiele Jesu und Mari\u00e4 sei bereit,<br>f\u00fcr das Heil der Seelen alles zu leiden.<br>Bitte um Bekehrung der S\u00fcnder<br>und die Befreiung der Armen Seelen im Fegefeuer.<br><br>Wir opfern Dir auf, Herr Jesus Christus,<br>diesen zehnten Zehner zu Ehren Deiner Kreuzigung<br>und Deines schimpflichen Todes auf dem Kalvarienberg:<br>wir bitten Dich durch dieses Geheimnis<br>und durch die F\u00fcrbitte Deiner heiligen Mutter<br>um die Bekehrung der S\u00fcnder, die Beharrlichkeit der Gerechten<br>und um die Befreiung der Armen Seelen im Fegefeuer. Amen.<br><br>Vater unser&#8230;10 Gegr\u00fc\u00dfet seist Du, Maria&#8230;Ehre sei dem Vater&#8230;<br><br>Durch das Geheimnis der Kreuzigung Jesu steige herab,<br>o Heiliger Geist, in unsere Seelen. Amen<\/p>\n\n\n\n<p><strong>Die f\u00fcnf glorreichen Gehimnisse!<br><br>11. Geheimnis:<br><br>Jesus, der von den Toten auferstanden ist!<br><br>Auferstehung. &#8211; Frucht des Geheimnisses:<\/strong><br><br><strong>LIEBE GOTTES; APOSTOLISCHER EIFER!<\/strong><br><br>Von welchem Glanze umgeben<br>erscheint Jesus umgeben am Tage seiner Auferstehung!<br>Wie ist das Herz Mari\u00e4 mit Freude und Wonne \u00fcberstr\u00f6mt,<br>als sie ihren Sohn jetzt in Unsterblichkeit<br>und himmlischer Glorie sieht!<br>Erfreue dich mit ihr, denn Jesu Ruhm ist auch der Mutter Ruhm.<br>Mit welcher Liebe begegnet Jesus auch seinen Aposteln<br>und den heiligen Frauen!<br>Mit der gleichen Liebe sucht er auch dich auf<br>und will sich dir mitteilen.<br>Zu den F\u00fcssen Mari\u00e4 flehe mit Vertrauen<br>um die Liebe zu Jesus und um apostolischen Eifer.<br><br>Wir opfern Dir auf, Herr Jesus Christus, diesen elften Zehner<br>zu Ehren Deiner glorreichen Auferstehung;<br>wir bitten Dich durch dieses Geheimnis<br>und durch die F\u00fcrbitte Deiner heiligen Mutter<br>um die Liebe Gottes und um Eifer in seinem Dienste.<br>Amen.<br><br>Vater unser&#8230;10 Gegr\u00fc\u00dfet seist Du, Maria&#8230;Ehre sei dem Vater&#8230;<br><br>Durch das Geheimnis der Auferstehung steige herab,<br>o Heiliger Geist, in unsere Seelen. Amen.<\/p>\n\n\n\n<p><strong>12. Geheimnis:<br><br>Jesus, der in den Himmel aufgefahren ist!<br><br>Himmelfahrt. &#8211; Frucht des Geheimnisses:<\/strong><br><br><strong>SEHNSUCHT NACH DEM HIMMEL!<\/strong><br><br>Schaue mit Maria Jesus nach wie er sich erhebt,<br>umgeben von Engeln und den Seelen,<br>die er aus der Vorh\u00f6lle befreit hat.<br>Welcher Triumph,<br>welche Ehre und Freude f\u00fcr den Himmel und seine Bewohner!<br>Welche Gef\u00fchle hatte aber das heilige Herz Mari\u00e4<br>nach der Trennung von ihrem Sohne?<br>So gross war das Verlangen Mari\u00e4, mit Gott vereinigt zu sein,<br>dass ein fortw\u00e4hrendes Wunder n\u00f6tig war,<br>dass sie inmitten solcher Liebesgluten leben konnte. (Eudes) &#8211;<br>Sehnst auch du dich nach Jesus, nach dem Himmel wie Maria?<br>Du bittest um den Himmel, aber was tuest du,<br>um ihn zu erringen?<br>O h\u00e4tten wir eine grosse Sehnsucht nach dem Himmel,<br>wir w\u00fcrden viel grossm\u00fctiger im Dienste Jesu sein.<br>Bitte Maria um diese Tugend,<br>die ein Zeichen unserer Auserw\u00e4hlung ist.<br><br>Wir opfern Dir auf, Herr Jesus Christus, diesen zw\u00f6lften Zehner<br>zu Ehren des Triumphes Deiner Himmelfahrt;<br>wir bitten Dich durch dieses Geheimnis<br>und durch die F\u00fcrbitte Deiner heiligen Mutter<br>um ein brennendes Verlangen nach dem Himmel,<br>unserem teuren Vaterland.<br>Amen<br><br>Vater unser&#8230;10 Gegr\u00fc\u00dfet seist Du, Maria&#8230;Ehre sei dem Vater&#8230;<br><br>Durch das Geheimnis der Himmelfahrt steige herab,<br>o Heiliger Geist, in unsere Seele. Amen.<\/p>\n\n\n\n<p><strong>13. Geheimnis:<br><br>Jesus, der uns den Heiligen Geist gesandt hat!<br><br>Das Pfingstfest. &#8211; Frucht des Geheimnisses:<\/strong><br><br><strong>DIE HERABKUNFT DES HEILIGEN GEISTES!<\/strong><br><br>O s\u00fc\u00dfes Geheimnis der Herabkunft des Heiligen Geistes,<br>der Gr\u00fcndung der Kirche! Maria wird die Mutter der Kirche,<br>die Ausspenderin der Gaben des Heiligen Geistes!<br>Immer will der Heilige Geist mit, durch und in Maria wirken.<br>Bitte Maria f\u00fcr dich und alle um die Gnade,<br>auf&#8217;s innigste mit ihrem heiligsten Herzen vereinigt zu werden,<br>und erinnere dich an das Wort des heiligen Grignion:<br>Wenn der Heilige Geist Maria in einer Seele geliebt sieht,<br>so eilt er dorthin; er kommt mit gr\u00f6\u00dftem Verlangen,<br>sie mit seinen Geschenken,<br>besonders mit Weisheit zu erf\u00fcllen<br>und an ihnen Wunder der Gnade zu wirken.<br><br>Wir opfern Dir auf, Herr Jesus Christus, diesen dreizehnten Zehner<br>zu Ehren des Geheimnisses der Sendung des Heiligen Geistes;<br>wir bitten Dich durch dieses Geheimnis<br>und durch die F\u00fcrbitte Deiner heiligen Mutter<br>um die Herabkunft des heiligen Geistes in unsere Seelen. Amen.<br><br>Vater unser&#8230;10 Gegr\u00fc\u00dfet seist Du, Maria&#8230;Ehre sei dem Vater&#8230;<br><br>Durch das Geheimnis der Sendung des Heiligen Geistes steige herab,<br>o Heiliger Geist, in unsere Seelen. Amen.<\/p>\n\n\n\n<p><strong>Jesus, der dich o Jungfrau in den Himmel aufgenommen hat!<br><br>Mari\u00e4 Himmelfahrt. &#8211; Frucht des Geheimnisses:<\/strong><br><br><strong>LIEBE ZU MARIA!<\/strong><br><br>Maria stirbt aus Liebe, wie sie gelebt hat;<br>wie gelebt, so gestorben!<br>Sie tr\u00f6stet die zur\u00fcckbleibenden Apostel,<br>segnet sie und vespricht ihnen ihr Gebet<br>und ihren Schutz vom Himmel her.<br>Auch f\u00fcr dich tut sie dasselbe;<br>erweitere deswegen dein Herz durch ein heiliges Vertrauen.<br>Sie spricht zu dir mit inniger Liebe:<br>Mein Kind f\u00fcrchte nichts, ich bin deine Mutter,<br>ich gehe in den Himmel, um dir eine Wohnung zu bereiten!<br>Welch ein Trost!<br>Maria ist meine g\u00fctige und m\u00e4chtige Mutter im Himmel,<br>sie kennt meine Leiden, mein Elend und will es lindern.<br>O liebe diese Mutter!<br><br>Wir opfern Dir auf, Herr Jesus Christus, diesen vierzehnten Zehner<br>zu Ehren der Auferstehung und glorreichen Aufnahme<br>Deiner heiligsten Mutter in den Himmel;<br>wir bitten Dich durch dieses Geheimnis<br>und die F\u00fcrbitte Mari\u00e4 um eine zarte Andacht zu dieser guten Mutter.<br>Amen<br><br>Vater unser&#8230; 10 Gegr\u00fc\u00dfet seist Du, Maria&#8230;Ehre sei dem Vater&#8230;<br><br>Durch das Geheimnis der Aufnahme Mari\u00e4 in den Himmel steige herab,<br>o Heiliger Geist, in unsere Seelen. Amen.<\/p>\n\n\n\n<p><strong>15. Geheimnis:<br><br>Jesus, der dich o Jungfrau im Himmel gekr\u00f6nt hat!<br><br>Kr\u00f6nung Mari\u00e4. &#8211; Frucht des Geheimnisses:<\/strong><br><br><strong>BEHARRLICHKEIT IN DER GNADE: DIE KR\u00d6NUNG MIT DER GLORIE!<\/strong><br><br>Welcher Triumphzug Mari\u00e4 in den Himmel,<br>wo sie gekr\u00f6nt wird! Von welcher Freude<br>und Herrlichkeit ist Maria \u00fcberstr\u00f6mt,<br>da sie den Platz neben der heiligsten Dreifaltigkeit<br>auf einem herrlichen Thron einnimmt und gekr\u00f6nt wird<br>als die geliebteste Tochter des Vaters,<br>die bewunderungssw\u00fcrdige Mutter des Sohnes,<br>als die getreueste Braut des HeiligenGeistes!<br>Welchen Grad von Seligkeit besitzt sie!<br>Begl\u00fcckw\u00fcnschen wir im Verein mit allen Seligen unsre gute Mutter,<br>die auch die K\u00f6nigin des Weltalls ist,<br>und bringen wir ihr unsere stete Huldigung dar!<br>Beten wir oft das Salve Regina mit Andacht.<br>Maria m\u00f6ge ihre barmherzigen Augen auf uns ins Tr\u00e4nental richten,<br>nach dieser Verbannung die Pforte des Himmels f\u00fcr uns sein<br>und uns Jesus zeigen, die gebenedeite Frucht ihres Leibes!<br>Wie ein Hirsch nach der Quelle, so seufzt meine Seele nach Dir,<br>o allerseligste Jungfrau und K\u00f6nigin.<br><br>Wir opfern Dir auf, Herr Jesus Christus, diesen f\u00fcnfzehnten Zehner<br>zu Ehren der Kr\u00f6nung Deiner heiligsten Mutter;<br>wir bitten Dich durch dieses Geheimnis und die F\u00fcrbitte Mari\u00e4<br>um die Gnade der Beharrlichkeit und um die Krone der Glorie.<br>Amen.<br><br>Vater unser&#8230;10 Gegr\u00fc\u00dfet seist Du, Maria&#8230;Ehre sei dem Vater&#8230;<br><br>Durch das Geheimnis der glorreichen Kr\u00f6nung Mari\u00e4 steige herab,<br>o Heiliger Geist, in unsere Seelen. Amen<\/p>\n","protected":false},"excerpt":{"rendered":"<p>Wie beginnen wir den Tag beim Aufwachen\u2026Kreuzzeichen!Danke Vater, danke Jesus, dank sei Dir Heiliger Geist,dank sei Dir Mutter, dank sei Dir heiliger Josef,dank sei Dir lieber Schutzengel, dank sei Dir heiliger Namenspatron,dank sei allen Engel und Heiligen,dank sei dem ganzen &hellip; <a href=\"https:\/\/ecclesiae.de\/blog\/?page_id=10647\">Weiterlesen <span class=\"meta-nav\">&rarr;<\/span><\/a><\/p>\n","protected":false},"author":3,"featured_media":0,"parent":10364,"menu_order":0,"comment_status":"closed","ping_status":"closed","template":"","meta":{"footnotes":""},"class_list":["post-10647","page","type-page","status-publish","hentry"],"_links":{"self":[{"href":"https:\/\/ecclesiae.de\/blog\/index.php?rest_route=\/wp\/v2\/pages\/10647","targetHints":{"allow":["GET"]}}],"collection":[{"href":"https:\/\/ecclesiae.de\/blog\/index.php?rest_route=\/wp\/v2\/pages"}],"about":[{"href":"https:\/\/ecclesiae.de\/blog\/index.php?rest_route=\/wp\/v2\/types\/page"}],"author":[{"embeddable":true,"href":"https:\/\/ecclesiae.de\/blog\/index.php?rest_route=\/wp\/v2\/users\/3"}],"replies":[{"embeddable":true,"href":"https:\/\/ecclesiae.de\/blog\/index.php?rest_route=%2Fwp%2Fv2%2Fcomments&post=10647"}],"version-history":[{"count":1,"href":"https:\/\/ecclesiae.de\/blog\/index.php?rest_route=\/wp\/v2\/pages\/10647\/revisions"}],"predecessor-version":[{"id":10648,"href":"https:\/\/ecclesiae.de\/blog\/index.php?rest_route=\/wp\/v2\/pages\/10647\/revisions\/10648"}],"up":[{"embeddable":true,"href":"https:\/\/ecclesiae.de\/blog\/index.php?rest_route=\/wp\/v2\/pages\/10364"}],"wp:attachment":[{"href":"https:\/\/ecclesiae.de\/blog\/index.php?rest_route=%2Fwp%2Fv2%2Fmedia&parent=10647"}],"curies":[{"name":"wp","href":"https:\/\/api.w.org\/{rel}","templated":true}]}}