{"id":10649,"date":"2022-07-23T12:14:37","date_gmt":"2022-07-23T12:14:37","guid":{"rendered":"http:\/\/ecclesiae.de\/blog\/?page_id=10649"},"modified":"2022-07-23T12:17:30","modified_gmt":"2022-07-23T12:17:30","slug":"gnadenoel-der-oase-der-unbefleckten","status":"publish","type":"page","link":"https:\/\/ecclesiae.de\/blog\/?page_id=10649","title":{"rendered":"Gnaden\u00f6l der Oase der Unbefleckten"},"content":{"rendered":"\n<p>Anleitung, um das Gnaden\u00f6l zu vermehren<br>Kaltgepresstes Oliven\u00f6l verwenden, das zuerst vom Priester geweiht wurde. Dann sollen folgende Gebete gesprochen werden:<br>Beginne mit dem Gebet: &#8222;<a rel=\"noreferrer noopener\" href=\"http:\/\/fjm-ritter.de\/Aktuell\/wp-content\/uploads\/2014\/04\/Mein-Gott-ich-glaube.jpg\" target=\"_blank\">Mein Gott ich glaube<\/a>&#8220; &#8230; die folgende <a rel=\"noreferrer noopener\" href=\"http:\/\/FJM-Ritter.info\/Audio\/BOX\/Dankgebet-fuer-das-Gnadenoel.mp3\" target=\"_blank\">Andacht auf Audio<\/a> &#8230;<br>1 x Glaubensbekenntnis<br>7 x Vater unser &#8230;<br>7 x Ave Maria &#8230;<br>7 x Ehre sei dem Vater &#8230;<br>7 x Erzengel Michael (mit dem Zusatz: und binde sie zeitlich und ewiglich. Amen.) (s.Info (40) S.8)<br>7 x K\u00f6nigin der Heerscharen&#8230; (\u201e)<br><br>Dann gibt man pro Flasche neun Tropfen des Gnaden\u00f6ls hinzu.<br>Die Segnung: \u201eAuf F\u00fcrsprache aller Engel und Heiligen, des ganzen himmlischen Hofstaates und der Armen Seelen im Fegefeuer; auf die F\u00fcrsprache Mariens, der Unbefleckten Empf\u00e4ngnis, zu Ehren der Hl. Wunden und des kostbaren Blutes Jesu Christi, segne dich (bzw. Hab und Gut), der Dreifaltige Gott: der Vater + der Sohn + der Heilige Geist +<br>Auf Hab und Gut eine Stelle w\u00e4hlen und drei Kreuze machen mit dem Gnaden\u00f6l.<br>Bei Personen: je ein Kreuzzeichen auf Stirn, Mund, Halsschlagader (Herz) und beide Handfl\u00e4chen!<\/p>\n\n\n\n<p>Mehr auf R\u00fcckfrage!<\/p>\n\n\n\n<p>Das \u00d6l darf \/ wird nur kostenlos weiter gegeben! Der Herr sagt: \u201eumsonst hab Ich gegeben; so gib auch du umsonst!<\/p>\n\n\n\n<p>Hl. Erzengel Michael, verteidige uns im Kampf! Gegen die Bosheit und Arglist des Teufels, sei unser Schutz! &#8222;Gott gebiete ihm!&#8220;, so bitten wir flehentlich. Du aber, F\u00fcrst der himmlischen Heerscharen, st\u00fcrze den Satan und die anderen b\u00f6sen Geister, die zum Verderben die Welt durchstreifen, in der Kraft Gottes hinab in die H\u00f6lle.<br>[Privater Zusatz!!! Bitte nur in Privatandachten beten: <strong>&#8230;und binde sie zeitlich und ewiglich.* Amen.<\/strong>]<\/p>\n\n\n\n<p>K\u00f6nigin der Heerscharen<\/p>\n\n\n\n<p>Erhabne K\u00f6nigin des Himmels, Herrin der Engel! Du hast von Gott die Macht und den Auftrag erhalten, dem Satan den Kopf zu zertreten. In Demut bitten wir Dich: Sende die himmlischen Heerscharen aus!<br>Unter Deiner Leitung sollen die den Kampf aufnehmen mit den b\u00f6sen Geistern, sollen \u00fcberall streiten wider sie, sollen ihren \u00dcbermut brechen und sie in den Abgrund st\u00fcrzen.<br>Wer ist wie Gott?<br>Liebevolle Mutter, Du sollst stets der Gegenstand unserer Liebe und unserer Hoffnung sein.<br>Mutter Gottes, sende die heiligen Engel! Sie sollen uns sch\u00fctzen und den b\u00f6sen Feind weit von uns vertreiben.<br>Ihr heiligen Engel und Erzengel, sch\u00fctzet und beh\u00fctet uns!<br>Heilige Maria, komm zu Hilfe den Armen, richte auf die Kleinm\u00fctigen, tr\u00f6ste die Betr\u00fcbten, bitte f\u00fcr das Volk, flehe f\u00fcr die Priester, tritt ein f\u00fcr die gottgeweihten Frauen! Lass alle Deine Hilfe erfahren, die Dein heiliges Ged\u00e4chtnis begehen! Amen.<\/p>\n\n\n\n<p>Im Herbst 2001 fand ich ein Bild<\/p>\n\n\n\n<div class=\"wp-block-media-text alignwide is-stacked-on-mobile\"><figure class=\"wp-block-media-text__media\"><img loading=\"lazy\" decoding=\"async\" width=\"419\" height=\"582\" src=\"https:\/\/ecclesiae.de\/blog\/wp-content\/uploads\/2022\/07\/hlfamilie.jpg\" alt=\"\" class=\"wp-image-10650 size-full\" srcset=\"https:\/\/ecclesiae.de\/blog\/wp-content\/uploads\/2022\/07\/hlfamilie.jpg 419w, https:\/\/ecclesiae.de\/blog\/wp-content\/uploads\/2022\/07\/hlfamilie-216x300.jpg 216w\" sizes=\"auto, (max-width: 419px) 100vw, 419px\" \/><\/figure><div class=\"wp-block-media-text__content\">\n<p><\/p>\n<\/div><\/div>\n\n\n\n<p><a href=\"http:\/\/br-thomas-apostolat.de\/jpg\/hlfamilie.jpg\"><\/a><br>(Die Heilige Familie &#8211; nur ein Auszug!!!)<\/p>\n\n\n\n<p>&#8230;im W\u00e4ldchen meiner geistigen Mutter. Die Familie feierte fr\u00fcher auf dem Grundst\u00fcck ihre Familienpartys. Mit dem Tod des Ehegatten lag alles brach und &#8222;Lausbuben&#8220; haben sich darinnen ausgelassen.<br>Ich las es auf und die geistige Mama erlaubte es mir mitzunehmen. Nachdem es getrocknet und gegl\u00e4ttet war, hab ichs eingerahmt und stellte es in meine Gebetskapelle.<\/p>\n\n\n\n<p>Im Juni 2002 gab sie mir eine Herz-Jesu-Statue und einen Strau\u00df Rosen.<\/p>\n\n\n\n<p>Diese teilte ich auf und stellte einen Teil an das Gnadenbild &#8211; den Rest zum Herz Jesu.<\/p>\n\n\n\n<p>Mit der Zeit verwelkten die Blumen, bis auf eine &#8211; bei der Hl. Familie. An einem Rosenbl\u00fctenblatt setzte sich eine Fl\u00fcssigkeit ab. WIr beobachteten dies eine Zeit und dann fing ich diese Fl\u00fcssigkeit in ein Gl\u00e4schen auf und stellte es in mein Regal. Als ich es vom Bl\u00fctenblatt aufnahm, stellten wir gemeinsam (also unter Zeugen) fest, dass es \u00d6l ist. Wie es an diese Rose kam, konnte sich keiner erkl\u00e4ren.<br>3\/4 Jahr sp\u00e4ter hatte ich im Herzen mit diesem \u00d6l die Chrisam-Messe (Bischofsmesse\/Gr\u00fcndonnerstag) mitzufeiern. Ich sagte, da muss meine geistige Mama Zeit und den Wunsch haben. Und so kam es auch. Also fuhren wir nach M\u00fcnster in den Dom. Ich bat meinen Schutzengel es den anderen \u00d6len beizuf\u00fcgen und die Weihe vom Bischof zu empfangen.<\/p>\n\n\n\n<p>Auf der Heimfahrt empfing ich das Wort, wozu es mir anvertraut wurde: <strong>Um das \u00dcbel dieser Zeit herauszuwaschen!<\/strong><\/p>\n\n\n\n<p>Es brachte inzwischen in vielen H\u00e4usern, bei vielen Familien und Einzelpersonen Hilfe, Heilung und Segen.<\/p>\n\n\n\n<hr class=\"wp-block-separator has-alpha-channel-opacity\"\/>\n\n\n\n<p><strong>Ich halte fest<\/strong>:<\/p>\n\n\n\n<ul class=\"wp-block-list\"><li>Es ist <strong>KEIN<\/strong> Chrisam &#8211; sondern priesterlich geweihtes, kaltgepresstes Oliven\u00f6l<\/li><li>Es ersetzt <strong>NICHT<\/strong> die sakramentale Beichte &#8211; sondern f\u00f6rdert sie.<\/li><li><strong>Die uns gemeldeten Heilungen <\/strong>etc. sind <strong>keine<\/strong> Ergebnisse von <em>Br. Johannes-Marcus<\/em> &#8211; das \u00d6l ist auch <strong>kein<\/strong> Wunderheilmittel o.\u00e4. sondern unmittelbar und ausschlie\u00dflich ein Gnadengeschenk &#8211; Hilfsmittel von Jesus Christus und Seiner \/ unserer Mutter Maria, der Unbefleckten Empf\u00e4ngnis, uns \/ mir anvertraut. Allein auf <strong><em>ihre<\/em><\/strong> F\u00fcrsprache hin, und durch das Leiden, die Wunden und das kostbare Blut Jesu Christi, werden den Menschen, die das Gnaden\u00f6l gl\u00e4ubig gebrauchen, sich und andere segnen, besondere Gnaden zuteil. Wer nicht glaubt, erf\u00e4hrt auch keine Gnade!<\/li><li>Das \u00d6l ist unverk\u00e4uflich &#8211; es wird einmalig an jeden verschenkt und es darf gerne vermehrt werden, gem\u00e4\u00df der Anleitung und man darf es auch nicht verkaufen. Dies wird ausdr\u00fccklich jedem untersagt!<\/li><\/ul>\n\n\n\n<p>M\u00f6ge Jesus, Maria und Josef allen Menschen, die das Gnaden\u00f6l gl\u00e4ubig nutzen, Segen geben; von allem B\u00f6sen &#8211; von allen falschen Bindungen befreien. Nichts f\u00fcr mich, alles f\u00fcr Jesus, Maria und Josef &#8211; die Heilige Familie; f\u00fcr alle Armen Seelen im Fegefeuer<\/p>\n","protected":false},"excerpt":{"rendered":"<p>Anleitung, um das Gnaden\u00f6l zu vermehrenKaltgepresstes Oliven\u00f6l verwenden, das zuerst vom Priester geweiht wurde. Dann sollen folgende Gebete gesprochen werden:Beginne mit dem Gebet: &#8222;Mein Gott ich glaube&#8220; &#8230; die folgende Andacht auf Audio &#8230;1 x Glaubensbekenntnis7 x Vater unser &#8230;7 &hellip; <a href=\"https:\/\/ecclesiae.de\/blog\/?page_id=10649\">Weiterlesen <span class=\"meta-nav\">&rarr;<\/span><\/a><\/p>\n","protected":false},"author":3,"featured_media":0,"parent":10545,"menu_order":0,"comment_status":"closed","ping_status":"closed","template":"","meta":{"footnotes":""},"class_list":["post-10649","page","type-page","status-publish","hentry"],"_links":{"self":[{"href":"https:\/\/ecclesiae.de\/blog\/index.php?rest_route=\/wp\/v2\/pages\/10649","targetHints":{"allow":["GET"]}}],"collection":[{"href":"https:\/\/ecclesiae.de\/blog\/index.php?rest_route=\/wp\/v2\/pages"}],"about":[{"href":"https:\/\/ecclesiae.de\/blog\/index.php?rest_route=\/wp\/v2\/types\/page"}],"author":[{"embeddable":true,"href":"https:\/\/ecclesiae.de\/blog\/index.php?rest_route=\/wp\/v2\/users\/3"}],"replies":[{"embeddable":true,"href":"https:\/\/ecclesiae.de\/blog\/index.php?rest_route=%2Fwp%2Fv2%2Fcomments&post=10649"}],"version-history":[{"count":2,"href":"https:\/\/ecclesiae.de\/blog\/index.php?rest_route=\/wp\/v2\/pages\/10649\/revisions"}],"predecessor-version":[{"id":10652,"href":"https:\/\/ecclesiae.de\/blog\/index.php?rest_route=\/wp\/v2\/pages\/10649\/revisions\/10652"}],"up":[{"embeddable":true,"href":"https:\/\/ecclesiae.de\/blog\/index.php?rest_route=\/wp\/v2\/pages\/10545"}],"wp:attachment":[{"href":"https:\/\/ecclesiae.de\/blog\/index.php?rest_route=%2Fwp%2Fv2%2Fmedia&parent=10649"}],"curies":[{"name":"wp","href":"https:\/\/api.w.org\/{rel}","templated":true}]}}