{"id":10653,"date":"2022-07-23T12:21:24","date_gmt":"2022-07-23T12:21:24","guid":{"rendered":"http:\/\/ecclesiae.de\/blog\/?page_id=10653"},"modified":"2022-07-23T12:21:24","modified_gmt":"2022-07-23T12:21:24","slug":"gebet-zum-hl-johannes-dem-taeufer","status":"publish","type":"page","link":"https:\/\/ecclesiae.de\/blog\/?page_id=10653","title":{"rendered":"Gebet zum hl. Johannes dem T\u00e4ufer"},"content":{"rendered":"\n<p><br>Ehrfurcht und Bewunderung erf\u00fcllet mich,<br>wenn ich an deine besonderen Vorz\u00fcge,<br>an deinen hocherhabenen Beruf<br>an deine gro\u00dfe Heiligkeit<br>und an deinen glorreichen Tod denke.<br>Du wurdest von dem Herrn geheiligt,<br>noch ehe du geboren warst<br>und f\u00fchrtest vor deiner fr\u00fchesten Jugend an<br>ein makelloses Leben, fern von dem Ger\u00e4usche,<br>und von der Verf\u00fchrung der Welt,<br>dich aufhaltend in der W\u00fcste.<br>Erflehe mir von Jesus die Gnade,<br>da\u00df er meine S\u00fcnden hinwegnehme<br>und mir die Reinheit des Herzens verleihe,<br>da\u00df ich die Welt fliehe und die Gefahren,<br>welche sie mir bereitet, f\u00fcrchte<br>und denselben gl\u00fccklich entgehe.<br><br>Mit kirchlicher Druckerlaubnis<\/p>\n","protected":false},"excerpt":{"rendered":"<p>Ehrfurcht und Bewunderung erf\u00fcllet mich,wenn ich an deine besonderen Vorz\u00fcge,an deinen hocherhabenen Berufan deine gro\u00dfe Heiligkeitund an deinen glorreichen Tod denke.Du wurdest von dem Herrn geheiligt,noch ehe du geboren warstund f\u00fchrtest vor deiner fr\u00fchesten Jugend anein makelloses Leben, fern von &hellip; <a href=\"https:\/\/ecclesiae.de\/blog\/?page_id=10653\">Weiterlesen <span class=\"meta-nav\">&rarr;<\/span><\/a><\/p>\n","protected":false},"author":3,"featured_media":0,"parent":10545,"menu_order":0,"comment_status":"closed","ping_status":"closed","template":"","meta":{"footnotes":""},"class_list":["post-10653","page","type-page","status-publish","hentry"],"_links":{"self":[{"href":"https:\/\/ecclesiae.de\/blog\/index.php?rest_route=\/wp\/v2\/pages\/10653","targetHints":{"allow":["GET"]}}],"collection":[{"href":"https:\/\/ecclesiae.de\/blog\/index.php?rest_route=\/wp\/v2\/pages"}],"about":[{"href":"https:\/\/ecclesiae.de\/blog\/index.php?rest_route=\/wp\/v2\/types\/page"}],"author":[{"embeddable":true,"href":"https:\/\/ecclesiae.de\/blog\/index.php?rest_route=\/wp\/v2\/users\/3"}],"replies":[{"embeddable":true,"href":"https:\/\/ecclesiae.de\/blog\/index.php?rest_route=%2Fwp%2Fv2%2Fcomments&post=10653"}],"version-history":[{"count":1,"href":"https:\/\/ecclesiae.de\/blog\/index.php?rest_route=\/wp\/v2\/pages\/10653\/revisions"}],"predecessor-version":[{"id":10654,"href":"https:\/\/ecclesiae.de\/blog\/index.php?rest_route=\/wp\/v2\/pages\/10653\/revisions\/10654"}],"up":[{"embeddable":true,"href":"https:\/\/ecclesiae.de\/blog\/index.php?rest_route=\/wp\/v2\/pages\/10545"}],"wp:attachment":[{"href":"https:\/\/ecclesiae.de\/blog\/index.php?rest_route=%2Fwp%2Fv2%2Fmedia&parent=10653"}],"curies":[{"name":"wp","href":"https:\/\/api.w.org\/{rel}","templated":true}]}}