{"id":10667,"date":"2022-07-23T12:34:02","date_gmt":"2022-07-23T12:34:02","guid":{"rendered":"http:\/\/ecclesiae.de\/blog\/?page_id=10667"},"modified":"2022-07-23T12:34:02","modified_gmt":"2022-07-23T12:34:02","slug":"litanei-zum-goettlichen-willen-2","status":"publish","type":"page","link":"https:\/\/ecclesiae.de\/blog\/?page_id=10667","title":{"rendered":"Litanei zum G\u00f6ttlichen Willen"},"content":{"rendered":"\n<figure class=\"wp-block-table\"><table><tbody><tr><td><br>In unserem Verstand, \u00a0 \u00a0 \u00a0 \u00a0 \u00a0 \u00a0 \u00a0 \u00a0 \u00a0 A: Geschehe Dein Wille<br>in unserem Herz, \u00a0 \u00a0 \u00a0 \u00a0 \u00a0 \u00a0 \u00a0 \u00a0 \u00a0 \u00a0 \u00a0 \u00a0 \u00a0A: Geschehe Dein Wille<br>in unseren \u00a0Gliedern, \u00a0 \u00a0 \u00a0 \u00a0 \u00a0 \u00a0 \u00a0 \u00a0 \u00a0 \u00a0 \u00a0 \u00a0 \u00a0 \u00a0 \u00a0 \u00a0 &#8222;<br>in unseren Gedanken,<br>in unseren Gem\u00fctsbewegungen,<br>in unseren Schritten,<br>in unseren Schwierigkeiten,<br>in unseren Leiden,<br>in unseren Schmerzen,<br>in unserem Fleisch,<br>in unserem Blut,<br>in unsere Seele,<br>in unserem Geist,<br>in unseren Familien,<br>in unseren Kindern,<br>in unserer Liebe unter uns,<br>in unseren H\u00e4usern,<br>in den Dingen, die uns umgeben,<br>in unserer Beziehung mit den Gesch\u00f6pfen,<br>in unserer Beziehung mit der Sch\u00f6pfung,<br>auf unserem Planeten und im Universum,<br>wie im Himmel so auf Erden,<br>in jedem Fleisch und in jedem erschaffenen Geist,<br>in uns, Kindern des G\u00f6ttlichen Willens,<br>in unserem Gebet,<br>in der Anbetung, im Lobpreis,<br>im Atem und im Leben,<br>jetzt und in alle Ewigkeit, Herr.<br><br>(Quelle unbekannt)<\/td><\/tr><tr><td><\/td><\/tr><\/tbody><\/table><\/figure>\n","protected":false},"excerpt":{"rendered":"<p>In unserem Verstand, \u00a0 \u00a0 \u00a0 \u00a0 \u00a0 \u00a0 \u00a0 \u00a0 \u00a0 A: Geschehe Dein Willein unserem Herz, \u00a0 \u00a0 \u00a0 \u00a0 \u00a0 \u00a0 \u00a0 \u00a0 \u00a0 \u00a0 \u00a0 \u00a0 \u00a0A: Geschehe Dein Willein unseren \u00a0Gliedern, \u00a0 \u00a0 \u00a0 \u00a0 &hellip; <a href=\"https:\/\/ecclesiae.de\/blog\/?page_id=10667\">Weiterlesen <span class=\"meta-nav\">&rarr;<\/span><\/a><\/p>\n","protected":false},"author":3,"featured_media":0,"parent":10496,"menu_order":0,"comment_status":"closed","ping_status":"closed","template":"","meta":{"footnotes":""},"class_list":["post-10667","page","type-page","status-publish","hentry"],"_links":{"self":[{"href":"https:\/\/ecclesiae.de\/blog\/index.php?rest_route=\/wp\/v2\/pages\/10667","targetHints":{"allow":["GET"]}}],"collection":[{"href":"https:\/\/ecclesiae.de\/blog\/index.php?rest_route=\/wp\/v2\/pages"}],"about":[{"href":"https:\/\/ecclesiae.de\/blog\/index.php?rest_route=\/wp\/v2\/types\/page"}],"author":[{"embeddable":true,"href":"https:\/\/ecclesiae.de\/blog\/index.php?rest_route=\/wp\/v2\/users\/3"}],"replies":[{"embeddable":true,"href":"https:\/\/ecclesiae.de\/blog\/index.php?rest_route=%2Fwp%2Fv2%2Fcomments&post=10667"}],"version-history":[{"count":1,"href":"https:\/\/ecclesiae.de\/blog\/index.php?rest_route=\/wp\/v2\/pages\/10667\/revisions"}],"predecessor-version":[{"id":10668,"href":"https:\/\/ecclesiae.de\/blog\/index.php?rest_route=\/wp\/v2\/pages\/10667\/revisions\/10668"}],"up":[{"embeddable":true,"href":"https:\/\/ecclesiae.de\/blog\/index.php?rest_route=\/wp\/v2\/pages\/10496"}],"wp:attachment":[{"href":"https:\/\/ecclesiae.de\/blog\/index.php?rest_route=%2Fwp%2Fv2%2Fmedia&parent=10667"}],"curies":[{"name":"wp","href":"https:\/\/api.w.org\/{rel}","templated":true}]}}