{"id":10674,"date":"2022-07-23T12:39:04","date_gmt":"2022-07-23T12:39:04","guid":{"rendered":"http:\/\/ecclesiae.de\/blog\/?page_id=10674"},"modified":"2022-07-23T12:39:04","modified_gmt":"2022-07-23T12:39:04","slug":"drogenrosenkranz","status":"publish","type":"page","link":"https:\/\/ecclesiae.de\/blog\/?page_id=10674","title":{"rendered":"Drogenrosenkranz"},"content":{"rendered":"\n<p><strong>Gebete f\u00fcr die Abh\u00e4ngigen und mit den Abh\u00e4ngigen<\/strong><\/p>\n\n\n\n<p>Einleitung:<\/p>\n\n\n\n<p>Gott, mein allm\u00e4chtiger Sch\u00f6pfer! Du hast mich aus Liebe erschaffen. Du hast mir das Leben und die Gaben geschenkt, damit ich Dir durch sie in meinen Br\u00fcdern, den Menschen, diene. Du hast mir die Gabe der Freiheit und Liebe gegeben. Ich danke Dir!<br>Heute wende ich mich Dir zu, meinem Vater, durch Deinen Sohn Jesus, in meinem Namen und im Namen aller, die die Freiheit und die F\u00e4higkeit verloren haben, Dich und die anderen zu lieben. Ich wende mich Dir aus meiner Versklavung zu, in die ich durch die Droge geraten bin. Sie hat von meinem Herzen, meinen Gedanken und meinen Gef\u00fchlen Besitz ergriffen, sie hat mich unf\u00e4hig gemacht, richtig zu denken und richtige Entscheidungen zu treffen. Sie hat mich zum B\u00f6sen, zur S\u00fcnde, zum Stehlen und zur Gewalt verleitet. Sie hat mich von Dir und den anderen entfernt. Ich wei\u00df aber, dass Du auf mich wartest und dass Du Dich \u00fcber meine R\u00fcckkehr freust, wie der barmherzige Vater sich \u00fcber die R\u00fcckkehr seines verlorenen Sohnes gefreut hat.<br>Sende mir Deinen Heiligen Geist, damit Er in mir betet und mich befreit und mir die Gaben der Andacht, der St\u00e4rke, der Weisheit, des Verstandes und der Liebe gibt.<br>Maria, Mutter, ich danke Dir, weil auch Du mir nahe warst wenn ich weder Dir noch meiner leiblichen Mutter nahe war und weil Du mir helfen wirst, mich v\u00f6llig zu befreien und in das Heim meines Vaters zur\u00fcckzukehren.<\/p>\n\n\n\n<p>Die Schmerzhaften Geheimnisse<\/p>\n\n\n\n<p>Herr Jesus, Du hast Dein Leben f\u00fcr uns hingegeben. Du bist am Kreuz unter schrecklichen Qualen gestorben. Gib mir jetzt die Gnade, mit Dir zu sein, in das Geheimnis Deines Leidens und Deiner Qualen einzutauchen, damit ich mein Kreuz verstehen und annehmen kann und damit alles sich zum Guten und zur Ehre des Vaters wendet, wie auch Dein Leiden und Dein Kreuz sich zu unserem Guten und zur Ehre des Vaters gewendet haben. Du hast gelitten, weil Du geliebt hast, ich aber leide, weil ich keine Liebe habe. Du hast aus freiem Willen gelitten, ich leide aber, weil ich zum Sklaven geworden bin. Indem ich auf Deine Barmherzigkeit vertraue, mache ich mich jetzt mit Dir auf den Weg durch Dein Leiden. Gib mir die Gnade, mit Dir auszuharren, damit ich nicht einschlafe, wie Deine Apostel im Garten von Gethsemane geschlafen haben und damit ich nicht weglaufe, wie sie sich zerstreut haben.<br>Sende mir jetzt Deinen Heiligen Geist, m\u00f6ge er mich im Gebet leiten.<br>Maria, lehre mich Deinem Sohn auch in Augenblicken des Leids und der Qual zu folgen, wie auch Du neben ihm warst und mit ihm gelitten hast.<\/p>\n\n\n\n<p>DAS &nbsp;GLAUBENSBEKENNTNIS<\/p>\n\n\n\n<p>Ich glaube&#8230;<\/p>\n\n\n\n<p>1. Ich danke Dir, Jesus, f\u00fcr Dein Leiden im Garten Gethsemane, f\u00fcr Deine Einsamkeit und Deine ganze Angst und daf\u00fcr, dass Du Blut geschwitzt hast. Ich danke Dir f\u00fcr die Worte: &#8222;Mein Vater, wenn es m\u00f6glich ist, gehe dieser Kelch an mir vor\u00fcber. Aber nicht wie ich will, sondern wie Du willst.&#8220;<br>Du hast Angst und Bedr\u00e4ngnis, Einsamkeit und Verlassenheit erlitten und Du wurdest durch das Einschlafen der Apostel und durch den Verrat von Judas tief gekr\u00e4nkt.<br>Dieses Ges\u00e4tz bete ich f\u00fcr alle Jugendlichen, die in die Droge und andere Abh\u00e4ngigkeiten geraten sind und schreckliche Qualen erleiden. Schaue jetzt auf sie und hilf ihnen, Angst, Bedr\u00e4ngnis, Einsamkeit und alles, was die Abh\u00e4ngigkeit verursacht hat zu \u00fcberwinden. Befreie sie von jedem Schmerz, der durch ihre Abh\u00e4ngigkeit und alle Versuchungen entstanden ist, in die sie geraten sind, wie Gewalt, Diebst\u00e4hle, L\u00fcgen, Betr\u00fcgereien und Willenlosigkeit.<br>M\u00f6gen sie sich der Liebe des Vaters und Seiner Barmherzigkeit \u00f6ffnen und aufh\u00f6ren, sich selbst, ihre Eltern und Dich zu verraten. Gib ihnen wieder den Frieden und die Kraft, allen Versuchungen zu widerstehen.<\/p>\n\n\n\n<p>Vater unser&#8230;10 Gegr\u00fc\u00dfet seist du, Maria&#8230;Ehre sei dem Vater&#8230;O mein Jesus&#8230;<\/p>\n\n\n\n<p>2. Man hat Dich an eine S\u00e4ule im Palast des Pilatus gebunden und gegei\u00dfelt. Das war eine S\u00e4ule der Schande und der Verspottung. Du wurdest an diese S\u00e4ule gebunden. Du hast alles geduldig ertragen.<br>Jetzt bitte ich Dich f\u00fcr alle, die durch die Droge und den Alkohol gebunden sind, die sich selbst gei\u00dfeln und ihre menschliche W\u00fcrde t\u00f6ten, die sowohl sich als auch ihre Familien an die S\u00e4ule der Schande, der Gewalt und des Leidens gebunden haben. Ich opfere Dir alle Wunden in Ihrer Seele auf, alle Wunden in den Seelen ihrer Eltern, damit Du sie heilen kannst. Hilf allen Familien, O Herr, die heute wegen Abh\u00e4ngiger im Haus blutig gegei\u00dfelt werden und gib ihnen Deinen Frieden.<\/p>\n\n\n\n<p>Vater unser&#8230;10 Gegr\u00fc\u00dfet seist du, Maria&#8230;Ehre sei dem Vater&#8230;O mein Jesus&#8230;<\/p>\n\n\n\n<p>3. Sie haben f\u00fcr Dich eine Dornenkrone geflochten und sie auf Dein Haupt gedr\u00fcckt. Sie haben Dich als K\u00f6nig verspottet und Dir das rote Gewand umgelegt, um Dich zu verlachen. Viele Finger haben geholfen, Deine Krone zu flechten und sie Dir auf Dein Haupt zu dr\u00fccken. Du hast auch das geduldig ertragen, Du wurdest gedem\u00fctigt, verlacht, bespuckt und provoziert.<br>Herr, Du kennst alle jene, die heute in der Welt aus dem Wunsch nach Geld Dornenkronen f\u00fcr die Jugendlichen flechten, indem sie ihnen Drogen anbieten und sie auf Irrwege verf\u00fchren. Wie viele Dem\u00fctigungen und Verspottungen erleben sie in ihren Abh\u00e4ngigkeiten &#8211; Du wei\u00dft das.<br>Ich bitte Dich, bekehre jene, die Dornenkronen flechten, die mit dem B\u00f6sen mitarbeiten und soviele Leben zerst\u00f6ren. Gib ihnen die Gnade, sich zu bekehren und aufzuh\u00f6ren, das B\u00f6se zu tun. Schaue auf die Jugend, die in ihren Familien mit dem Dornenkranz der Einsamkeit gekr\u00f6nt sind und so dazu neigen, zu Sklaven der Droge oder des Alkohols zu werden. Befreie sie und gib ihnen die menschliche W\u00fcrde zur\u00fcck!<\/p>\n\n\n\n<p>Vater unser&#8230;10 Gegr\u00fc\u00dfet seist du, Maria&#8230; Ehre sei dem Vater&#8230;O mein Jesus&#8230;<\/p>\n\n\n\n<p>4. Jesus, Du hast Dein Kreuz auf Deine verwundete Schulter genommen und es geduldig auf den Kalvarienberg getragen. Du hast Deinen Kreuzweg f\u00fcr unsere Erl\u00f6sung aufgeopfert. Du hast das schwere Kreuz getragen, um uns zu heilen.<br>Mit diesem Ges\u00e4tz opfere ich Dir all jene auf, die durch das Einnehmen von Drogen und Alkohol ihre geistige, seelische und k\u00f6rperliche Gesundheit zerst\u00f6rt haben und krank geworden sind, die so viel Pflege und Liebe brauchen, jedoch abgewiesen werden, weil sie keiner mehr annimmt. Sie sind verurteilt, ihre Kreuze wieder einsam und von allen abgewiesen zu tragen. Sie wurden zu Opfern ihres eigenen Verhaltens, so dass keiner f\u00fcr sie Mitleid empfindet.<br>Ich bitte Dich, dass Du Dich ihrer erbarmst und sie an Geist und Seele heilst. Sende ihnen Deine Mutter Maria um sie zu tr\u00f6sten, wie sie Dich getr\u00f6stet hat. M\u00f6gen sich gute und mitf\u00fchlende Menschen wie Simon und Veronika finden, die sie annehmen und ihnen helfen werden, die schweren Kreuze zu tragen und entstellte Gesichter abzuwischen.<br>Segne all jene, die das bereits jetzt tun.<\/p>\n\n\n\n<p>Vater unser&#8230;10 Gegr\u00fc\u00dfet seist du, Maria&#8230;Ehre sei dem Vater&#8230; O mein Jesus&#8230;<\/p>\n\n\n\n<p>5. Ich danke Dir, Jesus, f\u00fcr Deinen Tod am Kreuz. Ich danke Dir, weil Du allen verziehen hast und uns Maria als Mutter und uns Ihr als Kinder anvertraut hast.<br>Erbarme Dich aller Opfer der Drogen und des Alkohols und all derer, die an einer \u00dcberdosis gestorben sind. Erbarme Dich auch derer, die die Abh\u00e4ngigen gewaltsam umgebracht haben. M\u00f6ge sie Deine Barmherzigkeit erl\u00f6sen. Gib ihnen den Frieden, den sie in ihren Abh\u00e4ngigkeiten gesucht haben. Da sie alle verurteilen, verurteile Du sie nicht!<br>Sie sind Opfer des B\u00f6sen und der S\u00fcnde, Opfer jener, f\u00fcr die Geld zum Gott geworden ist. Lade alle in Deinen Frieden ein, die jetzt verlassen, vergessen und von allen versto\u00dfen sterben. Sei ihnen in ihren letzten Augenblicken Trost und Kraft.<br>Maria, Du bist zur Mutter von uns allen geworden, nimm Dich jener an, die auf diese Weise das Leben verloren haben. Sei eine F\u00fcrsprecherin f\u00fcr die Toten und ein Trost f\u00fcr die Lebenden.<\/p>\n\n\n\n<p>Vater unser&#8230;10 Gegr\u00fc\u00dfet seist du, Maria&#8230;Ehre sei dem Vater&#8230;O mein Jesus&#8230;<\/p>\n\n\n\n<p>Abschlu\u00dfgebet:<br>Ich danke Dir, Jesus, ich danke Dir, Maria, weil ich diese Zeit mit Euch verbringen konnte. M\u00f6ge mir der Heilige Geist helfen, dass ich, w\u00e4hrend ich \u00fcber Eure Leben nachdenke, Euch immer \u00e4hnlicher werde im Heiligen Geist, der lebt und herrscht in alle Ewigkeit. Amen.<\/p>\n\n\n\n<p>Aus dem Buch: Perlen des verwundeten Herzens<br>von Pater Slavko Barbaric<\/p>\n","protected":false},"excerpt":{"rendered":"<p>Gebete f\u00fcr die Abh\u00e4ngigen und mit den Abh\u00e4ngigen Einleitung: Gott, mein allm\u00e4chtiger Sch\u00f6pfer! Du hast mich aus Liebe erschaffen. Du hast mir das Leben und die Gaben geschenkt, damit ich Dir durch sie in meinen Br\u00fcdern, den Menschen, diene. Du &hellip; <a href=\"https:\/\/ecclesiae.de\/blog\/?page_id=10674\">Weiterlesen <span class=\"meta-nav\">&rarr;<\/span><\/a><\/p>\n","protected":false},"author":3,"featured_media":0,"parent":10364,"menu_order":0,"comment_status":"closed","ping_status":"closed","template":"","meta":{"footnotes":""},"class_list":["post-10674","page","type-page","status-publish","hentry"],"_links":{"self":[{"href":"https:\/\/ecclesiae.de\/blog\/index.php?rest_route=\/wp\/v2\/pages\/10674","targetHints":{"allow":["GET"]}}],"collection":[{"href":"https:\/\/ecclesiae.de\/blog\/index.php?rest_route=\/wp\/v2\/pages"}],"about":[{"href":"https:\/\/ecclesiae.de\/blog\/index.php?rest_route=\/wp\/v2\/types\/page"}],"author":[{"embeddable":true,"href":"https:\/\/ecclesiae.de\/blog\/index.php?rest_route=\/wp\/v2\/users\/3"}],"replies":[{"embeddable":true,"href":"https:\/\/ecclesiae.de\/blog\/index.php?rest_route=%2Fwp%2Fv2%2Fcomments&post=10674"}],"version-history":[{"count":1,"href":"https:\/\/ecclesiae.de\/blog\/index.php?rest_route=\/wp\/v2\/pages\/10674\/revisions"}],"predecessor-version":[{"id":10675,"href":"https:\/\/ecclesiae.de\/blog\/index.php?rest_route=\/wp\/v2\/pages\/10674\/revisions\/10675"}],"up":[{"embeddable":true,"href":"https:\/\/ecclesiae.de\/blog\/index.php?rest_route=\/wp\/v2\/pages\/10364"}],"wp:attachment":[{"href":"https:\/\/ecclesiae.de\/blog\/index.php?rest_route=%2Fwp%2Fv2%2Fmedia&parent=10674"}],"curies":[{"name":"wp","href":"https:\/\/api.w.org\/{rel}","templated":true}]}}