{"id":10676,"date":"2022-07-23T12:40:27","date_gmt":"2022-07-23T12:40:27","guid":{"rendered":"http:\/\/ecclesiae.de\/blog\/?page_id=10676"},"modified":"2022-07-23T12:40:27","modified_gmt":"2022-07-23T12:40:27","slug":"eucharistischer-rosenkranz-vor-dem-tabernakel","status":"publish","type":"page","link":"https:\/\/ecclesiae.de\/blog\/?page_id=10676","title":{"rendered":"Eucharistischer Rosenkranz vor dem Tabernakel"},"content":{"rendered":"\n<p><br>Im Namen des Vaters&#8230;..<br><br>12 mal O Himmelsk\u00f6nigin, wer ist Dir gleich!<br><br>Ehre sei dem Vater&#8230;&#8230;<br><br>Vor jedem Gesetz:<br>Hochgelobt und gehbenedeit sei das Allerheiligste Sakrament des Altars, das kostbare Blut Jesu und die unbefleckte Empf\u00e4ngnis der Jungfrau nun an bis In Ewigkeit<br><br>1) Der tiefbetr\u00fcbt ist im heiligen Tabernakel<br>2) Der aufs neue gegei\u00dfelt wird durch den Undank der Menschen<br>3) Dessen liebevolles Herz von Dornen umwunden wird durch den Stolz, der unbeugsamen Herzen<br>4) Der das schwere Kreuz der Verlassenheit tr\u00e4gt bis zum Ende der Zeiten<br>5) Der aufs neue gekreuzigt wird in der heiligen Hostie unter den fu\u00dfen der Gottlosen<\/p>\n","protected":false},"excerpt":{"rendered":"<p>Im Namen des Vaters&#8230;.. 12 mal O Himmelsk\u00f6nigin, wer ist Dir gleich! Ehre sei dem Vater&#8230;&#8230; Vor jedem Gesetz:Hochgelobt und gehbenedeit sei das Allerheiligste Sakrament des Altars, das kostbare Blut Jesu und die unbefleckte Empf\u00e4ngnis der Jungfrau nun an bis &hellip; <a href=\"https:\/\/ecclesiae.de\/blog\/?page_id=10676\">Weiterlesen <span class=\"meta-nav\">&rarr;<\/span><\/a><\/p>\n","protected":false},"author":3,"featured_media":0,"parent":10364,"menu_order":0,"comment_status":"closed","ping_status":"closed","template":"","meta":{"footnotes":""},"class_list":["post-10676","page","type-page","status-publish","hentry"],"_links":{"self":[{"href":"https:\/\/ecclesiae.de\/blog\/index.php?rest_route=\/wp\/v2\/pages\/10676","targetHints":{"allow":["GET"]}}],"collection":[{"href":"https:\/\/ecclesiae.de\/blog\/index.php?rest_route=\/wp\/v2\/pages"}],"about":[{"href":"https:\/\/ecclesiae.de\/blog\/index.php?rest_route=\/wp\/v2\/types\/page"}],"author":[{"embeddable":true,"href":"https:\/\/ecclesiae.de\/blog\/index.php?rest_route=\/wp\/v2\/users\/3"}],"replies":[{"embeddable":true,"href":"https:\/\/ecclesiae.de\/blog\/index.php?rest_route=%2Fwp%2Fv2%2Fcomments&post=10676"}],"version-history":[{"count":1,"href":"https:\/\/ecclesiae.de\/blog\/index.php?rest_route=\/wp\/v2\/pages\/10676\/revisions"}],"predecessor-version":[{"id":10677,"href":"https:\/\/ecclesiae.de\/blog\/index.php?rest_route=\/wp\/v2\/pages\/10676\/revisions\/10677"}],"up":[{"embeddable":true,"href":"https:\/\/ecclesiae.de\/blog\/index.php?rest_route=\/wp\/v2\/pages\/10364"}],"wp:attachment":[{"href":"https:\/\/ecclesiae.de\/blog\/index.php?rest_route=%2Fwp%2Fv2%2Fmedia&parent=10676"}],"curies":[{"name":"wp","href":"https:\/\/api.w.org\/{rel}","templated":true}]}}