{"id":10680,"date":"2022-07-23T12:42:37","date_gmt":"2022-07-23T12:42:37","guid":{"rendered":"http:\/\/ecclesiae.de\/blog\/?page_id=10680"},"modified":"2022-07-23T12:42:37","modified_gmt":"2022-07-23T12:42:37","slug":"rosenkranz-der-goettlichen-vorsehung","status":"publish","type":"page","link":"https:\/\/ecclesiae.de\/blog\/?page_id=10680","title":{"rendered":"Rosenkranz der g\u00f6ttlichen Vorsehung"},"content":{"rendered":"\n<p>Wir k\u00fcssen das Kreuz und sprechen:<br>\u201eSei gegr\u00fc\u00dft, o heiliges Kreuz,<br>unsere einzige Hoffnung.\u201c<\/p>\n\n\n\n<p>An den gro\u00dfen Perlen: \u201eVater, nicht mein,<br>sondern Dein Wille geschehe!\u201c<\/p>\n\n\n\n<p>An den kleinen Perlen: \u201eVater, nicht wie ich will,<br>sondern wie Du willst!\u201c<\/p>\n\n\n\n<p>Zum Schlu\u00df beten wir an den kleinen Perlen<br>zum Engel, der den Herrn und Heiland<br>tr\u00f6stete: \u201eEngel, du Tr\u00f6ster meines Herrn Jesu Christi,<br>komm auch uns tr\u00f6sten, komme und z\u00f6gere nicht.\u201c<\/p>\n\n\n\n<p>Ein neuer Rosenkranz? O nein! Er ist uralt und im Volke gut bekannt,<br>der Rosenkranz von der g\u00f6ttlichen Vorsehung.<br>Man betet weder das \u201eVater unser\u201c noch das \u201eGegr\u00fc\u00dft seist du Maria\u201c,<br>sondern jene Anrufungen, die der Heiland selbst in<br>seiner gr\u00f6\u00dften Not am \u00d6lberge an Gott richtete.<br>&nbsp; So wissen wir, dass der bekannte Kardinal Massaja aus dem<br>Kapuzinerorden diesen Rosenkranz gerade dann betete, wenn<br>er in schwieriger Lage war, wo sich ihm kein Ausweg und<br>keine Hoffnung zeigte. Dadurch fand er nach dem Vorbild<br>Jesus am \u00d6lberg \u2013 Ruhe, Ergebung und Kraft.<\/p>\n\n\n\n<p>&nbsp; &nbsp;Der gelehrte Kardinal betete die Anrufungen Jesu am<br>\u00d6lberge an seinem Ordensrosenkranz. Auch wir k\u00f6nnen an<br>jedem Rosenkranz die Anrufungen verrichten und zwar in folgender Weise:<br>In den Minuten der Aufregung fasse man seinen Rosenkranz<br>und bete die Anrufungen und dann erst antworte man und handle.<br>Wenn Ungl\u00fcck und Sorgen hereinbrechen und uns in<br>eine schwierige Lage versetzen, wenn wir in unseren Sorgen,<br>in Krankheit und Leid keinen Ausweg mehr wissen, beten<br>wir den Rosenkranz der g\u00f6ttlichen Vorsehung. Wir werden<br>nicht nur vollst\u00e4ndig ruhig und gefasst, wir ergeben uns<br>gerne in Gottes g\u00fctigen Vaterwilllen und erlangen so<br>Klarheit zur Entscheidung und Kraft zum Handeln und Ertragen,<br>denn immer wird es so, wie Gott es will.<br>Und was Gott tut ist wohlgetan.<br>&nbsp; &nbsp; &nbsp;Wenn es and\u00e4chtig in Ergebung gebetet wird, wirkt dieses<br>Gebet Wunder gegen die menschlichen Schwachheit,<br>Hilflosigkeit und Verwirrung der Sinne.<\/p>\n\n\n\n<p>(von einem Gebetszettel)<\/p>\n","protected":false},"excerpt":{"rendered":"<p>Wir k\u00fcssen das Kreuz und sprechen:\u201eSei gegr\u00fc\u00dft, o heiliges Kreuz,unsere einzige Hoffnung.\u201c An den gro\u00dfen Perlen: \u201eVater, nicht mein,sondern Dein Wille geschehe!\u201c An den kleinen Perlen: \u201eVater, nicht wie ich will,sondern wie Du willst!\u201c Zum Schlu\u00df beten wir an den &hellip; <a href=\"https:\/\/ecclesiae.de\/blog\/?page_id=10680\">Weiterlesen <span class=\"meta-nav\">&rarr;<\/span><\/a><\/p>\n","protected":false},"author":3,"featured_media":0,"parent":10364,"menu_order":0,"comment_status":"closed","ping_status":"closed","template":"","meta":{"footnotes":""},"class_list":["post-10680","page","type-page","status-publish","hentry"],"_links":{"self":[{"href":"https:\/\/ecclesiae.de\/blog\/index.php?rest_route=\/wp\/v2\/pages\/10680","targetHints":{"allow":["GET"]}}],"collection":[{"href":"https:\/\/ecclesiae.de\/blog\/index.php?rest_route=\/wp\/v2\/pages"}],"about":[{"href":"https:\/\/ecclesiae.de\/blog\/index.php?rest_route=\/wp\/v2\/types\/page"}],"author":[{"embeddable":true,"href":"https:\/\/ecclesiae.de\/blog\/index.php?rest_route=\/wp\/v2\/users\/3"}],"replies":[{"embeddable":true,"href":"https:\/\/ecclesiae.de\/blog\/index.php?rest_route=%2Fwp%2Fv2%2Fcomments&post=10680"}],"version-history":[{"count":1,"href":"https:\/\/ecclesiae.de\/blog\/index.php?rest_route=\/wp\/v2\/pages\/10680\/revisions"}],"predecessor-version":[{"id":10681,"href":"https:\/\/ecclesiae.de\/blog\/index.php?rest_route=\/wp\/v2\/pages\/10680\/revisions\/10681"}],"up":[{"embeddable":true,"href":"https:\/\/ecclesiae.de\/blog\/index.php?rest_route=\/wp\/v2\/pages\/10364"}],"wp:attachment":[{"href":"https:\/\/ecclesiae.de\/blog\/index.php?rest_route=%2Fwp%2Fv2%2Fmedia&parent=10680"}],"curies":[{"name":"wp","href":"https:\/\/api.w.org\/{rel}","templated":true}]}}