{"id":10682,"date":"2022-07-23T12:43:55","date_gmt":"2022-07-23T12:43:55","guid":{"rendered":"http:\/\/ecclesiae.de\/blog\/?page_id=10682"},"modified":"2022-07-23T12:43:55","modified_gmt":"2022-07-23T12:43:55","slug":"herz-jesu-rosenkranz","status":"publish","type":"page","link":"https:\/\/ecclesiae.de\/blog\/?page_id=10682","title":{"rendered":"HERZ-JESU-ROSENKRANZ"},"content":{"rendered":"\n<p>Nach jedem Ehre sei&#8230; f\u00fcgt man l mal folgenden Lobspruch ein:<\/p>\n\n\n\n<p>Erkannt, geliebt, gelobt, gepriesen, verehrt und verherrlicht sei das g\u00f6ttliche Herz Jesu und das Unbefleckte Herz Marions. Herz Maria, ganz durchbohrt von Schmerzen, entz\u00fcnde der Liebe Glut in unseren Herzen.<\/p>\n\n\n\n<p>1.&nbsp; &nbsp;Jesus, aus dessen heiligstem Herzen alle Gnaden flie\u00dfen, erbarme dich unser und rette uns.<\/p>\n\n\n\n<p>2.&nbsp; &nbsp;Jesus, auf dessen g\u00fctigstes Herz wir unser ganzes Vertrauen setzen, erbarme dich unser und rette uns.<\/p>\n\n\n\n<p>3.&nbsp; &nbsp;Jesus, dessen allm\u00e4chtiges Herz des Feindes Macht und List zerbricht, erbarme dich unser und rette uns.<\/p>\n\n\n\n<p>4.&nbsp; &nbsp;Jesus, dessen g\u00f6ttliches Herz verdient, unendlich geliebt zu werden, erbarme dich unser und rette uns.<\/p>\n\n\n\n<p>5.&nbsp; &nbsp;Jesus, dessen getreues Herz aus Liebe zu uns mit einer Lanze durchbohrt worden ist, erbarme dich unser und rette uns.<\/p>\n\n\n\n<p>Aus dem Gebetsbuch Der Schl\u00fcssel zu den Sch\u00e4tzen Gottes &nbsp; ( Parvis- Verlag )<\/p>\n\n\n\n<p><strong>VERHEISSUNGEN<br>DES G\u00d6TTLICHEN HEILANDS F\u00dcR DIE VEREHRER SEINES HEILIGSTEN HERZENS<\/strong><\/p>\n\n\n\n<p>1.&nbsp; Ich werde ihnen alle ihrem Stande n\u00f6tigen Gnaden geben.<br><br>2.&nbsp; Ich werde Frieden in ihren Familien stiften.<\/p>\n\n\n\n<p>3.&nbsp; Ich werde sie in ihrem Leid tr\u00f6sten.<\/p>\n\n\n\n<p>4.&nbsp; Ich werde ihre sichere Zuflucht im Leben sein und besonders bei ihrem &nbsp; &nbsp; Tode.<\/p>\n\n\n\n<p>5.&nbsp; Ich werde allen ihren Unternehmungen reichen Segen spenden.<\/p>\n\n\n\n<p>6.&nbsp; Die S\u00fcnder werden in meinem Herzen eine unersch\u00f6pfliche Quelle der Barmherzigkeit finden.<\/p>\n\n\n\n<p>7.&nbsp; Die lauen Seelen werden eifrig werden.<\/p>\n\n\n\n<p>8.&nbsp; Die eifrigen Seelen werden sieh rasch zur Vollkommenheit erheben.<\/p>\n\n\n\n<p>9. &nbsp;Ich werde die H\u00e4user segnen, in denen das Bild &nbsp;meines &nbsp;Heiligen &nbsp;Herzens &nbsp;aufgestellt und verehrt wird.<\/p>\n\n\n\n<p>10. Ich werde den Priestern die Macht geben, die h\u00e4rtesten Herzen zu r\u00fchren,<\/p>\n\n\n\n<p>11. Die Namen derer, die diese Andacht verbreiten, werden in mein Herz eingeschrieben und nie wieder daraus gel\u00f6scht werden.<\/p>\n\n\n\n<p>12. Ich verspreche allen, die w\u00e4hrend neun aufeinanderfolgenden Monaten je am ersten Freitag nach reum\u00fctiger Beichte (1) kommunizieren, die Gnade der Beharrlichkeit bis ans Ende. Sie werden nicht im Stande der Ungnade und nicht ohne Empfang der heiligen Sakramente (2) sterben. Mein Herz wird in dieser letzten Stunde ihre sichere Zufluchtsst\u00e4tte sein.<br>Gl\u00fccklich der Mensch, der w\u00e4hrend Jahren nach M\u00f6glichkeit an jedem ersten Freitag (wie auch am ersten Samstag) des Monats die S\u00fchnekommunion durch das makellose Herz Mariens dem g\u00f6ttlichen Herzen Jesu aufopfert! Der Herr wird sich erkenntlich zeigen!<\/p>\n\n\n\n<p>Aus den Schriften der heiligen Margarete Maria Alacoque<\/p>\n","protected":false},"excerpt":{"rendered":"<p>Nach jedem Ehre sei&#8230; f\u00fcgt man l mal folgenden Lobspruch ein: Erkannt, geliebt, gelobt, gepriesen, verehrt und verherrlicht sei das g\u00f6ttliche Herz Jesu und das Unbefleckte Herz Marions. Herz Maria, ganz durchbohrt von Schmerzen, entz\u00fcnde der Liebe Glut in unseren &hellip; <a href=\"https:\/\/ecclesiae.de\/blog\/?page_id=10682\">Weiterlesen <span class=\"meta-nav\">&rarr;<\/span><\/a><\/p>\n","protected":false},"author":3,"featured_media":0,"parent":10364,"menu_order":0,"comment_status":"closed","ping_status":"closed","template":"","meta":{"footnotes":""},"class_list":["post-10682","page","type-page","status-publish","hentry"],"_links":{"self":[{"href":"https:\/\/ecclesiae.de\/blog\/index.php?rest_route=\/wp\/v2\/pages\/10682","targetHints":{"allow":["GET"]}}],"collection":[{"href":"https:\/\/ecclesiae.de\/blog\/index.php?rest_route=\/wp\/v2\/pages"}],"about":[{"href":"https:\/\/ecclesiae.de\/blog\/index.php?rest_route=\/wp\/v2\/types\/page"}],"author":[{"embeddable":true,"href":"https:\/\/ecclesiae.de\/blog\/index.php?rest_route=\/wp\/v2\/users\/3"}],"replies":[{"embeddable":true,"href":"https:\/\/ecclesiae.de\/blog\/index.php?rest_route=%2Fwp%2Fv2%2Fcomments&post=10682"}],"version-history":[{"count":1,"href":"https:\/\/ecclesiae.de\/blog\/index.php?rest_route=\/wp\/v2\/pages\/10682\/revisions"}],"predecessor-version":[{"id":10683,"href":"https:\/\/ecclesiae.de\/blog\/index.php?rest_route=\/wp\/v2\/pages\/10682\/revisions\/10683"}],"up":[{"embeddable":true,"href":"https:\/\/ecclesiae.de\/blog\/index.php?rest_route=\/wp\/v2\/pages\/10364"}],"wp:attachment":[{"href":"https:\/\/ecclesiae.de\/blog\/index.php?rest_route=%2Fwp%2Fv2%2Fmedia&parent=10682"}],"curies":[{"name":"wp","href":"https:\/\/api.w.org\/{rel}","templated":true}]}}