{"id":10686,"date":"2022-07-23T12:46:49","date_gmt":"2022-07-23T12:46:49","guid":{"rendered":"http:\/\/ecclesiae.de\/blog\/?page_id=10686"},"modified":"2022-07-23T12:46:49","modified_gmt":"2022-07-23T12:46:49","slug":"immakulata-rosenkranz-fuer-die-priester","status":"publish","type":"page","link":"https:\/\/ecclesiae.de\/blog\/?page_id=10686","title":{"rendered":"Immakulata Rosenkranz f\u00fcr die Priester"},"content":{"rendered":"\n<p>Statt der gew\u00f6hnlichen Geheimnisse sind die f\u00fcnf folgenden Anrufungen einzuf\u00fcgen.<br><br><br>1. \u00a0Durch deine Unbefleckte Empf\u00e4ngnis erleuchte,<br>\u00a0 \u00a0\u00a0 leite, st\u00e4rke und heilige unseren Heiligen Vater!<br><br>2. \u00a0Durch deine Unbefleckte Empf\u00e4ngnis erleuchte,<br>\u00a0\u00a0 \u00a0 leite, st\u00e4rke und heilige unsere Bisch\u00f6fe!<br><br>3. \u00a0Durch deine Unbefleckte Empf\u00e4ngnis erleuchte,<br>\u00a0 \u00a0 \u00a0leite, st\u00e4rke und heilige unsere Priester und Ordensleute!<br><br>4. \u00a0Durch deine Unbefleckte Empf\u00e4ngnis hole die verirrten Priester<br>\u00a0\u00a0 \u00a0 wieder zur\u00fcck zu Jesus, unserem ewigen \u00a0Hohenpriester!<br><br>5. \u00a0Durch deine Unbefleckte Empf\u00e4ngnis erl\u00f6se<br>\u00a0\u00a0 \u00a0 die \u00e4rmsten Priesterseelen aus den Qualen des Fegefeuers<\/p>\n","protected":false},"excerpt":{"rendered":"<p>Statt der gew\u00f6hnlichen Geheimnisse sind die f\u00fcnf folgenden Anrufungen einzuf\u00fcgen. 1. \u00a0Durch deine Unbefleckte Empf\u00e4ngnis erleuchte,\u00a0 \u00a0\u00a0 leite, st\u00e4rke und heilige unseren Heiligen Vater! 2. \u00a0Durch deine Unbefleckte Empf\u00e4ngnis erleuchte,\u00a0\u00a0 \u00a0 leite, st\u00e4rke und heilige unsere Bisch\u00f6fe! 3. \u00a0Durch deine &hellip; <a href=\"https:\/\/ecclesiae.de\/blog\/?page_id=10686\">Weiterlesen <span class=\"meta-nav\">&rarr;<\/span><\/a><\/p>\n","protected":false},"author":3,"featured_media":0,"parent":10364,"menu_order":0,"comment_status":"closed","ping_status":"closed","template":"","meta":{"footnotes":""},"class_list":["post-10686","page","type-page","status-publish","hentry"],"_links":{"self":[{"href":"https:\/\/ecclesiae.de\/blog\/index.php?rest_route=\/wp\/v2\/pages\/10686","targetHints":{"allow":["GET"]}}],"collection":[{"href":"https:\/\/ecclesiae.de\/blog\/index.php?rest_route=\/wp\/v2\/pages"}],"about":[{"href":"https:\/\/ecclesiae.de\/blog\/index.php?rest_route=\/wp\/v2\/types\/page"}],"author":[{"embeddable":true,"href":"https:\/\/ecclesiae.de\/blog\/index.php?rest_route=\/wp\/v2\/users\/3"}],"replies":[{"embeddable":true,"href":"https:\/\/ecclesiae.de\/blog\/index.php?rest_route=%2Fwp%2Fv2%2Fcomments&post=10686"}],"version-history":[{"count":1,"href":"https:\/\/ecclesiae.de\/blog\/index.php?rest_route=\/wp\/v2\/pages\/10686\/revisions"}],"predecessor-version":[{"id":10687,"href":"https:\/\/ecclesiae.de\/blog\/index.php?rest_route=\/wp\/v2\/pages\/10686\/revisions\/10687"}],"up":[{"embeddable":true,"href":"https:\/\/ecclesiae.de\/blog\/index.php?rest_route=\/wp\/v2\/pages\/10364"}],"wp:attachment":[{"href":"https:\/\/ecclesiae.de\/blog\/index.php?rest_route=%2Fwp%2Fv2%2Fmedia&parent=10686"}],"curies":[{"name":"wp","href":"https:\/\/api.w.org\/{rel}","templated":true}]}}