{"id":10692,"date":"2022-07-23T12:51:48","date_gmt":"2022-07-23T12:51:48","guid":{"rendered":"http:\/\/ecclesiae.de\/blog\/?page_id=10692"},"modified":"2022-07-23T12:51:48","modified_gmt":"2022-07-23T12:51:48","slug":"rosenkranz-zum-jesuskind","status":"publish","type":"page","link":"https:\/\/ecclesiae.de\/blog\/?page_id=10692","title":{"rendered":"Rosenkranz zum Jesuskind"},"content":{"rendered":"\n<p><br>Wird auf dem gew\u00f6hnlichen Rosenkranz gebetet und hilft in besonders schweren \/ &#8222;aussichtslosen&#8220; F\u00e4llen.<br><br>Am Anfang:<br>1 x Ich glaube an Gott&#8230;<br>1 x Vater unser &#8230;<br>1 x Gegr\u00fc\u00dfet seist Du, Maria, &#8230;<br>1 x Ehre sei dem Vater &#8230;<br><br>10 x auf den kleinen Perlen:<br>Jesuleins Herz, geboren aus der allerheiligsten Jungfrau Maria im Bethlehems Stall &#8211; segne die ganze Menschheit, erneuere ihre Herzen, umstrahle die Familien, lehre sie Gott lieben.<br><br>Auf den gro\u00dfen Perlen:<br>1 x Vater unser, &#8230;<br>1 x Gegr\u00fc\u00dfet seist Du, Maria, &#8230;<br>1 x Ehre sei dem Vater&#8230;<br><br>&#8212;&#8212;&#8212;&#8212;&#8212;&#8212;&#8212;&#8212;&#8212;&#8212;&#8212;&#8212;&#8212;&#8212;&#8212;&#8212;&#8212;&#8212;&#8212;&#8212;&#8212;&#8212;&#8212;&#8212;&#8212;&#8212;&#8211;<br><br><br>Die allerheiligste Jungfrau Maria gibt diesem Rosenkranz ein Privileg:<br>Wer auch immer ihn in irgendeinem Bed\u00fcrfnis beten wird, wird schnell erh\u00f6rt werden.<br><br>Das Jesuskind wirkt schnell und unverz\u00fcglich.<br><br>Nichts verweigert der himmlische Vater dem g\u00f6ttlichen Kind.<br><br>Jesus sagte selbst: &#8222;Um was du auch immer bitten wirst, werde ich dir geben &#8211; wirst du erhalten.&#8220;<br><br>Der Rosenkranz vom Jesuskind hat Imprimatur vom Himmel erhalten.<\/p>\n","protected":false},"excerpt":{"rendered":"<p>Wird auf dem gew\u00f6hnlichen Rosenkranz gebetet und hilft in besonders schweren \/ &#8222;aussichtslosen&#8220; F\u00e4llen. Am Anfang:1 x Ich glaube an Gott&#8230;1 x Vater unser &#8230;1 x Gegr\u00fc\u00dfet seist Du, Maria, &#8230;1 x Ehre sei dem Vater &#8230; 10 x auf &hellip; <a href=\"https:\/\/ecclesiae.de\/blog\/?page_id=10692\">Weiterlesen <span class=\"meta-nav\">&rarr;<\/span><\/a><\/p>\n","protected":false},"author":3,"featured_media":0,"parent":10364,"menu_order":0,"comment_status":"closed","ping_status":"closed","template":"","meta":{"footnotes":""},"class_list":["post-10692","page","type-page","status-publish","hentry"],"_links":{"self":[{"href":"https:\/\/ecclesiae.de\/blog\/index.php?rest_route=\/wp\/v2\/pages\/10692","targetHints":{"allow":["GET"]}}],"collection":[{"href":"https:\/\/ecclesiae.de\/blog\/index.php?rest_route=\/wp\/v2\/pages"}],"about":[{"href":"https:\/\/ecclesiae.de\/blog\/index.php?rest_route=\/wp\/v2\/types\/page"}],"author":[{"embeddable":true,"href":"https:\/\/ecclesiae.de\/blog\/index.php?rest_route=\/wp\/v2\/users\/3"}],"replies":[{"embeddable":true,"href":"https:\/\/ecclesiae.de\/blog\/index.php?rest_route=%2Fwp%2Fv2%2Fcomments&post=10692"}],"version-history":[{"count":1,"href":"https:\/\/ecclesiae.de\/blog\/index.php?rest_route=\/wp\/v2\/pages\/10692\/revisions"}],"predecessor-version":[{"id":10693,"href":"https:\/\/ecclesiae.de\/blog\/index.php?rest_route=\/wp\/v2\/pages\/10692\/revisions\/10693"}],"up":[{"embeddable":true,"href":"https:\/\/ecclesiae.de\/blog\/index.php?rest_route=\/wp\/v2\/pages\/10364"}],"wp:attachment":[{"href":"https:\/\/ecclesiae.de\/blog\/index.php?rest_route=%2Fwp%2Fv2%2Fmedia&parent=10692"}],"curies":[{"name":"wp","href":"https:\/\/api.w.org\/{rel}","templated":true}]}}