{"id":10694,"date":"2022-07-23T12:53:27","date_gmt":"2022-07-23T12:53:27","guid":{"rendered":"http:\/\/ecclesiae.de\/blog\/?page_id=10694"},"modified":"2022-07-23T12:53:27","modified_gmt":"2022-07-23T12:53:27","slug":"heilig-blut-rosenkranz","status":"publish","type":"page","link":"https:\/\/ecclesiae.de\/blog\/?page_id=10694","title":{"rendered":"HEILIG-BLUT-ROSENKRANZ"},"content":{"rendered":"\n<p>Nach jedem Ehre sei&#8230; bete man 1 x<br>Ewiger Vater, ich opfere Dir im Namen aller durch Maria immerdar das<br>kostbare Blut Jesu Christi auf f\u00fcr die Bekehrung der S\u00fcnder, der Jugend und<br>zur Vers\u00f6hnung der S\u00fcnden der ganzen Welt.<br><br>1. Durch Deine Mutter, o Jesus, tauch` \u00a0uns auf ewig in Dein kostbares Blut.<br><br>2. Durch Deine Mutter, o Jesus,, nimm uns auf ewig in dein verwundetes Herz.<br><br>3. Durch Deine Mutter, o Jesus, verbirg uns auf ewig in Deine heiligen<br>Wunden.<br><br>4. Durch Deine Mutter, o Jesus, gib uns Deine Kreuzes- und Leidensliebe und<br>die vollkommene Gleichf\u00f6rmigkeit mit dem Willen des Vaters.<br><br>5. Durch Deine Mutter, o Jesus, dr\u00fcck` die Z\u00fcge Deines Antlitzes auf ewig in<br>unser Herz.<br><br>O Jesus, g\u00f6ttlicher Erl\u00f6ser, sei uns barmherzig. Barmherzigkeit f\u00fcr uns und<br>f\u00fcr die ganze Welt. Amen<br><br>Gnade und Barmherzigkeit, mein Jesus, w\u00e4hrend der gegenw\u00e4rtigen Gefahr.<br>Bedecke uns mit Deinem kostbaren Blute Amen.<br><br>Ewiger Vater, erweise uns Barmherzigkeit im Namen des heiligen Blutes Deines<br>einzigen Sohnes.<br>Erweis uns Barmherzigkeit, wir beschw\u00f6ren Dich darum. Amen<br><br><br><strong>Rosenkranz zum kostbaren Blut.<\/strong><br><br>1. Gesetz:<br>O liebevolles und barmherzigstes Herz Jesu, schenke den Sterbenden,<br>besonders den gottgeweihten, die ganze Flut Deines kostbaren Blutes und die<br>ganze Glut Deiner g\u00f6ttlichen Liebe!<br><br>2. Gesetz:<br>O dankbarestes und opferbereitestes Herz Jesu, schanke den Sterbenden,<br>besonders den gottgeweihten die ganze Flut Deines kostbaren Blutes und die<br>ganze Glut Deiner g\u00f6ttlichen Liebe!<br><br>3. Gesetz:<br>O unschuldig verurteiltes Herz Jesu, schenke den Sterbenden, besonders den<br>gottgeweihten, die ganze Flut Deines kostbaren Blutes und die ganze Glut<br>Deiner g\u00f6ttlichen Liebe!<br><br>4. Gesetz:<br>O verlassenes und mit Todesangst erf\u00fclltes Herz Jesu, schenke den Sterbenden<br>besonders den gottgeweihten, die ganze Flut Deines kostbaren Blutes und die<br>ganze Glut Deiner g\u00f6ttlichen Liebe!<br><br>5. Gesetz:<br>O durchbohrtes und blutendes Herz Jesu, schenke den Sterbenden, besonders<br>den gottgeweihten, die ganze Flut Deines kostbaren Blutes und die ganze Glut<br>Deiner g\u00f6ttlichen Liebe!<br><br><br><strong>Blut Rosenkranz&#8230;<\/strong><br><br>Je einmal: O Jesus bedecke mit Deinem kostbaren Blute die ganze Welt! Wasche<br>ab allen S\u00fcndenschmutz und erneuere sie durch den Heiligen Geist!<br><br>Je zehnmal:<br>Mein Jesus, Verzeihung und Barmherzigkeit um Deines kostbaren Blutes willen!<br><br>So f\u00fcnf Ges\u00e4tzchen.<br>Imprimatur v. Meures, Vicarius Generalis, Treveris die 22. m. Juli 1946<br><br>aus: &#8220; Die Armee vom kostbaren Blut&#8220; v. Rudolf Schaffer<\/p>\n","protected":false},"excerpt":{"rendered":"<p>Nach jedem Ehre sei&#8230; bete man 1 xEwiger Vater, ich opfere Dir im Namen aller durch Maria immerdar daskostbare Blut Jesu Christi auf f\u00fcr die Bekehrung der S\u00fcnder, der Jugend undzur Vers\u00f6hnung der S\u00fcnden der ganzen Welt. 1. Durch Deine &hellip; <a href=\"https:\/\/ecclesiae.de\/blog\/?page_id=10694\">Weiterlesen <span class=\"meta-nav\">&rarr;<\/span><\/a><\/p>\n","protected":false},"author":3,"featured_media":0,"parent":10364,"menu_order":0,"comment_status":"closed","ping_status":"closed","template":"","meta":{"footnotes":""},"class_list":["post-10694","page","type-page","status-publish","hentry"],"_links":{"self":[{"href":"https:\/\/ecclesiae.de\/blog\/index.php?rest_route=\/wp\/v2\/pages\/10694","targetHints":{"allow":["GET"]}}],"collection":[{"href":"https:\/\/ecclesiae.de\/blog\/index.php?rest_route=\/wp\/v2\/pages"}],"about":[{"href":"https:\/\/ecclesiae.de\/blog\/index.php?rest_route=\/wp\/v2\/types\/page"}],"author":[{"embeddable":true,"href":"https:\/\/ecclesiae.de\/blog\/index.php?rest_route=\/wp\/v2\/users\/3"}],"replies":[{"embeddable":true,"href":"https:\/\/ecclesiae.de\/blog\/index.php?rest_route=%2Fwp%2Fv2%2Fcomments&post=10694"}],"version-history":[{"count":1,"href":"https:\/\/ecclesiae.de\/blog\/index.php?rest_route=\/wp\/v2\/pages\/10694\/revisions"}],"predecessor-version":[{"id":10695,"href":"https:\/\/ecclesiae.de\/blog\/index.php?rest_route=\/wp\/v2\/pages\/10694\/revisions\/10695"}],"up":[{"embeddable":true,"href":"https:\/\/ecclesiae.de\/blog\/index.php?rest_route=\/wp\/v2\/pages\/10364"}],"wp:attachment":[{"href":"https:\/\/ecclesiae.de\/blog\/index.php?rest_route=%2Fwp%2Fv2%2Fmedia&parent=10694"}],"curies":[{"name":"wp","href":"https:\/\/api.w.org\/{rel}","templated":true}]}}