{"id":10696,"date":"2022-07-23T12:54:38","date_gmt":"2022-07-23T12:54:38","guid":{"rendered":"http:\/\/ecclesiae.de\/blog\/?page_id=10696"},"modified":"2022-07-23T12:54:38","modified_gmt":"2022-07-23T12:54:38","slug":"der-liebesflamme-rosenkranz","status":"publish","type":"page","link":"https:\/\/ecclesiae.de\/blog\/?page_id=10696","title":{"rendered":"Der Liebesflamme-Rosenkranz"},"content":{"rendered":"\n<p><strong><br><\/strong>Am Anfang<br>Zu Ehren der Hl. f\u00fcnf Wunden Unseres Erl\u00f6sers machen wir<br>nacheinander f\u00fcnfmal das Kreuzzeichen.<br><br><br>Auf den gro\u00dfen Perlen<br>Schmerzvolles und Unbeflecktes Herz Mari\u00e4, bitte f\u00fcr uns,<br>die wir unsere Zuflucht zu Dir nehmen !<br><br>Auf den kleinen Perlen<br>Mutter, rette uns durch die Liebesflamme Deines<br>Unbefleckten Herzens (zehnmal).<br><br>Nach jedem Ges\u00e4tz<br>Mutter Gottes, \u00fcberflute die ganze Menschheit mit dem Gnadenwirken Deiner Liebesflamme, jetzt und in der Stunde unseres Todes. AMEN.<br><br>Am Ende<br>Ehre sei dem Vater und dem Sohn und dem Heiligen Geist,<br>wie es war im Anfang, so auch jetzt und allezeit und in Ewigkeit.<br>AMEN. (dreimal)<br>Zu Ehren der Hl. f\u00fcnf Wunden Unseres Erl\u00f6sers machen wir<br>nacheinander f\u00fcnfmal das Kreuzzeichen<\/p>\n","protected":false},"excerpt":{"rendered":"<p>Am AnfangZu Ehren der Hl. f\u00fcnf Wunden Unseres Erl\u00f6sers machen wirnacheinander f\u00fcnfmal das Kreuzzeichen. Auf den gro\u00dfen PerlenSchmerzvolles und Unbeflecktes Herz Mari\u00e4, bitte f\u00fcr uns,die wir unsere Zuflucht zu Dir nehmen ! Auf den kleinen PerlenMutter, rette uns durch die &hellip; <a href=\"https:\/\/ecclesiae.de\/blog\/?page_id=10696\">Weiterlesen <span class=\"meta-nav\">&rarr;<\/span><\/a><\/p>\n","protected":false},"author":3,"featured_media":0,"parent":10364,"menu_order":0,"comment_status":"closed","ping_status":"closed","template":"","meta":{"footnotes":""},"class_list":["post-10696","page","type-page","status-publish","hentry"],"_links":{"self":[{"href":"https:\/\/ecclesiae.de\/blog\/index.php?rest_route=\/wp\/v2\/pages\/10696","targetHints":{"allow":["GET"]}}],"collection":[{"href":"https:\/\/ecclesiae.de\/blog\/index.php?rest_route=\/wp\/v2\/pages"}],"about":[{"href":"https:\/\/ecclesiae.de\/blog\/index.php?rest_route=\/wp\/v2\/types\/page"}],"author":[{"embeddable":true,"href":"https:\/\/ecclesiae.de\/blog\/index.php?rest_route=\/wp\/v2\/users\/3"}],"replies":[{"embeddable":true,"href":"https:\/\/ecclesiae.de\/blog\/index.php?rest_route=%2Fwp%2Fv2%2Fcomments&post=10696"}],"version-history":[{"count":1,"href":"https:\/\/ecclesiae.de\/blog\/index.php?rest_route=\/wp\/v2\/pages\/10696\/revisions"}],"predecessor-version":[{"id":10697,"href":"https:\/\/ecclesiae.de\/blog\/index.php?rest_route=\/wp\/v2\/pages\/10696\/revisions\/10697"}],"up":[{"embeddable":true,"href":"https:\/\/ecclesiae.de\/blog\/index.php?rest_route=\/wp\/v2\/pages\/10364"}],"wp:attachment":[{"href":"https:\/\/ecclesiae.de\/blog\/index.php?rest_route=%2Fwp%2Fv2%2Fmedia&parent=10696"}],"curies":[{"name":"wp","href":"https:\/\/api.w.org\/{rel}","templated":true}]}}