{"id":10705,"date":"2022-07-24T14:08:59","date_gmt":"2022-07-24T14:08:59","guid":{"rendered":"http:\/\/ecclesiae.de\/blog\/?page_id=10705"},"modified":"2022-07-24T14:08:59","modified_gmt":"2022-07-24T14:08:59","slug":"kreuzwegandacht","status":"publish","type":"page","link":"https:\/\/ecclesiae.de\/blog\/?page_id=10705","title":{"rendered":"Kreuzwegandacht"},"content":{"rendered":"\n<p><strong>Im Namen des Vaters und des Sohnes<br>und des Heiligen Geistes Amen.<br><br>Vorbereitung \u2013 Liebesreue!<br>\u201eBarmherziger Gott, aus Liebe zu Dir bereue ich alle meine S\u00fcnden,<br>ich will mich bessern. In Vereinigung mit dem schmerzhaften und<br>unbefleckten Herzen Mariens, opfere ich Dir nun diese Betrachtung<br>des Leidens und Sterbens Jesu Christi auf, zur S\u00fchne f\u00fcr meine<br>S\u00fcnden und die S\u00fcnden der ganzen Welt. Insbesondere opfere ich<br>sie Dir auf, um dadurch viele gute Priester und reichen Segen f\u00fcr<br>das Wirken der Priester zu erbitten. Ich will auch alle Abl\u00e4sse<br>gewinnen, die die heilige Kirche f\u00fcr die Verrichtung der<br>Kreuzwegandacht verliehen hat. Gott, hilf mir, diese Andacht gut<br>zu verrichten.\u201c<\/strong><\/p>\n\n\n\n<p><strong>1.Station!<br><br>Jesus wird zum Tode verurteilt!<br><br>\u201eWir beten Dich an, Herr Jesus Christus,<br>und preisen Dich, denn durch Dein heiliges Kreuz<br>hast Du die ganze Welt erl\u00f6st.\u201c<br><br>H\u00f6re, wie das Todesurteil \u00fcber mich gef\u00e4llt wird.<br><br>Betrachte, wie mein Herz es aufnimmt, in Schweigen, Geduld<br>und liebender Bereitschaft. Seelen, die ihr mir nachfolgen und<br>mir \u00e4hnlich werden wollt, lernet von mir, in Leiden und<br>Widerw\u00e4rtigkeiten schweigen und den Frieden \u00a0des Herzens<br>bewahren.<br><br>\u201eEwiger Vater, nimm auf das Kostbare Blut das Dein Sohn<br>Jesus Christus bei seinem Leiden vergossen hat durch seine<br>Wunden, durch sein dornengekr\u00f6ntes Haupt, durch sein Herz,<br>durch seine unendlichen Verdienste. Verzeihe den Seelen und<br>rette sie. Gekreuzigter Herr Jesus, erbarme Dich unser!\u201c<\/strong><\/p>\n\n\n\n<p><strong>2.Station!<br>Jesus nimmt das Kreuz<br>auf seine Schultern!<br><br>\u201eWir beten Dich an, Herr Jesus Christus,<br>und preisen Dich, denn durch Dein heiliges Kreuz<br>hast Du die ganze Welt erl\u00f6st.\u201c<br><br>Betrachte das Kreuz, das sie auf meine Schultern legen,<br>seine Last ist gro\u00df, doch wird sie bei weitem \u00fcberwogen<br>durch die Liebe zu den unsterblichen Seelen. Seelen,<br>die ihr mich liebt, w\u00e4get eure Leiden an der Liebe,<br>die ihr zu mir traget und lasset keinen Kleinmut diese<br>Flammen ersticken. \u00a0<br><br>\u201eEwiger Vater, nimm auf das Kostbare Blut das Dein Sohn<br>Jesus Christus bei seinem Leiden vergossen hat durch seine<br>Wunden, durch sein dornengekr\u00f6ntes Haupt, durch sein Herz,<br>durch seine unendlichen Verdienste. Verzeihe den Seelen und<br>rette sie. Gekreuzigter Herr Jesus, erbarme Dich unser!\u201c<\/strong><\/p>\n\n\n\n<p><strong>3.Station!<br>Jesus f\u00e4llt zum ersten Mal<br>unter dem Kreuze!<br><br>\u201eWir beten Dich an, Herr Jesus Christus, und preisen Dich,<br>denn durch Dein heiliges Kreuz hast Du die ganze Welt erl\u00f6st.\u201c<br><br>Die Last des Kreuzes wirft mich zu Boden, aber der Eifer f\u00fcr<br>die Seelen richtet mich wieder auf und gibt mir neuen Mut,<br>den Weg fortzusetzen. Seelen, die bereit sind, die Last meines<br>Kreuzes zu teilen, erw\u00e4get, ob euch der Seeleneifer neue Kraft<br>gibt auf dem Wege der Selbstverleugnung fortzuschreiten,<br>oder ob \u00fcbergro\u00dfe Eigenliebe euch den Mut nimmt, die Last<br>des Kreuzes zu tragen.<br><br>\u201eEwiger Vater, nimm auf das Kostbare Blut das Dein Sohn<br>Jesus Christus bei seinem Leiden vergossen hat durch seine<br>Wunden, durch sein dornengekr\u00f6ntes Haupt, durch sein Herz,<br>durch seine unendlichen Verdienste. Verzeihe den Seelen und<br>rette sie. Gekreuzigter Herr Jesus, erbarme Dich unser!\u201c<\/strong><\/p>\n\n\n\n<p><strong>4.Station!<br>Jesus begegnet seiner betr\u00fcbten Mutter!<br><br>\u201eWir beten Dich an, Herr Jesus Christus, und preisen Dich,<br>denn durch Dein heiliges Kreuz hast Du die ganze Welt erl\u00f6st.\u201c<br><br>Hier begegnete ich Meiner geliebten hl. Mutter; betrachte das<br>Martyrium unserer beiden Herzen, sie vereinigen ihre Leiden,<br>um sich gegenseitig zu st\u00e4rken, und die Liebe siegt unter<br>Schmerzen. Seelen, die ihr den gleichen Weg geht, das<br>gleiche Ziel erstrebt, lasst auch in euch die Liebe siegen.<br>Der Anblick eures gemeinsamen Leidens st\u00e4rke euren Mut<br>und euer Vertrauen. Im Kreuz \u2013 tragen innerlich geeint,<br>w\u00e4chst euch die Kraft auf dornenvollen Wegen.<br><br>\u201eEwiger Vater, nimm auf das Kostbare Blut das Dein Sohn<br>Jesus Christus bei seinem Leiden vergossen hat durch seine<br>Wunden, durch sein dornengekr\u00f6ntes Haupt, durch sein Herz,<br>durch seine unendlichen Verdienste. Verzeihe den Seelen und<br>rette sie. Gekreuzigter Herr Jesus, erbarme Dich unser!\u201c<\/strong><\/p>\n\n\n\n<p><strong>5.Station!<br>Simon von Cyrene hilft<br>Jesus das Kreuz tragen!<br><br>\u201eWir beten Dich an, Herr Jesus Christus, und preisen Dich,<br>denn durch Dein heiliges Kreuz hast Du die ganze Welt erl\u00f6st.\u201c<br><br>Schaut, wie dieser Mensch um geringen Lohnes willen eine<br>schwere entehrende Last auf sich nimmt. Betrachte die<br>zunehmende Schw\u00e4che, unter der ich beinahe zusammenbreche.<br>Ihr strebt nach Vollkommenheit. Wenn euch im dauernden<br>Kampfe gegen die eigene Schw\u00e4che die Kraft erlahmt, so denkt<br>daran, nicht um irdischen Genusses willen habt ihr euch bereit<br>erkl\u00e4rt, mir das Kreuz nachzutragen, sondern einzig und allein,<br>um das ewige Leben zu gewinnen und auch anderen Seelen zu<br>diesem Seelengl\u00fcck zu verhelfen.<br><br>\u201eEwiger Vater, nimm auf das Kostbare Blut das Dein Sohn Jesus<br>Christus bei seinem Leiden vergossen hat durch seine Wunden,<br>durch sein dornengekr\u00f6ntes Haupt, durch sein Herz, durch seine<br>unendlichen Verdienste. Verzeihe den Seelen und rette sie.<br>Gekreuzigter Herr Jesus, erbarme Dich unser!\u201c<\/strong><\/p>\n\n\n\n<p><strong>6.Station!<br>Veronika reicht Jesus ihr Schwei\u00dftuch dar!<br><br>\u201eWir beten Dich an, Herr Jesus Christus, und preisen Dich,<br>denn durch Dein heiliges Kreuz hast Du die ganze Welt erl\u00f6st.\u201c<br><br>Schau, wie liebevoll diese Frau mein Antlitz trocknet,<br>wie die Liebe jede Menschenfurcht in ihr \u00fcberwindet.<br>Ihr habt die Welt und alles, was euch am teuersten war,<br>um meinetwillen gering geachtet. La\u00dft nicht zu, dass die Furcht,<br>den Ruf oder die Ehre zu verlieren, euch hindere, Mir durch<br>Bewei\u00df des Mutes und der Hochherzigkeit das Antlitz zu<br>trocknen. Schaut, wie es vom Blute ganz verh\u00fcllt ist.<br><br>\u201eEwiger Vater, nimm auf das Kostbare Blut das Dein Sohn Jesus<br>Christus bei seinem Leiden vergossen hat durch seine Wunden,<br>durch sein dornengekr\u00f6ntes Haupt, durch sein Herz, durch seine<br>unendlichen Verdienste. Verzeihe den Seelen und rette sie.<br>Gekreuzigter Herr Jesus, erbarme Dich unser!\u201c<\/strong><\/p>\n\n\n\n<p><strong>7.Station!<br>Jesus f\u00e4llt zum zweiten Mal unter dem Kreuze!<br><br>\u201eWir beten Dich an, Herr Jesus Christus, und preisen Dich,<br>denn durch Dein heiliges Kreuz hast Du die ganze Welt erl\u00f6st.\u201c<br><br>Die Last des Kreuzes ersch\u00f6pft meine Kraft. Der Weg ist lang<br>und m\u00fchsam niemand kommt mich zu st\u00e4rken, meine Todesnot<br>wird so gro\u00df, dass ich zum zweiten Male niederfalle. Seelen, die<br>ihr mir folgt, lasst euch nicht entmutigen, wenn euer Leben ohne<br>Trost, vielleicht in gro\u00dfer D\u00fcrre verl\u00e4uft und ihr jede geistliche<br>Hilfe entbehrt. Fa\u00dft Mut beim Anblick eures g\u00f6ttlichen Meisters<br>auf dem Weg nach Kalvaria. Er f\u00e4llt zum zweiten Male, aber er<br>rafft sich wieder auf und setzt seinen Weg fort. Wollt ihr neue<br>Kraft sch\u00f6pfen, so kommt, k\u00fcsset meine F\u00fc\u00dfe.<br><br>\u201eEwiger Vater, nimm auf das Kostbare Blut das Dein Sohn Jesus<br>Christus bei seinem Leiden vergossen hat durch seine Wunden,<br>durch sein dornengekr\u00f6ntes Haupt, durch sein Herz, durch seine<br>unendlichen Verdienste. Verzeihe den Seelen und rette sie.<br>Gekreuzigter Herr Jesus, erbarme Dich unser!\u201c<\/strong><\/p>\n\n\n\n<p><strong>8.Station!<br>Jesus tr\u00f6stet die weinenden Frauen!<br><br>\u201eWir beten Dich an, Herr Jesus Christus, und preisen Dich,<br>denn durch Dein heiliges Kreuz hast Du die ganze Welt erl\u00f6st.\u201c<br><br>Frauen von Jerusalem weinen beim Anblick Meines Elendes und<br>Meiner Schande. Die Welt weint beim Anblick des Leidens.<br>Wenn sich dieses am gr\u00fcnen Holze vollzieht, was wird dann an<br>dem d\u00fcrren geschehen? Euch aber sage ich, die ihr Mir auf dem<br>steilen Pfade folget, die Welt wird euch dereinst \u00a0auf bl\u00fchenden<br>Auen wandeln sehen, w\u00e4hrend die ihren durch das Feuer gehen,<br>das sie sich selbst durch ihre Genusssucht bereitet haben.<br><br>\u201eEwiger Vater, nimm auf das Kostbare Blut das Dein Sohn Jesus<br>Christus bei seinem Leiden vergossen hat durch seine Wunden,<br>durch sein dornengekr\u00f6ntes Haupt, durch sein Herz, durch seine<br>unendlichen Verdienste. Verzeihe den Seelen und rette sie.<br>Gekreuzigter Herr Jesus, erbarme Dich unser!\u201c<\/strong><\/p>\n\n\n\n<p><strong>9.Station!<br>Jesus f\u00e4llt zum dritten Mal unter dem Kreuze!<br><br>\u201eWir beten Dich an, Herr Jesus Christus, und preisen Dich,<br>denn durch Dein heiliges Kreuz hast Du die ganze Welt erl\u00f6st.\u201c<br><br>Ich bin sterbensm\u00fcde. Schau, wie Ich zum dritten Mal niederfalle.<br>Durch diesen Fall werde ich armen S\u00fcndern die Kraft geben, noch<br>im letzten Augenblick dem ewigen Tode zu entrinnen und sich zu<br>reinigen im Blut der Wunden, die Mir der dritte Fall zugef\u00fcgt hat.<br>Da habe ich ihnen die Kraft verdient, sich aufzuraffen und doch<br>noch das ewige Leben zu erringen.<br>Seelen, die ihr Mir folgen wollt, verweigert Mir kein Opfer, sei es<br>gro\u00df oder klein, koste es was es wolle, k\u00f6nnt ihr doch dadurch<br>einer unsterblichen Seele das Leben retten. Folget eurem Heiland,<br>der den Weg nach Kalvaria bis zu Ende ging.<br><br>\u201eEwiger Vater, nimm auf das Kostbare Blut das Dein Sohn Jesus<br>Christus bei seinem Leiden vergossen hat durch seine Wunden,<br>durch sein dornengekr\u00f6ntes Haupt, durch sein Herz, durch seine<br>unendlichen Verdienste. Verzeihe den Seelen und rette sie.<br>Gekreuzigter Herr Jesus, erbarme Dich unser!\u201c<\/strong><\/p>\n\n\n\n<p><strong>10.Station!<br>Jesus wird seiner Kleider beraubt!<br><br>\u201eWir beten Dich an, Herr Jesus Christus, und preisen Dich,<br>denn durch Dein heiliges Kreuz hast Du die ganze Welt erl\u00f6st.\u201c<br><br>Sieh, mit welcher Grausamkeit man Mich Meiner Kleider beraubt,<br>versenke dich in Mein Schweigen und Meine Hingabe&#8230;<br>La\u00dft euch von allem entbl\u00f6\u00dfen, was ihr besitzt, von euren G\u00fctern,<br>eurem eigenen Willen, daf\u00fcr werde Ich euch umkleiden mit dem<br>Gewande der Reinheit und den Reicht\u00fcmern Meines g\u00f6ttlichen Herzens.<br><br>\u201eEwiger Vater, nimm auf das Kostbare Blut das Dein Sohn Jesus<br>Christus bei seinem Leiden vergossen hat durch seine Wunden,<br>durch sein dornengekr\u00f6ntes Haupt, durch sein Herz, durch seine<br>unendlichen Verdienste. Verzeihe den Seelen und rette sie.<br>Gekreuzigter Herr Jesus, erbarme Dich unser!\u201c<\/strong><\/p>\n\n\n\n<p><strong>11.Station!<br>Jesus wird an das Kreuz genagelt!<br><br>\u201eWir beten Dich an, Herr Jesus Christus, und preisen Dich,<br>denn durch Dein heiliges Kreuz hast Du die ganze Welt erl\u00f6st.\u201c<br><br>Nun bin ich auf der H\u00f6he von Kalvaria angelangt. Hier werde ich<br>den Tod erleiden. Schau, wie sie Mich auf das Kreuz legen und<br>annageln. Jetzt besitze ich nichts mehr, nicht einmal die Freiheit,<br>eine Hand oder einen Fu\u00df zu regen. Ich sp\u00fcre, wie sie mir den<br>Tod aufzwingen wollen. Aber es sind nicht die N\u00e4gel, die Mich ans<br>Kreuz heften, es ist meine Liebe. Nicht ein Laut der Klage&#8230;, nicht<br>ein Seufzer kommt \u00fcber meine Lippen. Ihr seid an das Kreuz<br>gefesselt durch die N\u00e4gel der Liebe, klaget nicht, murret nicht,<br>wenn sie euch H\u00e4nde und F\u00fc\u00dfe zerrei\u00dfen. Kommt, k\u00fcsset meine<br>Wunden, dort findet ihr Kraft.<br><br>\u201eEwiger Vater, nimm auf das Kostbare Blut das Dein Sohn Jesus<br>Christus bei seinem Leiden vergossen hat durch seine Wunden,<br>durch sein dornengekr\u00f6ntes Haupt, durch sein Herz, durch seine<br>unendlichen Verdienste. Verzeihe den Seelen und rette sie.<br>Gekreuzigter Herr Jesus, erbarme Dich unser!\u201c<\/strong><\/p>\n\n\n\n<p><strong>12.Station!<br>Jesus stirbt am Kreuz!<br><br>\u201eWir beten Dich an, Herr Jesus Christus, und preisen Dich,<br>denn durch Dein heiliges Kreuz hast Du die ganze Welt erl\u00f6st.\u201c<br><br>Das Kreuz war Mein unzertrennliche Gef\u00e4hrte auf dem Wege<br>nach Kalvaria. Am Kreuze sterbe Ich f\u00fcr euch.<br>Seelen, die ihr das Kreuz zu eurem unzertrennlichen Gef\u00e4hrten<br>habt, seid sicher, dass ihr auf ihm sterben werdet, aber glaubet<br>fest, dass es euch zur Pforte des Lebens wird. K\u00fc\u00dft immer<br>wieder dies gesegnete Zeichen, umfangt es mit Liebe,<br>betrachtet es als euren gr\u00f6\u00dften Schatz.<br><br>\u201eEwiger Vater, nimm auf das Kostbare Blut das Dein Sohn Jesus<br>Christus bei seinem Leiden vergossen hat durch seine Wunden,<br>durch sein dornengekr\u00f6ntes Haupt, durch sein Herz, durch seine<br>unendlichen Verdienste. Verzeihe den Seelen und rette sie.<br>Gekreuzigter Herr Jesus, erbarme Dich unser!\u201c<\/strong><\/p>\n\n\n\n<p><strong>13.Station!<br>Jesus wird \u00a0vom Kreuz herabgenommen<br>und in den Scho\u00df Seiner Mutter gelegt!<br><br>\u201eWir beten Dich an, Herr Jesus Christus, und preisen Dich,<br>denn durch Dein heiliges Kreuz hast Du die ganze Welt erl\u00f6st.\u201c<br><br>Betrachtet, mit welcher Liebe dieser Gerechte meinem Leib vom<br>Kreuz herabnimmt. Er salbt ihn und legt ihn in die H\u00e4nde Meiner<br>Mutter, sie betet Ihn an, sie k\u00fcsst Ihn, ihre Tr\u00e4nen fallen auf Mein<br>Antlitz, auf alle Meine Glieder, dann \u00fcbergibt sie Mich den J\u00fcngern<br>zum Begr\u00e4bnis.<br>Ihr frommen Seelen, berufen als Opfer, kommet und nehmet Meinen<br>Leib, umgebt ihn mit dem Dufte eurer Tugend, betet Seine Wunden an,<br>k\u00fcsst sie, lasst eure Tr\u00e4nen auf Mein Antlitz fallen. Dann legt Mich ins<br>Grab eures Herzens. Sagt auch ein Wort der Teilnahme Meiner und<br>eurer geliebten Mutter.<br><br>\u201eEwiger Vater, nimm auf das Kostbare Blut das Dein Sohn Jesus<br>Christus bei seinem Leiden vergossen hat durch seine Wunden,<br>durch sein dornengekr\u00f6ntes Haupt, durch sein Herz, durch seine<br>unendlichen Verdienste. Verzeihe den Seelen und rette sie.<br>Gekreuzigter Herr Jesus, erbarme Dich unser!\u201c<br>Heilige Mutter, dr\u00fcck die Wunden, die Dein Sohn am Kreuz<br>empfunden, tief in unsere Seelen ein.\u201c Amen!<\/strong><\/p>\n\n\n\n<p><strong>14.Station!<br>Jesus wird ins Grab gelegt!<br><br>\u201eWir beten Dich an, Herr Jesus Christus, und preisen Dich,<br>denn durch Dein heiliges Kreuz hast Du die ganze Welt erl\u00f6st.\u201c<br><br>Betrachte, mit welch liebender Sorgfalt man Mich ins Grab bettet.<br>Es ist neu und frei von aller Entweihung.<br>Seelen, die ihr Mir durch eure Bereitschaft so eng verbunden seid,<br>trachtet mit gr\u00f6\u00dfter Zartheit danach, dass euer Herz ganz rein sei,<br>w\u00fcrdig, Mir als Grabst\u00e4tte zu dienen.<br>Es sei das Heiligtum der Liebe, einer starken, gro\u00dfm\u00fctigen<br>und best\u00e4ndigen Liebe.<br><br>\u201eEwiger Vater, nimm auf das Kostbare Blut das Dein Sohn Jesus<br>Christus bei seinem Leiden vergossen hat durch seine Wunden,<br>durch sein dornengekr\u00f6ntes Haupt, durch sein Herz, durch seine<br>unendlichen Verdienste. Verzeihe den Seelen und rette sie.<br>Gekreuzigter Herr Jesus, erbarme Dich unser!\u201c<br><br>Kostbares Blut meines Erl\u00f6sers, in tiefer Ehrfurcht und inniger Liebe<br>bete ich Dich an zur S\u00fchne f\u00fcr die Unbilden welche die Seelen Dir zuf\u00fcgen.<br><br>Heilige Mutter, dr\u00fcck die Wunden, die Dein Sohn am Kreuz empfunden,<br>tief in unsere Seelen ein.\u201c Amen!<\/strong><\/p>\n\n\n\n<p><strong>(Q: Ch. Verlag: Werk der barmherzigen Liebe!)<\/strong><\/p>\n","protected":false},"excerpt":{"rendered":"<p>Im Namen des Vaters und des Sohnesund des Heiligen Geistes Amen. Vorbereitung \u2013 Liebesreue!\u201eBarmherziger Gott, aus Liebe zu Dir bereue ich alle meine S\u00fcnden,ich will mich bessern. In Vereinigung mit dem schmerzhaften undunbefleckten Herzen Mariens, opfere ich Dir nun diese &hellip; <a href=\"https:\/\/ecclesiae.de\/blog\/?page_id=10705\">Weiterlesen <span class=\"meta-nav\">&rarr;<\/span><\/a><\/p>\n","protected":false},"author":3,"featured_media":0,"parent":10361,"menu_order":0,"comment_status":"closed","ping_status":"closed","template":"","meta":{"footnotes":""},"class_list":["post-10705","page","type-page","status-publish","hentry"],"_links":{"self":[{"href":"https:\/\/ecclesiae.de\/blog\/index.php?rest_route=\/wp\/v2\/pages\/10705","targetHints":{"allow":["GET"]}}],"collection":[{"href":"https:\/\/ecclesiae.de\/blog\/index.php?rest_route=\/wp\/v2\/pages"}],"about":[{"href":"https:\/\/ecclesiae.de\/blog\/index.php?rest_route=\/wp\/v2\/types\/page"}],"author":[{"embeddable":true,"href":"https:\/\/ecclesiae.de\/blog\/index.php?rest_route=\/wp\/v2\/users\/3"}],"replies":[{"embeddable":true,"href":"https:\/\/ecclesiae.de\/blog\/index.php?rest_route=%2Fwp%2Fv2%2Fcomments&post=10705"}],"version-history":[{"count":1,"href":"https:\/\/ecclesiae.de\/blog\/index.php?rest_route=\/wp\/v2\/pages\/10705\/revisions"}],"predecessor-version":[{"id":10706,"href":"https:\/\/ecclesiae.de\/blog\/index.php?rest_route=\/wp\/v2\/pages\/10705\/revisions\/10706"}],"up":[{"embeddable":true,"href":"https:\/\/ecclesiae.de\/blog\/index.php?rest_route=\/wp\/v2\/pages\/10361"}],"wp:attachment":[{"href":"https:\/\/ecclesiae.de\/blog\/index.php?rest_route=%2Fwp%2Fv2%2Fmedia&parent=10705"}],"curies":[{"name":"wp","href":"https:\/\/api.w.org\/{rel}","templated":true}]}}