{"id":10707,"date":"2022-07-24T14:17:05","date_gmt":"2022-07-24T14:17:05","guid":{"rendered":"http:\/\/ecclesiae.de\/blog\/?page_id=10707"},"modified":"2022-07-24T14:17:05","modified_gmt":"2022-07-24T14:17:05","slug":"kreuzweg-der-liebe","status":"publish","type":"page","link":"https:\/\/ecclesiae.de\/blog\/?page_id=10707","title":{"rendered":"Kreuzweg der Liebe"},"content":{"rendered":"\n<p><strong>F\u00fcr Dich bin ICH den Weg des Kreuzes gegangen, \u00a0<br>f\u00fcr Dich, folge MIR nach.<br>F\u00fcr Dich bin ich den Weg der Liebe, des Leidens,<br>des Schmerzes, den Weg der Entsagung und des<br>Opfers gegangen.<br>Komm und geh mit MIR Deinem Gott und Erl\u00f6ser.<br>F\u00fcr Dich, weil ICH Dich liebe, f\u00fcr Deine Rettung.<br><br>1. Station!!!<br><br><br>Wir beten Dich an, Herr \u00a0Jesus Christus, \u00a0und preisen Dich.<br>Denn durch Dein heiliges Kreuz hast Du die Welt erl\u00f6st.<br>Ich habe MICH f\u00fcr Dich zum Tode verurteilen lassen, f\u00fcr Dich, f\u00fcr Dich.<br>F\u00fcr Dich, aus Liebe zu Dir, habe ich MICH ungerecht verurteilen lassen,<br>MEINEN Mund nicht aufgetan.<br>F\u00fcr Dich bin ICH geopfert worden, f\u00fcr Dich habe ich die L\u00e4sterungen<br>auf MICH genommen.<br>F\u00fcr Deine Rettung, habe ICH das Todesurteil des Pilatus schweigend<br>angenommen.<br>ICH bitte Dich, geh mit MIR, \u00a0an MEINER Seite und vergi\u00df nicht, mit welcher<br>Liebe ICH den Kreuzweg f\u00fcr Dich ging, sei nicht taub, MEINER Bitte gegen\u00fcber.<br>ICH bin f\u00fcr Dich gestorben, \u00a0f\u00fcr Dich, ja f\u00fcr Dich, damit Du das Leben hast, die<br>T\u00fcr zum ewigen Leben findest.<br>Wenn man Dich verurteilt, schau auf MICH, sicheren und festen Halt findest Du nur in MIR.<br>Nimmst Du dieses Kreuz an, \u00a0dann wirst Du MIR begegnen, \u00a0denn es ist eine T\u00fcr zu MIR.<br>BEDENKE, alles f\u00fcr Dich, f\u00fcr Dich, h\u00f6re doch, f\u00fcr Dich, habe ICH das alles getan!!!<br>Danke Jesus!<br>Schenke MIR all die Menschen, die Dich verurteilen, Dich verletzen, gib sie MIR ans Kreuz,<br>ICH k\u00fcmmere MICH darum.<br>Heilige Mutter, dr\u00fcck die Wunden, \u00a0die dein Sohn am Kreuz empfunden, tief in meine Seele ein.<\/strong><\/p>\n\n\n\n<p><strong>2. Station!!<br><br>Wir beten Dich an , Herr \u00a0Jesus Christus, \u00a0und preisen Dich.<br>Denn durch Dein heiliges Kreuz hast Du die Welt erl\u00f6st.<br>F\u00fcr Dich habe ICH das Kreuz auf MICH genommen<br>und mit Freude getragen.<br>Deine Krankheiten habe ICH f\u00fcr Dich getragen und<br>Deine Schmerzen auf MICH geladen.<br>F\u00fcr Dich, f\u00fcr Dich, f\u00fcr Dich \u00a0und aus Gehorsam zu MEINEM Vater, \u00a0<br>habe ich das Kreuz willig auf MICH genommen.<br>ICH bitte Dich, nimm Dein Kreuz auf Dich und folge MIR nach,<br>in Liebe und Freude, sag JA.<br>Wenn Du t\u00e4glich alles was Dir zust\u00f6\u00dft, ob es bitter oder s\u00fc\u00df ist,<br>als aus MEINER Hand willig entgegen nimmst, wirst Du sehr<br>schnell im Glauben wachsen und bekommst viele Gnade.<br>Bitte mich, dass ich Dich w\u00fcrdig mache, Deine Last zu tragen,<br>biete sie MIR als S\u00fchne an.<br>Gemeinsam mit MIR wirst Du nicht ermatten auf dem Weg nach Golgotha.<br>BEDENKE, es ist alles f\u00fcr Dich, f\u00fcr Dich, h\u00f6re doch, f\u00fcr Dich,<br>habe ICH das alles getan!!!<br>Trage Dein Kreuz in Liebe und Freude, \u00a0so wie ICH es Dir gezeigt habe.<br>Danke Jesus!<br>Heilige Mutter, dr\u00fcck die Wunden, \u00a0die dein Sohn am Kreuz empfunden,<br>tief in meine Seele ein.<\/strong><\/p>\n\n\n\n<p>3. Station<br><strong>Wir beten Dich an , Herr \u00a0Jesus Christus, \u00a0und preisen Dich.<br>Denn durch Dein heiliges Kreuz hast Du die Welt erl\u00f6st.<br>F\u00fcr Dich bin ICH unter dem Kreuz ohnm\u00e4chtig zusammengebrochen.<br>Das schwere Kreuz f\u00e4llt auf mich, es erdr\u00fcckt mich, alles f\u00fcr Dich.<br>Auf dem steinigen Boden wird MEIN Antlitz verletzt, MEIN heiliges \u00a0<br>Blut vermischt sich mit dem Staub der Erde, f\u00fcr Dich MEIN Kind, f\u00fcr Dich.<br>F\u00fcr Dich bin ICH verachtet, \u00a0geschlagen und gebeugt, \u00a0ein Mann der<br>Schmerzen, mit Krankheit vertraut.<br>Bitte \u00f6ffne Dein Herz, f\u00fcr MEINE Leiden und Schmerzen, \u00a0f\u00fcr alles was<br>ICH f\u00fcr Dich getan.<br>Opfere alles was ICH f\u00fcr Dich erlitt, MEINEM Vater auf, \u00a0zu Seiner gr\u00f6\u00dferen Ehre.<br>F\u00fcrchte Dich nicht, wenn Du f\u00e4llst, auch wenn Du vor den andern nicht<br>mehr gut dastehst, lerne zuzugeben, dass Du schwach bist, es ist doch<br>die T\u00fcr zur Demut, zu MIR Deinem Gott.<br>Habe Mut, \u00a0ICH gebe Dir die Kraft wieder aufzustehen und weiterzugehen.<br>F\u00fcr Dich, f\u00fcr Deine Vergehen, \u00a0hat man mich f\u00fcr gezeichnet und von Gott<br>geschlagen und gebeugt \u00a0gehalten.<br>F\u00fcr Dich bin ich den steinigen Weg zu Tode ermattet, mit der Last des<br>schweren Kreuzes weitergegangen. \u00a0<br>BEDENKE, es ist alles f\u00fcr Dich, f\u00fcr Dich, h\u00f6re doch, f\u00fcr Dich, habe ICH<br>das alles getan!!!<br>Gib Deine Fehler zu, \u00a0besch\u00f6nige sie nicht, gehe durch diese T\u00fcr zur Demut,<br>dort findest Du MICH.<br>Danke Jesus!<br>Heilige Mutter, dr\u00fcck die Wunden, \u00a0die dein Sohn am Kreuz empfunden,<br>tief in meine Seele ein.<\/strong><\/p>\n\n\n\n<p>4. Station<br><strong>Wir beten Dich an , Herr \u00a0Jesus Christus, \u00a0und preisen Dich.<br>Denn durch Dein heiliges Kreuz hast Du die Welt erl\u00f6st.<br>Meine Mutter hat alles Leid mit MIR getragen, sie durchlitt<br>MEINE Passion in ihrem Herzen.<br>F\u00fcr Dich, leide ich noch immer, \u00a0in den Kranken und Sterbenden,<br>den Verachteten am Rande lebenden Menschen.<br>Gib mir Dein zaghaftes \u00a0JA, Deine Bereitschaft und Deine Hingabe, \u00a0<br>siehe Herr da bin ich.<br>Nimm Dich an wie Du bist, akzeptiere Deine Schw\u00e4chen und Fehler.<br>ICH, JESUS \u00a0bin Dein wahrer Freund, \u00a0ICH liebe Dich wie Du bist.<br>BEDENKE, es ist alles f\u00fcr Dich, f\u00fcr Dich, h\u00f6re doch, f\u00fcr Dich, habe<br>ICH das alles getan!!!<br>Danke Jesus!<br>Liebe MICH, ohne Vorbehalt!<br>Heilige Mutter, dr\u00fcck die Wunden, \u00a0die dein Sohn am Kreuz empfunden,<br>tief in meine Seele ein.<\/strong><\/p>\n\n\n\n<p>5. Station<br><strong>Wir beten Dich an , Herr \u00a0Jesus Christus, \u00a0und preisen Dich.<br>Denn durch Dein heiliges Kreuz hast Du die Welt erl\u00f6st.<br>Ich vermochte die Kreuzeslast nicht mehr zu tragen.<br>F\u00fcr Dich, \u00a0f\u00fcr Dich habe ICH MICH verachten lassen.<br>Simon wo bist Du?<br>Willst Du MEIN J\u00fcnger sein, so folge MIR nach.<br>F\u00fcr Dich, aus Liebe zu Dir leide ICH.<br>Geh doch vor den andern her und sei MEIN Simon von Cyrene.<br>ICH sehnte mich nach Hilfe, Mitleid und Liebe, alles f\u00fcr Dich,<br>f\u00fcr Dich.<br>F\u00fcr Dich verwundet und blutend, \u00a0auf dem Weg nach Golgotha.<br>F\u00fcr Dich habe ICH all Deine S\u00fcnden auf MICH geladen, f\u00fcr Dich.<br>BEDENKE, es ist alles f\u00fcr Dich, f\u00fcr Dich, h\u00f6re doch, f\u00fcr Dich,<br>habe ICH das alles getan!!!<br>Danke Jesus!<br>Tr\u00f6ste MEIN Herz!<br>Heilige Mutter, dr\u00fcck die Wunden, \u00a0die dein Sohn am Kreuz<br>empfunden, tief in meine Seele ein.<\/strong><\/p>\n\n\n\n<p>6. Station<br><strong>Wir beten Dich an , Herr \u00a0Jesus Christus, \u00a0und preisen Dich.<br>Denn durch Dein heiliges Kreuz hast Du die Welt erl\u00f6st.<br>F\u00fcr Dich bin ICH den qualvollen Weg zum Tod gegangen.<br>F\u00fcr Dich wurde MEINE Gestalt zerschlagen von w\u00fctenden<br>Henkersknechten.<br>F\u00fcr Dich waren MEINE Augen gef\u00fcllt mit Tr\u00e4nen und Blut.<br>Alles f\u00fcr Dich, f\u00fcr Dich, betrachte doch MEIN schmerzerf\u00fclltes<br>Antlitz.<br>Veronika wo bist Du?<br>Sei MEINE Veronika, sie hat die Menschenfurcht \u00fcberwunden,<br>aus Liebe zu MIR.<br>F\u00fcr Dich, f\u00fcr Dich, ja, betrachte und \u00a0liebe MEINE Wunden,<br>ICH hab sie f\u00fcr Dich verdient.<br>F\u00fcr Dich hat MEIN Herz diesen teuren Preis bezahlt.<br>Gib MIR \u00a0Deine Menschenfurcht!<br>BEDENKE, es ist alles f\u00fcr Dich, f\u00fcr Dich, h\u00f6re doch, f\u00fcr Dich,<br>habe ICH das alles getan!!!<br>Danke Jesus!<br>Heilige Mutter, dr\u00fcck die Wunden, \u00a0die dein Sohn am Kreuz<br>empfunden, tief in meine Seele ein.<\/strong><\/p>\n\n\n\n<p>7. Station<br><strong>Wir beten Dich an, Herr Jesus Christus, und preisen Dich.<br>Denn durch Dein heiliges Kreuz hast Du die Welt erl\u00f6st.<br>Die Last Deiner \u00a0Wiederholungss\u00fcnden und Fehler \u00a0hat MICH<br>erneut zu Boden gedr\u00fcckt.<br>F\u00fcr Dich, Deine Gleichg\u00fcltigkeit und Bosheit, Deine Untreue<br>im Alltag, die MICH Deinen Gott fallen lie\u00df.<br>F\u00fcr Dich, Deinen Eigenwillen, Deine Selbstsucht und<br>Selbstgef\u00e4lligkeit, bin ICH gest\u00fcrzt.<br>F\u00fcr Dich, \u00a0Dein nein, Dein Kreuz zu tragen, Deine Angst vor<br>dem Opfer, Deine mangelnde Liebe und Hingabe, Deine Furcht \u00a0<br>vor dem Leid, Dein Zagen in der Selbstverleugnung, Dein<br>stolzes ich, das alles hat MICH wieder zu Boden gedr\u00fcckt.<br>F\u00fcr Dich, Deine Lieblosigkeiten im Alltag, \u00a0Deine Eigenliebe,<br>bin ICH auf die Erde in den Staub gesunken.<br>F\u00fcr Dich, f\u00fcr Dich habe ICH dieses Kreuz auf MICH genommen.<br>Bete f\u00fcr alle Kranken, Leidenden, Verfolgten, \u00a0Sterbenden\u2026..<br>bete f\u00fcr alle die Du im +Herzen tr\u00e4gst, (mache ein Kreuzzeichen<br>auf Deinem Herzen) und f\u00fcr alle die Dir je begegnet sind von<br>Empf\u00e4ngnis an und noch begegnen werden bis zum letzten<br>Atemzug, und f\u00fcr alle Menschen von Adam bis zum letztgeborenen<br>Menschen, der auf dieser Erde wohnen wird.<br>Das Gebet ist der Schl\u00fcssel zu MIR.<br>BEDENKE, es ist alles f\u00fcr Dich, f\u00fcr Dich, h\u00f6re doch, f\u00fcr Dich,<br>habe ICH das alles getan!!!<br>Danke Jesus!<br>Heilige Mutter, dr\u00fcck die Wunden, \u00a0die dein Sohn am Kreuz<br>empfunden, tief in meine Seele ein.<\/strong><\/p>\n\n\n\n<p>8. Station<br><strong>Wir beten Dich an , Herr \u00a0Jesus Christus, \u00a0<br>und preisen Dich.<br>Denn durch Dein heiliges Kreuz<br>hast Du die Welt erl\u00f6st.<br>F\u00fcr Dich, habe ICH Dein GOTT, \u00fcber MEIN<br>eigenes Leiden hinweggesehen und Dich getr\u00f6stet.<br>F\u00fcr Dich, f\u00fcr Deine tiefe Not, die von der S\u00fcnde<br>kommt, gie\u00dfe ICH MEINE Barmherzigkeit aus,<br>wenn Du von ganzem Herzen bereust.<br>Deine Herzensh\u00e4rte und Blindheit und Dein<br>Selbstmitleid ist tragisch.<br>Weinst Du aus echter Reue, \u00fcber Deine S\u00fcnden,<br>weil Du wahrhaftig zu MIR umkehren willst,<br>oder weinst Du weil die andern gesehen haben,<br>dass Du doch nicht so gut und perfekt bist,<br>weil Du versagt hast?<br>Weine aus Liebe zu MIR und echter Sehnsucht \u00a0<br>MEINEN Willen zu tun, diese Tr\u00e4nen sind MIR<br>angenehm, gib sie MIR, ICH werde sie verwandeln,<br>und Dir Frieden und Freude schenken.<br>Habe Mut, ICH gebe Dir die Kraft die Welt zu<br>besiegen, \u00a0ICH Dein Gott gebe Dir Trost.<br>Ahme MICH nach, indem Du trotz Deinem Leid,<br>andere tr\u00f6stest.<br>BEDENKE, es ist alles f\u00fcr Dich, f\u00fcr Dich, h\u00f6re doch,<br>f\u00fcr Dich, habe ICH<br>das alles getan!!!<br>Danke Jesus!<br>Heilige Mutter, dr\u00fcck die Wunden, \u00a0die dein Sohn<br>am Kreuz empfunden, tief in meine Seele ein.<\/strong><\/p>\n\n\n\n<p>9. Station<br><strong>Wir beten Dich an , Herr \u00a0Jesus Christus,<br>und preisen Dich.<br>Denn durch Dein heiliges Kreuz hast Du<br>die Welt erl\u00f6st.<br>F\u00fcr Dich bin ICH zum dritten Mal unter der<br>Last des Kreuzes zusammengebrochen.<br>F\u00fcr Dich bin ICH zu Tode ersch\u00f6pft,<br>zerschlagen unter Tr\u00fcmmer begraben, \u00a0<br>um das Werk zu vollenden, das der Vater<br>MIR aufgetragen.<br>F\u00fcr Dich in den Staub gebeugt ist MEINE Seele.<br>F\u00fcr Dich ist MEIN Leib zu Boden getreten.<br>F\u00fcr Deine Schuld, sie dr\u00fcckt MICH nieder wie<br>eine schwere Last.<br>Auch f\u00fcr Dich werden schwere Stunden kommen<br>in Deinem Leben.<br>Wenn Du unter Deinem Leid zusammenbrichst,<br>die Sorgen Dich erdr\u00fccken,<br>Du unter dem Kreuz liegst, dann warte ICH auf<br>einen Ruf von Dir: O Gott komm mir zu Hilfe,<br>Herr eile mir zu helfen, dann bin ICH da um Dir<br>zu helfen, Dich aufzuheben.<br>F\u00fcr Dich, darum f\u00fcrchte Dich nicht, \u00a0sorge Dich<br>nicht, lass Die Hoffnung nicht sinken, ICH bin bei Dir.<br>Bist Du bereit mit MIR nach Golgotha zu gehen, \u00a0Deine<br>Liebe, S\u00fchne und Opfer \u00a0dient der Verherrlichung<br>des Vaters.<br>BEDENKE, es ist alles f\u00fcr Dich, f\u00fcr Dich, h\u00f6re doch,<br>f\u00fcr Dich, habe ICH das alles getan!!!<br>Danke Jesus!<br>Heilige Mutter, dr\u00fcck die Wunden, \u00a0die dein Sohn<br>am Kreuz empfunden, tief in meine Seele ein.<\/strong><\/p>\n\n\n\n<p>10. Station<br><strong>Wir beten Dich an , Herr \u00a0Jesus Christus, \u00a0und preisen Dich.<br>Denn durch Dein heiliges Kreuz hast Du die Welt erl\u00f6st.<br>F\u00fcr Dich habe ICH MIR alles nehmen lassen,<br>auch MEIN eigenes Gewand.<br>F\u00fcr Dich die totale Armut und Entbl\u00f6\u00dfung.<br>Gib MIR Deine Kleider, \u201e des sch\u00f6n dastehen wollen\u201c, \u00a0<br>schenke MIR Deinen eigenen Willen, \u00a0lass los Deine<br>Ehre, \u00fcbergib MIR Deine Lieblosigkeit, \u00a0Deine<br>Missachtung des \u00a0N\u00e4chsten, Deine Blindheit f\u00fcr die<br>Sorgen der andern, gib MIR alles was sich Deiner<br>Seele anheftet. Lass Dir Deine stolzen Gew\u00e4nder<br>Deines ich\u2018s vom Leibe rei\u00dfen, sie behindern Dich<br>auf dem Weg zu MIR. Wasche Deine<br>hochm\u00fctigen schmutzigen Gew\u00e4nder in der<br>Seelenwaschmaschine, \u00a0lass Dich befreien von<br>dem L\u00e4rm schlechter Gedanken.<br>Gestehe Dir ein, dass Du schwach bist und nichts<br>alleine vermagst, ICH gebe Dir das Gewand der<br>Liebe, BEDENKE, es ist alles f\u00fcr Dich, f\u00fcr Dich,<br>h\u00f6re doch, f\u00fcr Dich, habe ICH das alles getan!!!<br>Danke Jesus!<br>Heilige Mutter, dr\u00fcck die Wunden, \u00a0die dein Sohn<br>am Kreuz empfunden, tief in meine Seele ein.<\/strong><\/p>\n\n\n\n<p>11. Station<br><strong>Wir beten Dich an , Herr \u00a0Jesus Christus, \u00a0und preisen Dich.<br>Denn durch Dein heiliges Kreuz hast Du die Welt erl\u00f6st.<br>F\u00fcr Dich habe ICH MEINE H\u00e4nde und F\u00fc\u00dfe durchbohren, \u00a0<br>und \u00a0MICH ans Kreuz schlagen lassen.<br>F\u00fcr Dich \u00a0hat sich das Wort erf\u00fcllt: Wenn ICH von der Erde<br>erh\u00f6ht bin, werde ICH alle an MICH ziehen.<br>F\u00fcr Dich habe ICH diesen unbeschreiblichen Schmerz, als<br>man MIR die N\u00e4gel durch H\u00e4nde und F\u00fc\u00dfe trieb, erduldet.<br>F\u00fcr Dich habe ich MIR die Freiheit nehmen lassen, \u00a0im<br>Bewusstsein, dass es der Vater so will.<br>Bist Du bereit, Dich an das Kreuz Deines Lebens schlagen<br>zu lassen, Deine H\u00e4nde und F\u00fc\u00dfe den N\u00e4geln auszuliefern,<br>Deine Freiheit zu opfern, Dein ich in den Flammen der<br>Liebe verzehren zu lassen.<br>Lass Dich an das Kreuz der Liebe schlagen.<br>F\u00fcr Dich habe ich den Himmel ge\u00f6ffnet, \u00a0aber es ist Dein<br>freier Wille es anzunehmen.<br>BEDENKE, es ist alles f\u00fcr Dich, f\u00fcr Dich, h\u00f6re doch, f\u00fcr Dich,<br>habe ICH das alles getan!!!<br>Danke Jesus!<br>Heilige Mutter, dr\u00fcck die Wunden, \u00a0die dein Sohn am Kreuz<br>empfunden, tief in meine Seele ein.<\/strong><\/p>\n\n\n\n<p>12. Station<br><strong>Wir beten Dich an , Herr \u00a0Jesus Christus, \u00a0und preisen Dich.<br>Denn durch Dein heiliges Kreuz hast Du die Welt erl\u00f6st.<br>ICH bin f\u00fcr Dich aus Liebe gestorben.<br>F\u00fcr Dich ist es vollbracht, \u00a0Vater in Deine H\u00e4nde befehle<br>ICH MEINEN Geist.<br>F\u00fcr Dich habe ICH durch MEIN Sterben, die T\u00fcr zum Ewigen<br>Leben f\u00fcr Dich ge\u00f6ffnet, darum nutze die Sakramente.<br>F\u00fcr Dich habe ICH das gr\u00f6\u00dfte S\u00fchneopfer gebracht um Dich<br>zu erl\u00f6sen, damit der Weg zum Vater frei ist, f\u00fcr Dich,<br>alles f\u00fcr Dich.<br>BEDENKE, es ist alles f\u00fcr Dich, f\u00fcr Dich, h\u00f6re doch, f\u00fcr Dich,<br>habe ICH das alles getan!!!<br>Danke Jesus!<br>Heilige Mutter, dr\u00fcck die Wunden, \u00a0die dein Sohn am Kreuz<br>empfunden, tief in meine Seele ein.<\/strong><\/p>\n\n\n\n<p>13. Station<br><strong>Wir beten Dich an , Herr \u00a0Jesus Christus, \u00a0<br>und preisen Dich.<br>Denn durch Dein heiliges Kreuz hast Du<br>die Welt erl\u00f6st.<br>F\u00fcr Deine S\u00fcnden bin ICH zu Tode gequ\u00e4lt.<br>F\u00fcr Dich verlor ICH alle Sch\u00f6nheit.<br>F\u00fcr Dich war MEIN Blick erloschen.<br>MEIN toter Leib ruht in den Armen<br>der Mutter.<br>Mit welcher Liebe und Ehrfurcht betet<br>sie MICH an.<br>Ihre Tr\u00e4nen fallen auf MEIN Antlitz.<br>Ruhe auch Du im Scho\u00df MEINER und<br>Deiner Mutter.<br>Bete MICH mit Maria an, tr\u00f6ste sie<br>und lass Deine Tr\u00e4nen auf MEINE<br>Wunden fallen.<br>BEDENKE, es ist alles f\u00fcr Dich,<br>f\u00fcr Dich, h\u00f6re doch, f\u00fcr Dich, habe<br>ICH das alles getan!!!<br>Danke Jesus!<br>Heilige Mutter, dr\u00fcck die Wunden, \u00a0<br>die dein Sohn am Kreuz empfunden,<br>tief in meine Seele ein.<\/strong><\/p>\n\n\n\n<p>14. Station<br><strong>Wir beten Dich an , Herr \u00a0Jesus Christus, \u00a0<br>und preisen Dich.<br>Denn durch Dein heiliges Kreuz hast Du<br>die Welt erl\u00f6st.<br>Nun wei\u00dft Du welch grausamen Tod ICH Dein Gott<br>erdulden musste.<br>H\u00e4ttest Du je gedacht, dass ICH Dein Gott, f\u00fcr Dich,<br>MEIN Kind, einen solchen Tod erleide?<br>Betrachte oft MEINEN Kreuzweg, MEINE Passion,<br>denke in Liebe an MICH.<br>Beim Beten des Kreuzweges, erkennst Du, dass Du<br>durch MEINE Wunden geheilt bist.<br>Du wirst MEINE Liebe nie \u00a0begreifen, \u00a0sie ist f\u00fcr<br>Dich unfassbar.<br>ICH, Dein Gott, habe Dir den Weg gezeigt, wie Du<br>f\u00fcr MICH aus Liebe leiden darfst.<br>Joh. 12\/24-25; 24 Wahrlich, wahrlich, ich sage euch:<br>Wenn das Weizenkorn nicht in die Erde<br>f\u00e4llt und stirbt, 25 bleibt es allein; wenn es aber stirbt,<br>bringt es viele Frucht. Wer sein Leben<br>liebt, verliert es, und wer sein Leben in dieser Welt<br>ha\u00dft, wird es zu ewigem Leben bewahren.<br>BEDENKE, es ist alles f\u00fcr Dich, f\u00fcr Dich, h\u00f6re doch,<br>f\u00fcr Dich, habe ICH das alles getan!!!<br>Danke Jesus!<br>Heilige Mutter, dr\u00fcck die Wunden, \u00a0die dein Sohn am<br>Kreuz empfunden, tief in meine Seele ein.<\/strong><\/p>\n\n\n\n<p>Schlu\u00dfgebet<br><strong>Herr Jesus Christus, wir haben die Stationen<br>Deines Blutvergie\u00dfens betrachtet. Du hast Dich f\u00fcr uns<br>erniedrigt, um uns von der S\u00fcnde zu reinigen und uns<br>zu heiligen als Kinder Deines Vaters. Wir danken Dir<br>und bitten Dich um die Gnade, da\u00df wir auch unser<br>eigenes Blut und Leben einsetzen k\u00f6nnen zur<br>Verherrlichung Gottes und zum Heil unserer Mitmenschen.<br>La\u00df uns in den frohen und leidvollen Stunden unseres<br>Lebens an den Preis unserer Erl\u00f6sung denken und von<br>Herzen Deine Liebe erwidern. Amen.<br>Lob und Dank sei Jesus alle Zeit,<br>Der uns mit seinem Blute hat befreit.<\/strong><\/p>\n","protected":false},"excerpt":{"rendered":"<p>F\u00fcr Dich bin ICH den Weg des Kreuzes gegangen, \u00a0f\u00fcr Dich, folge MIR nach.F\u00fcr Dich bin ich den Weg der Liebe, des Leidens,des Schmerzes, den Weg der Entsagung und desOpfers gegangen.Komm und geh mit MIR Deinem Gott und Erl\u00f6ser.F\u00fcr Dich, &hellip; <a href=\"https:\/\/ecclesiae.de\/blog\/?page_id=10707\">Weiterlesen <span class=\"meta-nav\">&rarr;<\/span><\/a><\/p>\n","protected":false},"author":3,"featured_media":0,"parent":10361,"menu_order":0,"comment_status":"closed","ping_status":"closed","template":"","meta":{"footnotes":""},"class_list":["post-10707","page","type-page","status-publish","hentry"],"_links":{"self":[{"href":"https:\/\/ecclesiae.de\/blog\/index.php?rest_route=\/wp\/v2\/pages\/10707","targetHints":{"allow":["GET"]}}],"collection":[{"href":"https:\/\/ecclesiae.de\/blog\/index.php?rest_route=\/wp\/v2\/pages"}],"about":[{"href":"https:\/\/ecclesiae.de\/blog\/index.php?rest_route=\/wp\/v2\/types\/page"}],"author":[{"embeddable":true,"href":"https:\/\/ecclesiae.de\/blog\/index.php?rest_route=\/wp\/v2\/users\/3"}],"replies":[{"embeddable":true,"href":"https:\/\/ecclesiae.de\/blog\/index.php?rest_route=%2Fwp%2Fv2%2Fcomments&post=10707"}],"version-history":[{"count":1,"href":"https:\/\/ecclesiae.de\/blog\/index.php?rest_route=\/wp\/v2\/pages\/10707\/revisions"}],"predecessor-version":[{"id":10708,"href":"https:\/\/ecclesiae.de\/blog\/index.php?rest_route=\/wp\/v2\/pages\/10707\/revisions\/10708"}],"up":[{"embeddable":true,"href":"https:\/\/ecclesiae.de\/blog\/index.php?rest_route=\/wp\/v2\/pages\/10361"}],"wp:attachment":[{"href":"https:\/\/ecclesiae.de\/blog\/index.php?rest_route=%2Fwp%2Fv2%2Fmedia&parent=10707"}],"curies":[{"name":"wp","href":"https:\/\/api.w.org\/{rel}","templated":true}]}}