{"id":10713,"date":"2022-07-24T14:23:55","date_gmt":"2022-07-24T14:23:55","guid":{"rendered":"http:\/\/ecclesiae.de\/blog\/?page_id=10713"},"modified":"2022-07-24T14:23:55","modified_gmt":"2022-07-24T14:23:55","slug":"familiengebet-von-papst-franziskus","status":"publish","type":"page","link":"https:\/\/ecclesiae.de\/blog\/?page_id=10713","title":{"rendered":"Familiengebet von Papst Franziskus"},"content":{"rendered":"\n<p><br>Jesus, Maria und Josef,<br>in euch betrachten wir<br>den Glanz der wahren Liebe,<br>an euch wenden wir uns voll Vertrauen.<br><br>Heilige Familie von Nazareth,<br>mache auch unsere Familien<br>zu Orten der Gemeinschaft und R\u00e4umen des Gebetes,<br>zu echten Schulen des Evangeliums<br>und kleinen Hauskirchen.<br><br>Heilige Familie von Nazareth,<br>nie mehr gebe es in unseren Familien<br>Gewalt, Verschlossenheit und Spaltung:<br>Wer Verletzung erfahren oder Ansto\u00df nehmen musste,<br>finde bald Trost und Heilung.<br><br>Heilige Familie von Nazareth,<br>m\u00f6ge die kommende Bischofssynode<br>in allen wieder das Bewusstsein erwecken<br>f\u00fcr die Heiligkeit und Unantastbarkeit der Familie,<br>f\u00fcr ihre Sch\u00f6nheit im Plan Gottes.<br><br>Jesus, Maria und Josef,<br>h\u00f6rt und erh\u00f6rt unser Flehen!<\/p>\n","protected":false},"excerpt":{"rendered":"<p>Jesus, Maria und Josef,in euch betrachten wirden Glanz der wahren Liebe,an euch wenden wir uns voll Vertrauen. Heilige Familie von Nazareth,mache auch unsere Familienzu Orten der Gemeinschaft und R\u00e4umen des Gebetes,zu echten Schulen des Evangeliumsund kleinen Hauskirchen. Heilige Familie von &hellip; <a href=\"https:\/\/ecclesiae.de\/blog\/?page_id=10713\">Weiterlesen <span class=\"meta-nav\">&rarr;<\/span><\/a><\/p>\n","protected":false},"author":3,"featured_media":0,"parent":10545,"menu_order":0,"comment_status":"closed","ping_status":"closed","template":"","meta":{"footnotes":""},"class_list":["post-10713","page","type-page","status-publish","hentry"],"_links":{"self":[{"href":"https:\/\/ecclesiae.de\/blog\/index.php?rest_route=\/wp\/v2\/pages\/10713","targetHints":{"allow":["GET"]}}],"collection":[{"href":"https:\/\/ecclesiae.de\/blog\/index.php?rest_route=\/wp\/v2\/pages"}],"about":[{"href":"https:\/\/ecclesiae.de\/blog\/index.php?rest_route=\/wp\/v2\/types\/page"}],"author":[{"embeddable":true,"href":"https:\/\/ecclesiae.de\/blog\/index.php?rest_route=\/wp\/v2\/users\/3"}],"replies":[{"embeddable":true,"href":"https:\/\/ecclesiae.de\/blog\/index.php?rest_route=%2Fwp%2Fv2%2Fcomments&post=10713"}],"version-history":[{"count":1,"href":"https:\/\/ecclesiae.de\/blog\/index.php?rest_route=\/wp\/v2\/pages\/10713\/revisions"}],"predecessor-version":[{"id":10714,"href":"https:\/\/ecclesiae.de\/blog\/index.php?rest_route=\/wp\/v2\/pages\/10713\/revisions\/10714"}],"up":[{"embeddable":true,"href":"https:\/\/ecclesiae.de\/blog\/index.php?rest_route=\/wp\/v2\/pages\/10545"}],"wp:attachment":[{"href":"https:\/\/ecclesiae.de\/blog\/index.php?rest_route=%2Fwp%2Fv2%2Fmedia&parent=10713"}],"curies":[{"name":"wp","href":"https:\/\/api.w.org\/{rel}","templated":true}]}}