{"id":10715,"date":"2022-07-24T14:25:04","date_gmt":"2022-07-24T14:25:04","guid":{"rendered":"http:\/\/ecclesiae.de\/blog\/?page_id=10715"},"modified":"2022-07-24T14:25:04","modified_gmt":"2022-07-24T14:25:04","slug":"litanei-an-die-patrone-der-kranken-2","status":"publish","type":"page","link":"https:\/\/ecclesiae.de\/blog\/?page_id=10715","title":{"rendered":"Litanei an die Patrone der Kranken"},"content":{"rendered":"\n<p><br>Herr, erbarme dich unser !<br>Christus, erbarme dich unser !<br>Herr, erbarme dich unser !<br>Christus, h\u00f6re uns !<br>Christus, erh\u00f6re uns !<br>Gott Vater im Himmel , erbarme dich unser!<br>Gott Sohn, Erl\u00f6ser der Welt, erbarme dich unser!<br>Gott, Heiliger Geist, erbarme dich unser!<br>Heiligste Dreifaltigkeit, ein einiger Gott, erbarme dich unser!<br><br>Hl. Maria, du Heil der Kranken ! Bitte f\u00fcr uns !<br>Hl. Maria, du Hilfe der Christen !<br>Hl. Maria, du Tr\u00f6sterin der Betr\u00fcbten !<br>Hl. Josef, du gro\u00dfer Helfer in jeder Not !<br>Hl. Adalbero von Stift Lambach,<br>du gro\u00dfer Helfer der Kranken und Leidenden !<br>Hl. Andreas, du Patron bei Gicht und Rheuma !<br>Hl. Antonius, du Patron bei allen ansteckenden<br>Krankheiten und Entz\u00fcndungen !<br>Hl. \u00c4gidius, du Patron bei allen geistigen und seelischen Erkrankungen !<br>Hl. Bartolom\u00e4us, du Patron bei allen Haut und Nervenerkrankungen !<br>Hl. Barnabas, du Patron bei aller Betr\u00fcbnis und Schwermut !<br>Hl. Benedikt, du Patron bei allen Entz\u00fcndungen und fieberhaften Erkrankungen !<br>Hl. Blasius, du Patron bei allen Erkrankungen des Halses und des Kehlkopfes !<br>Hl. Bruder Konrad von Alt\u00f6tting, du Patron bei allenBruch und Bauchleiden !<br>Hl. Erasmus, du Patron bei allen Leiden der Ged\u00e4rme und Eingeweide !<br>Hl. Eduard, du Patron bei allen Dr\u00fcsenkrankheiten !<br>Hl. Franziskus von Assisi, du Patron bei Kopfweh und Kopferkrankungen !<br>Hl. Fridolin, du Patron bei allen Arm und Beinleiden !<br>Hl. Ignatius, du Patron bei allen Gewissens\u00e4ngsten und Gewissensbissen !<br>Hl. Johannes Baptist, du Patron bei allen Angriffen des Hasses und der Rachsucht !<br>Hl. Johannes Evangelist, du Patron bei allen Vergiftungen und f\u00e4ulniserregenden Krankheiten !<br>Hl. Johannes von Gott, du Patron aller Leidenden, Siechenden und Pflegebed\u00fcrftigen !<br>Hl. Judas Thad\u00e4us du Patron in allen verzweifelten Anliegen !<br>Hl. Kamillus, du Patron der Kranken, der Krankenhelfer und der Spit\u00e4ler !<br>Hl. Kosmas und Damianus, ihr heiligen Patrone der \u00c4rzte und der Apoteker !<br>Hl. Laurentius, du Patron bei Brandwunden und R\u00fcckenschmerzen !<br>Hl. Odilo, du Patron bei allen Leber-, Nieren &#8211; und Steinleiden !<br>Hl. Peregrinus, du Patron bei nicht heilenden Beinwunden !<br>Hl. Rochus, du Patron bei allen Geschw\u00fcren und Eiterungen !<br>Hl. Thimotheus, du Patron f\u00fcr alle Magenleidende !<br>Hl. Urban, du Patron gegen die Trunksucht und allen schlechten Leidenschaften !<br>Hl. Valentin und St. Veit, ihr Patrone gegen alle epileptischen Anf\u00e4lle !<br>Hl. Werenfried, du Patron bei allen Gelenksleiden !<br>Hl. Wolfgang, du Patron bei allen L\u00e4hmungen und Schlaganf\u00e4llen !<br>Hl. Mutter Anna, du Patronin bei allen Familienzwistigkeiten !<br>Hl. Adelgunde, du Patronin bei allen Geschw\u00fclsten und Krebserkrankungen !<br>Hl. Agatha, du Patronin bei allen Brust und Hautleiden !<br>Hl. Babara, du Patronin um einen guten Tod !<br>Hl. Brigitte, du Patronin bei allen F\u00e4llen des Ungl\u00fccks und der Unf\u00e4lle !<br>Hl. Elisabeth, du Patronin der N\u00e4chstenliebe an Arme und Kranke !<br>Hl. Hemma, du Patronin bei der Erkrankung der Augen !<br>Hl. Lidwina, du Patronin des Krankenapostolates !<br>Hl. Luzia, du Patronin bei allen Infektionskrankheiten !<br>Hl. Ottilie, du Patronin bei der Erblindung der Augen !<br>Hl. Rita, du Patronin in allen aussichtslosen F\u00e4llen !<br>Hl. Theresia, du Patronin bei allen Herz und Gef\u00e4\u00dfleiden !<br>All, ihr heiligen 14 Nothelfer, ihr Patrone und Helfer in jeder Not !<br><br>O, du Lamm Gottes, das du hinwegnimmst die S\u00fcnden der Welt; verschone uns, o Herr !<br>O, du Lamm Gottes, das du hinwegnimmst die S\u00fcnden der Welt; erh\u00f6re uns, o Herr !<br>O, du Lamm Gottes, das du hinwegnimmst die S\u00fcnden der Welt; erbarme dich unser, o Herr !<br><br>Q: Pater Bernhard Kunst bei seinen Heilungsgottesdiensten mit gro\u00dfer Wirkungskraft!<\/p>\n","protected":false},"excerpt":{"rendered":"<p>Herr, erbarme dich unser !Christus, erbarme dich unser !Herr, erbarme dich unser !Christus, h\u00f6re uns !Christus, erh\u00f6re uns !Gott Vater im Himmel , erbarme dich unser!Gott Sohn, Erl\u00f6ser der Welt, erbarme dich unser!Gott, Heiliger Geist, erbarme dich unser!Heiligste Dreifaltigkeit, ein &hellip; <a href=\"https:\/\/ecclesiae.de\/blog\/?page_id=10715\">Weiterlesen <span class=\"meta-nav\">&rarr;<\/span><\/a><\/p>\n","protected":false},"author":3,"featured_media":0,"parent":10496,"menu_order":0,"comment_status":"closed","ping_status":"closed","template":"","meta":{"footnotes":""},"class_list":["post-10715","page","type-page","status-publish","hentry"],"_links":{"self":[{"href":"https:\/\/ecclesiae.de\/blog\/index.php?rest_route=\/wp\/v2\/pages\/10715","targetHints":{"allow":["GET"]}}],"collection":[{"href":"https:\/\/ecclesiae.de\/blog\/index.php?rest_route=\/wp\/v2\/pages"}],"about":[{"href":"https:\/\/ecclesiae.de\/blog\/index.php?rest_route=\/wp\/v2\/types\/page"}],"author":[{"embeddable":true,"href":"https:\/\/ecclesiae.de\/blog\/index.php?rest_route=\/wp\/v2\/users\/3"}],"replies":[{"embeddable":true,"href":"https:\/\/ecclesiae.de\/blog\/index.php?rest_route=%2Fwp%2Fv2%2Fcomments&post=10715"}],"version-history":[{"count":1,"href":"https:\/\/ecclesiae.de\/blog\/index.php?rest_route=\/wp\/v2\/pages\/10715\/revisions"}],"predecessor-version":[{"id":10716,"href":"https:\/\/ecclesiae.de\/blog\/index.php?rest_route=\/wp\/v2\/pages\/10715\/revisions\/10716"}],"up":[{"embeddable":true,"href":"https:\/\/ecclesiae.de\/blog\/index.php?rest_route=\/wp\/v2\/pages\/10496"}],"wp:attachment":[{"href":"https:\/\/ecclesiae.de\/blog\/index.php?rest_route=%2Fwp%2Fv2%2Fmedia&parent=10715"}],"curies":[{"name":"wp","href":"https:\/\/api.w.org\/{rel}","templated":true}]}}