{"id":10719,"date":"2022-07-24T14:27:11","date_gmt":"2022-07-24T14:27:11","guid":{"rendered":"http:\/\/ecclesiae.de\/blog\/?page_id=10719"},"modified":"2022-07-24T14:27:11","modified_gmt":"2022-07-24T14:27:11","slug":"gebet-fuer-einen-kranken-medjugorje","status":"publish","type":"page","link":"https:\/\/ecclesiae.de\/blog\/?page_id=10719","title":{"rendered":"Gebet f\u00fcr einen Kranken &#8211; Medjugorje"},"content":{"rendered":"\n<p>O mein Gott,<br>dieser Kranke, der jetzt vor Dir ist,<br>ist gekommen, um Dich f\u00fcr das zu bitten,<br>was ihm als das Wichtigste erscheint:<br>Das, was er w\u00fcnscht,<br>empfindet er als das Allerwichtigste.<br>Aber Du, Herr, gib ihm diese Worte ins Herz:<br>&#8222;Wichtig ist, da\u00df die Seele gesund ist!&#8220;<br><br>Herr, es soll sich an ihm<br>Dein heiliger Wille in allem erf\u00fcllen!<br>Wenn Du es willst,<br>soll er die Gesundheit erhalten.<br>Wenn es aber Dein Wille ist,<br>soll er weiterhin sein Kreuz tragen.<br><br>Und ich bitte Dich f\u00fcr uns, die wir<br>f\u00fcr ihn beten: Reinige unsere Herzen,<br>damit wir w\u00fcrdig sind, da\u00df Du durch uns<br>Deine heiligen Gnaden schenkst.<br><br>Beh\u00fcte ihn und erleichtere seine Schmerzen!<br>Dein heiliger Wille soll sich an ihm erf\u00fcllen<br>und Deine g\u00f6ttliche Liebe soll sich<br>an ihm offenbaren.<br>Hilf ihm, da\u00df er tapfer das Kreuz tr\u00e4gt.<\/p>\n\n\n\n<p>Danach betet 3mal &#8222;Ehre sei dem Vater&#8230;&#8220;<br>(22.6.1985)<br><br>Gebete, die UNSERE LIEBE FRAU von Medjugorje<br>der Seherin Jelena Vasilj gegeben hat. \u00a0<br>Die Mutter Gottes empfiehlt, wir m\u00f6gen sie t\u00e4glich, \u00a0<br>auch \u00f6fter beten. Sie sagt, \u00a0<br>diese Gebete haben eine besondere Kraft in sich.<br>(Gebetsaktion- Medjugorje- Postfach 18, 1153 Wien)<\/p>\n","protected":false},"excerpt":{"rendered":"<p>O mein Gott,dieser Kranke, der jetzt vor Dir ist,ist gekommen, um Dich f\u00fcr das zu bitten,was ihm als das Wichtigste erscheint:Das, was er w\u00fcnscht,empfindet er als das Allerwichtigste.Aber Du, Herr, gib ihm diese Worte ins Herz:&#8222;Wichtig ist, da\u00df die Seele &hellip; <a href=\"https:\/\/ecclesiae.de\/blog\/?page_id=10719\">Weiterlesen <span class=\"meta-nav\">&rarr;<\/span><\/a><\/p>\n","protected":false},"author":3,"featured_media":0,"parent":10545,"menu_order":0,"comment_status":"closed","ping_status":"closed","template":"","meta":{"footnotes":""},"class_list":["post-10719","page","type-page","status-publish","hentry"],"_links":{"self":[{"href":"https:\/\/ecclesiae.de\/blog\/index.php?rest_route=\/wp\/v2\/pages\/10719","targetHints":{"allow":["GET"]}}],"collection":[{"href":"https:\/\/ecclesiae.de\/blog\/index.php?rest_route=\/wp\/v2\/pages"}],"about":[{"href":"https:\/\/ecclesiae.de\/blog\/index.php?rest_route=\/wp\/v2\/types\/page"}],"author":[{"embeddable":true,"href":"https:\/\/ecclesiae.de\/blog\/index.php?rest_route=\/wp\/v2\/users\/3"}],"replies":[{"embeddable":true,"href":"https:\/\/ecclesiae.de\/blog\/index.php?rest_route=%2Fwp%2Fv2%2Fcomments&post=10719"}],"version-history":[{"count":1,"href":"https:\/\/ecclesiae.de\/blog\/index.php?rest_route=\/wp\/v2\/pages\/10719\/revisions"}],"predecessor-version":[{"id":10720,"href":"https:\/\/ecclesiae.de\/blog\/index.php?rest_route=\/wp\/v2\/pages\/10719\/revisions\/10720"}],"up":[{"embeddable":true,"href":"https:\/\/ecclesiae.de\/blog\/index.php?rest_route=\/wp\/v2\/pages\/10545"}],"wp:attachment":[{"href":"https:\/\/ecclesiae.de\/blog\/index.php?rest_route=%2Fwp%2Fv2%2Fmedia&parent=10719"}],"curies":[{"name":"wp","href":"https:\/\/api.w.org\/{rel}","templated":true}]}}