{"id":10721,"date":"2022-07-24T14:28:34","date_gmt":"2022-07-24T14:28:34","guid":{"rendered":"http:\/\/ecclesiae.de\/blog\/?page_id=10721"},"modified":"2022-07-24T14:28:34","modified_gmt":"2022-07-24T14:28:34","slug":"gebet-um-ergebung-in-den-heiligen-willen-gottes-2","status":"publish","type":"page","link":"https:\/\/ecclesiae.de\/blog\/?page_id=10721","title":{"rendered":"Gebet um Ergebung in den heiligen Willen Gottes"},"content":{"rendered":"\n<p><br>O Todesangst leidender Heiland, g\u00f6ttliches Opferlamm, in Vereinigung mit jener Gesinnung,<br>in der Du voll \u00a0Liebe und Ergebung den bitteren Leidenskelch annahmst, den Dein himmlischer Vater dir darreichte, flehe ich zu Dir:<br>Jesus, der Du im \u00d6lgarten mit dem Tode gerungen hast, &#8211; Meine Seele ist betr\u00fcbt, erh\u00f6re mich!<br><br>Jesus, der Du im \u00d6lgarten mit dem Tode gerungen hast, &#8211; Meine Seele ist betr\u00fcbt, erh\u00f6re mich!<br>Jesus, der Du im \u00d6lgarten gebetet hast, &#8211; Meine Seele ist betr\u00fcbt erh\u00f6re mich!<br>Mitleidiges Herz Mari\u00e4, &#8211; Tr\u00f6ste mich!<br>Heiliger Engel, der du vom Himmel gekommen, um Jesus zu st\u00e4rken, &#8211; Bitte f\u00fcr mich!<br>Mein Gott, in dem Leiden, das mich bedr\u00e4ngt und mein Herz mit Trauer und Betr\u00fcbnis erf\u00fcllt,<br>wage ich es, mit Jesus, Deinem Sohne, zu sagen: &#8211; \u201eO mein Vater, wenn es m\u00f6glich ist, so gehe dieser Kelch an mir vor\u00fcber!\u201c<br>Mein Gott, von der Schwere meiner Leiden, zu Boden gedr\u00fcckt, von Todes\u00e4ngsten umgeben und vom Schmerze gebrochen,<br>wage ich es, mit Jesus, Deinem Sohne zu sagen: &#8211; \u201eO mein Vater, wenn es m\u00f6glich ist, so gehe dieser Kelch an mir vorr\u00fcber!\u201c<br>Mein Gott, in dieser grausamen Todesangst, die meine Seele im Kampfe gegen das B\u00f6se zu erdulden hat, und die mein Herz niederdr\u00fcckt,<br>wage ich es, mit Jesus, Deinem Sohne, zu sagen : &#8211; \u201eO mein Vater, wenn es m\u00f6glich ist, so gehe dieser Kelch an mir vor\u00fcber!\u201c<br>Jedoch, wenn dieser Kelch nicht vor\u00fcbergehen kann, ohne dass ich ihn trinke, &#8211; Mein Vater, verleihe mir die Gnade, mich zu unterwerfen.<br>Wenn dieser Kelch zu meinem Heile notwendig oder n\u00fctzlich ist, &#8211; Mein Vater, verleihe mir die Gnade, mich zu unterwerfen.<br>Jesus, mit dem Tode ringend, &#8211; Sei mir gn\u00e4dig!<br>Durch den t\u00f6dlichen Kummer, wovon Dein Herz bedr\u00fcckt wurde, verleihe mir, mein Jesus, mit Dir zu sprechen: &#8211;<br>\u201eMein Vater, Dein Wille geschehe und nicht der meinige!\u201c<br>Durch die Furcht, von der Dein Herz beim Gedanken an Dein qualvolles Leiden ergriffen wurde, verleihe mir, mein Jesus, mit Dir zu sprechen: &#8211;<br>\u201eMein Vater, Dein Wille geschehe und nicht der meinige!\u201c<br>Durch die t\u00f6dliche Traurigkeit, von der Dein Herz niedergedr\u00fcckt wurde, verleihe mir, mein Jesus, mit Dir zu sprechen: &#8211;<br>\u201eMein Vater, Dein Wille geschehe und nicht der meinige!\u201c<br>Durch Deine Beharrlichkeit im Gebet, inmitten deiner Schw\u00e4che, verleihe mir mein Jesus, mit Dir zu sprechen: &#8211;<br>\u201eMein Vater, Dein Wille geschehe und nicht der meinige!\u201c<br>Durch Deine Ergebenheit in der grausamsten Todesangst, verleihe mir mein Jesus, mit Dir zu sprechen: &#8211;<br>\u201eMein Vater, Dein Wille geschehe und nicht der meinige!\u201c<br>Durch Deinen Blutschwei\u00df, der zur Erde rann, verleihe mir mein Jesus, mit Dir zu sprechen: &#8211;<br>\u201eMein Vater, Dein Wille geschehe und nicht der meinige!\u201c<br>Durch den Schmerz, den Du empfunden hast, als Du Deine \u00a0von Traurigkeit \u00fcberw\u00e4ltigten Apostel eingeschlafen fandest,<br>verleihe mir mein Jesus, mit Dir zu sprechen: -\u201eMein Vater, Dein Wille geschehe und nicht der meinige!\u201c<br>Durch die liebevolle Klage, die Du an sie richtetest, verleihe mir mein Jesus, mit Dir zu sprechen: &#8211;<br>\u201eMein Vater, Dein Wille geschehe und nicht der meinige!\u201c<br>Durch die St\u00e4rkung, die Du von einem Engel zu empfangen Dich w\u00fcrdigtest, verleihe mir mein Jesus, mit Dir zu sprechen: &#8211;<br>\u201eMein Vater, Dein Wille geschehe und nicht der meinige!\u201c<br>Von aller Mutlosigkeit, &#8211; Erl\u00f6se mich o Jesus!<br>Von aller Ungeduld, &#8211; Erl\u00f6se mich o Jesus!<br>Von allem Murren und Klagen, &#8211; Erl\u00f6se mich o Jesus!<br>Von aller Widersetzlichkeit gegen den g\u00f6ttlichen Willen, &#8211; Erl\u00f6se mich o Jesus!<br>In meinen K\u00fcmmernissen und Schw\u00e4chen, &#8211; Ich bitte Dich o Jesus stehe mir bei!<br>In meinen \u00c4ngsten und Schrecken, &#8211; Ich bitte Dich o Jesus stehe mir bei!<br>In meiner Traurigkeit und Bedr\u00e4ngnis, &#8211; Ich bitte Dich o Jesus stehe mir bei!<br>In Verlassenheit und Todesn\u00f6ten, &#8211; Ich bitte Dich o Jesus stehe mir bei!<br>In allen Bedr\u00e4ngnissen meines Herzens, &#8211; Ich bitte Dich o Jesus stehe mir bei!<br>Herz Jesu bis zum Tode betr\u00fcbt, &#8211; \u00a0St\u00e4rke mich!<br>Herz Jesu bis zum Tode betr\u00fcbt, &#8211; Tr\u00f6ste mich!<br>Lasset uns beten!<br>O mein Gott, der Du schl\u00e4gst und heilest und von neuem schl\u00e4gst, um nochmals zu heilen, la\u00df mich nicht dem Leiden, das mich bedr\u00e4ngt, unterliegen.<br>Wenn es nicht m\u00f6glich ist, es von mir abzuwenden, so verleihe mir meiner Seele St\u00e4rke, Geduld und Unterw\u00fcrfigkeit, die Du niemand verweigerst,<br>der Dich darum bittet im Namen und durch die Verdienste Deines im \u00d6lgarten mit dem Tode ringenden und ergebenen Sohnes Jesus Christus,<br>der mit Dir lebt und herrscht von Ewigkeit zu Ewigkeit. Amen.<br>Q: Die heilige Stunde Imprimatur 1949<\/p>\n","protected":false},"excerpt":{"rendered":"<p>O Todesangst leidender Heiland, g\u00f6ttliches Opferlamm, in Vereinigung mit jener Gesinnung,in der Du voll \u00a0Liebe und Ergebung den bitteren Leidenskelch annahmst, den Dein himmlischer Vater dir darreichte, flehe ich zu Dir:Jesus, der Du im \u00d6lgarten mit dem Tode gerungen hast, &hellip; <a href=\"https:\/\/ecclesiae.de\/blog\/?page_id=10721\">Weiterlesen <span class=\"meta-nav\">&rarr;<\/span><\/a><\/p>\n","protected":false},"author":3,"featured_media":0,"parent":10545,"menu_order":0,"comment_status":"closed","ping_status":"closed","template":"","meta":{"footnotes":""},"class_list":["post-10721","page","type-page","status-publish","hentry"],"_links":{"self":[{"href":"https:\/\/ecclesiae.de\/blog\/index.php?rest_route=\/wp\/v2\/pages\/10721","targetHints":{"allow":["GET"]}}],"collection":[{"href":"https:\/\/ecclesiae.de\/blog\/index.php?rest_route=\/wp\/v2\/pages"}],"about":[{"href":"https:\/\/ecclesiae.de\/blog\/index.php?rest_route=\/wp\/v2\/types\/page"}],"author":[{"embeddable":true,"href":"https:\/\/ecclesiae.de\/blog\/index.php?rest_route=\/wp\/v2\/users\/3"}],"replies":[{"embeddable":true,"href":"https:\/\/ecclesiae.de\/blog\/index.php?rest_route=%2Fwp%2Fv2%2Fcomments&post=10721"}],"version-history":[{"count":1,"href":"https:\/\/ecclesiae.de\/blog\/index.php?rest_route=\/wp\/v2\/pages\/10721\/revisions"}],"predecessor-version":[{"id":10722,"href":"https:\/\/ecclesiae.de\/blog\/index.php?rest_route=\/wp\/v2\/pages\/10721\/revisions\/10722"}],"up":[{"embeddable":true,"href":"https:\/\/ecclesiae.de\/blog\/index.php?rest_route=\/wp\/v2\/pages\/10545"}],"wp:attachment":[{"href":"https:\/\/ecclesiae.de\/blog\/index.php?rest_route=%2Fwp%2Fv2%2Fmedia&parent=10721"}],"curies":[{"name":"wp","href":"https:\/\/api.w.org\/{rel}","templated":true}]}}