{"id":10723,"date":"2022-07-24T14:32:36","date_gmt":"2022-07-24T14:32:36","guid":{"rendered":"http:\/\/ecclesiae.de\/blog\/?page_id=10723"},"modified":"2022-07-24T14:32:36","modified_gmt":"2022-07-24T14:32:36","slug":"novene-zur-heiligsten-dreifaltigkeit","status":"publish","type":"page","link":"https:\/\/ecclesiae.de\/blog\/?page_id=10723","title":{"rendered":"Novene zur heiligsten Dreifaltigkeit"},"content":{"rendered":"\n<p><strong>An allen neun Tagen wiederhole man:<br><br>Bitte um Vermehrung der Liebe zu Gott<br><br>Himmlischer Vater, ich liebe dich in Vereinigung mit der Liebe,<br>mit der du deinen g\u00f6ttlichen Sohn von Ewigkeit her gezeugt hast,<br>mit der von dir und deinem g\u00f6ttlichen Sohn der<br>Heilige Geist von Ewigkeit her ausgegangen ist,<br>mit der du den Sohn und den Heiligen Geist von Ewigkeit<br>her liebst und mit der du die Engel und Menschen aus dem Nichts ins<br>Leben gerufen hast.<br><br>Vermehre meine Liebe zu dir.<br><br>G\u00f6ttlicher Erl\u00f6ser, ich liebe dich in Vereinigung mit der Liebe,<br>mit der du den Vater und den Heiligen Geist von Ewigkeit her liebst,<br>mit der von dir und dem Vater der Heilige Geist ausgegangen ist,<br>mit der du deine jungfr\u00e4uliche Mutter, deinen N\u00e4hrvater Josef,<br>den Evangelisten Johannes, die heiligen Apostel und J\u00fcnger,<br>die M\u00e4rtyrer des Blutes und der Liebe und alle jungfr\u00e4ulichen Seelen liebst<br>und mit der du mich und alle Menschen in deinem Leben,<br>Leiden und Sterben geliebt hast und im Heiligsten Sakrament immerfort liebst.<br><br>St\u00e4rke meine Liebe zu dir.<br>&nbsp; &nbsp;<br>Heiliger Geist, ich liebe dich in Vereinigung mit der Liebe, mit der du den Vater<br>und den Sohn von Ewigkeit her liebst, mit der du deine Braut, die seligste Jungfrau Maria,<br>alle reinen Seelen, die Armen im Geiste und besonders die Priester liebst.<br>Entz\u00fcnde meine Liebe zu dir.<br><br>Schlussgebet:<br>0 heiliger, dreieiniger Gott, lass deine Liebe in mir zum lodernden Feuer werden.<br>Da du nach meiner Liebe verlangst, m\u00f6chte ich dich mehr lieben als alle Engel und<br>Heiligen zusammen, wenn solches m\u00f6glich w\u00e4re. Amen.<br><br>(Einst sprach der Herr zur heiligen Gertrud: \u00abWer mich gern \u00fcber alle Gesch\u00f6pfe lieben m\u00f6chte,<br>wenn er k\u00f6nnte, der wird von meiner g\u00f6ttlichen Freigebigkeit einst reichlicheren Lohn empfangen,<br>als je ein Mensch durch Werke erlangen kann.\u00bb )<\/strong><\/p>\n\n\n\n<p><strong>Aus Novenensammlung \u2013 Klopft an!<\/strong><\/p>\n","protected":false},"excerpt":{"rendered":"<p>An allen neun Tagen wiederhole man: Bitte um Vermehrung der Liebe zu Gott Himmlischer Vater, ich liebe dich in Vereinigung mit der Liebe,mit der du deinen g\u00f6ttlichen Sohn von Ewigkeit her gezeugt hast,mit der von dir und deinem g\u00f6ttlichen Sohn &hellip; <a href=\"https:\/\/ecclesiae.de\/blog\/?page_id=10723\">Weiterlesen <span class=\"meta-nav\">&rarr;<\/span><\/a><\/p>\n","protected":false},"author":3,"featured_media":0,"parent":10370,"menu_order":0,"comment_status":"closed","ping_status":"closed","template":"","meta":{"footnotes":""},"class_list":["post-10723","page","type-page","status-publish","hentry"],"_links":{"self":[{"href":"https:\/\/ecclesiae.de\/blog\/index.php?rest_route=\/wp\/v2\/pages\/10723","targetHints":{"allow":["GET"]}}],"collection":[{"href":"https:\/\/ecclesiae.de\/blog\/index.php?rest_route=\/wp\/v2\/pages"}],"about":[{"href":"https:\/\/ecclesiae.de\/blog\/index.php?rest_route=\/wp\/v2\/types\/page"}],"author":[{"embeddable":true,"href":"https:\/\/ecclesiae.de\/blog\/index.php?rest_route=\/wp\/v2\/users\/3"}],"replies":[{"embeddable":true,"href":"https:\/\/ecclesiae.de\/blog\/index.php?rest_route=%2Fwp%2Fv2%2Fcomments&post=10723"}],"version-history":[{"count":1,"href":"https:\/\/ecclesiae.de\/blog\/index.php?rest_route=\/wp\/v2\/pages\/10723\/revisions"}],"predecessor-version":[{"id":10724,"href":"https:\/\/ecclesiae.de\/blog\/index.php?rest_route=\/wp\/v2\/pages\/10723\/revisions\/10724"}],"up":[{"embeddable":true,"href":"https:\/\/ecclesiae.de\/blog\/index.php?rest_route=\/wp\/v2\/pages\/10370"}],"wp:attachment":[{"href":"https:\/\/ecclesiae.de\/blog\/index.php?rest_route=%2Fwp%2Fv2%2Fmedia&parent=10723"}],"curies":[{"name":"wp","href":"https:\/\/api.w.org\/{rel}","templated":true}]}}