{"id":10726,"date":"2022-07-24T14:35:25","date_gmt":"2022-07-24T14:35:25","guid":{"rendered":"http:\/\/ecclesiae.de\/blog\/?page_id=10726"},"modified":"2022-07-24T14:35:25","modified_gmt":"2022-07-24T14:35:25","slug":"namen-jesu-novene","status":"publish","type":"page","link":"https:\/\/ecclesiae.de\/blog\/?page_id=10726","title":{"rendered":"Namen &#8211; Jesu &#8211; Novene"},"content":{"rendered":"\n<p>Im Namen Jesu sollen sich alle Knie beugen im Himmel, auf der Erde und in der Unterwelt und alle Zungen sollen laut bekennen zu Gottes, des Vaters, Herrlichkeit: Herr ist Jesus Christus!<br>(Phil. 2, W-11)<br><br><br>Jesus, du Sohn des lebendigen Gottes<br>gepriesen sei dein heiligster Name, Jesus, du Sohn der Jungfrau Maria<br>gepriesen sei dein heiligster Manie. Jesus, Du langersehnter Messias<br>gepriesen sei dein heiligster Name. Jesus, du vom Vater gesandter Erl\u00f6ser<br>gepriesen sei dein heiligster Name. Jesus, du Blume aus der Wurzel Jesse<br>gepriesen sei dein heiligster Name. Jesus, du unser Heil und unsere Hoffnung<br>gepriesen sei dein heiligster Name.<br>Jesus, du wahrer Emmanuel<br>gepriesen sei dein heiligster Name. Jesus, du wahres Licht aller V\u00f6lker<br>gepriesen sei dein heiligster Name.<br>Jesus, du guter Hirt<br>gepriesen sei dein heiligster Name.<br>Jesus, du Arzt der Kranken<br>gepriesen sei dein heiligster Name. Jesus, Hoffnung der ganzen Sch\u00f6pfung<br>gepriesen sei dein heiligster Name.<br><br>Jesus, du Heiland, Erl\u00f6ser und Seligmacher gepriesen sei dein heiligster Name.<br><br>Jesus, dich will ich preisen und deinen Namen r\u00fchmen in Ewigkeit.<br><br>Jesus, gro\u00df ist dein Erbarmen f\u00fcr alle, die zu dir rufen.<br><br>Jesus, in allen Plagen, Krankheiten und Schmerzen baue ich auf dich, auf deine G\u00fcte und Milde.<br><br>Jesus, ich vertraue auf dich und auf deinen wunderbaren Namen.<br><br>Jesus, erh\u00f6re mich um deines Namens willen in meinem schweren Anliegen.<br><br><br>Ehre sei&#8230; Vater unser&#8230; 10 Gegr\u00fc\u00dft seist du Maria&#8230; mit Einschaltbitte:<br>Jesus, um deines Namens willen erbarme dich der s\u00fcndigen Welt und hilf mir in. meiner Not. Heilige Maria&#8230;<br><br><br>aus dem Gebetsbuch\u00a0 Der Schl\u00fcssel zu den Sch\u00e4tzen Gottes\u00a0 \u00a0( Parvis- Verlag )<\/p>\n","protected":false},"excerpt":{"rendered":"<p>Im Namen Jesu sollen sich alle Knie beugen im Himmel, auf der Erde und in der Unterwelt und alle Zungen sollen laut bekennen zu Gottes, des Vaters, Herrlichkeit: Herr ist Jesus Christus!(Phil. 2, W-11) Jesus, du Sohn des lebendigen Gottesgepriesen &hellip; <a href=\"https:\/\/ecclesiae.de\/blog\/?page_id=10726\">Weiterlesen <span class=\"meta-nav\">&rarr;<\/span><\/a><\/p>\n","protected":false},"author":3,"featured_media":0,"parent":10370,"menu_order":0,"comment_status":"closed","ping_status":"closed","template":"","meta":{"footnotes":""},"class_list":["post-10726","page","type-page","status-publish","hentry"],"_links":{"self":[{"href":"https:\/\/ecclesiae.de\/blog\/index.php?rest_route=\/wp\/v2\/pages\/10726","targetHints":{"allow":["GET"]}}],"collection":[{"href":"https:\/\/ecclesiae.de\/blog\/index.php?rest_route=\/wp\/v2\/pages"}],"about":[{"href":"https:\/\/ecclesiae.de\/blog\/index.php?rest_route=\/wp\/v2\/types\/page"}],"author":[{"embeddable":true,"href":"https:\/\/ecclesiae.de\/blog\/index.php?rest_route=\/wp\/v2\/users\/3"}],"replies":[{"embeddable":true,"href":"https:\/\/ecclesiae.de\/blog\/index.php?rest_route=%2Fwp%2Fv2%2Fcomments&post=10726"}],"version-history":[{"count":1,"href":"https:\/\/ecclesiae.de\/blog\/index.php?rest_route=\/wp\/v2\/pages\/10726\/revisions"}],"predecessor-version":[{"id":10727,"href":"https:\/\/ecclesiae.de\/blog\/index.php?rest_route=\/wp\/v2\/pages\/10726\/revisions\/10727"}],"up":[{"embeddable":true,"href":"https:\/\/ecclesiae.de\/blog\/index.php?rest_route=\/wp\/v2\/pages\/10370"}],"wp:attachment":[{"href":"https:\/\/ecclesiae.de\/blog\/index.php?rest_route=%2Fwp%2Fv2%2Fmedia&parent=10726"}],"curies":[{"name":"wp","href":"https:\/\/api.w.org\/{rel}","templated":true}]}}