{"id":10730,"date":"2022-07-24T14:47:39","date_gmt":"2022-07-24T14:47:39","guid":{"rendered":"http:\/\/ecclesiae.de\/blog\/?page_id=10730"},"modified":"2022-07-24T14:56:34","modified_gmt":"2022-07-24T14:56:34","slug":"10730-2","status":"publish","type":"page","link":"https:\/\/ecclesiae.de\/blog\/?page_id=10730","title":{"rendered":"Novene zur Vorbereitung auf das Fest Maria Verk\u00fcndigung"},"content":{"rendered":"\n<p><strong>Am 1. Tage, den 16. M\u00e4rz.<\/strong><\/p>\n\n\n\n<p><strong>Vorbereitungsgebet<\/strong><\/p>\n\n\n\n<p>Komm o heiliger Geist, erf\u00fclle die Herzen deiner Gl\u00e4ubigen und entz\u00fcnde in ihnen das Feuer deiner Liebe.<\/p>\n\n\n\n<p>Sende aus deinen Geist und sie werden neu geschaffen werden.<br>O Gott, der du die Herzen deiner Gl\u00e4ubigen durch die Erleuchtung des Heiligen Geistes gelehret hast,<br>verleihe, dass wir in demselben Geiste das, was recht ist, erkennen und seines Trostes uns allezeit erfreuen.<br>Durch Christus unsern Herrn. Amen.<\/p>\n\n\n\n<p>Ich verehre und bewundere dich, heiligste Jungfrau Maria, als das dem\u00fctigste unter allen erschaffenen Wesen,<br>als Gott dich am Tage deiner Verk\u00fcndigung zur erhabensten W\u00fcrde seiner Mutter erhob. Verleihe, o m\u00e4chtige Jungfrau,<br>dass ich elender S\u00fcnder doch einmal mein Nichts erkenne und mich mit aufrichtigem Herzen dem\u00fctige.<\/p>\n\n\n\n<p>Gegr\u00fc\u00dft seist du Maria&#8230;<\/p>\n\n\n\n<p><a href=\"https:\/\/ecclesiae.de\/blog\/?page_id=10731\">Link:Lauretanische Litanei<\/a><\/p>\n\n\n\n<p>Der Engel des Herrn brachte Maria die Botschaft und sie empfing vom Heiligen Geiste.<\/p>\n\n\n\n<p><strong>Gebet:<\/strong><br>O Gott, der Du nach der Verk\u00fcndigung des Engels vom Leibe der seligsten Jungfrau Maria wolltest Fleisch annehmen, gib,<br>dass uns, die wir sie wahrhaft als Gottesgeb\u00e4rerin erkennen, auf ihre F\u00fcrbitte bei Dir geholfen werde.<br>O Gott Du Hirt und Lenker aller Gl\u00e4ubigen, siehe auf Deinen Diener, unsern Papst Benedikt XVI. den Du zum Hirten Deiner Kirche bestimmt hast, gn\u00e4dig herab.<br>Verleihe ihm, wir bitten Dich dass er allen, welche er vorsteht, mit Wort und Beispiel zur Seite stehe,<br>damit er einst samt der ihm anvertrauten Herde zum ewigen Leben gelange.<\/p>\n\n\n\n<p>O Gott, unsere Zuflucht und St\u00e4rke, unterst\u00fctze, Du Quelle aller Fr\u00f6mmigkeit, die frommen Gebete Deiner Kirche und lass uns das,<br>um was wir vertrauensvoll &nbsp;bitten, wirksam erlangen. Durch Jesum Christum, unsern Herrn. Amen<\/p>\n\n\n\n<p>Q: Maria meine Zuflucht Imprimatur 1917<\/p>\n\n\n\n<p><strong>Am 2. Tage, den 17. M\u00e4rz.<\/strong><br><br><strong>Vorbereitungsgebet:<\/strong><br>Komm o heiliger Geist, erf\u00fclle die Herzen deiner Gl\u00e4ubigen und entz\u00fcnde in ihnen das Feuer deiner Liebe.<br><br>Sende aus deinen Geist und sie werden neu geschaffen werden.<br>O Gott, der du die Herzen deiner Gl\u00e4ubigen durch die Erleuchtung des Heiligen Geistes gelehret hast, verleihe,<br>dass wir in demselben Geiste das, was recht ist, erkennen und seines Trostes uns allezeit erfreuen.<br>Durch Christus unsern Herrn. Amen.<br><br>O heiligste Jungfrau, die du, geehrt durch den Gru\u00df des Erzengels Gabriel, und von Gott \u00fcber alle Ch\u00f6re der Engel erhoben,<br>dich nur als eine Magd des Herrn bekennst:<br>\u201eSieh, ich bin die Dienerin des Herrn\u201c, erlange mir wahre Demut und eine wahrhaft englische Reinigkeit,<br>dass ich stets ein des g\u00f6ttlichen Wohlgefallens w\u00fcrdiges Leben f\u00fchre. \u2013<br><br>Gegr\u00fc\u00dfet seist du Maria&#8230;.<br><br><a href=\"https:\/\/ecclesiae.de\/blog\/?page_id=10731\">Link:Lauretanische Litanei<\/a><br><br>Der Engel des Herrn brachte Maria die Botschaft und sie empfing vom Heiligen Geiste.<br><br><strong>Gebet:<\/strong><br>O Gott, der Du nach der Verk\u00fcndigung des Engels vom Leibe der seligsten Jungfrau Maria wolltest Fleisch annehmen,<br>gib, dass uns, die wir sie wahrhaft als Gottesgeb\u00e4rerin erkennen, auf ihre F\u00fcrbitte bei Dir geholfen werde.<br>O Gott Du Hirt und Lenker aller Gl\u00e4ubigen, siehe auf Deinen Diener, unsern Papst Benedikt XVI.<br>den Du zum Hirten Deiner Kirche bestimmt hast, gn\u00e4dig herab.<br>Verleihe ihm, wir bitten Dich dass er allen, welche er vorsteht, mit Wort und Beispiel zur Seite stehe,<br>damit er einst samt der ihm anvertrauten Herde zum ewigen Leben gelange.<br><br>O Gott, unsere Zuflucht und St\u00e4rke, unterst\u00fctze, Du Quelle aller Fr\u00f6mmigkeit,<br>die frommen Gebete Deiner Kirche und lass uns das, um was wir vertrauensvoll &nbsp;bitten, wirksam erlangen.<br>Durch Jesum Christum, unsern Herrn. Amen<br>Q: Maria meine Zuflucht Imprimatur 1917<\/p>\n\n\n\n<p><strong>Am 3. Tage, den 18. M\u00e4rz.<\/strong><br><br><strong>Vorbereitungsgebet:<\/strong><br><br>Komm o heiliger Geist, erf\u00fclle die Herzen deiner Gl\u00e4ubigen und entz\u00fcnde in ihnen das Feuer deiner Liebe.<br><br>Sende aus deinen Geist und sie werden neu geschaffen werden.<br>O Gott, der du die Herzen deiner Gl\u00e4ubigen durch die Erleuchtung des Heiligen Geistes gelehret hast, verleihe,<br>dass wir in demselben Geiste das, was recht ist, erkennen und seines Trostes uns allezeit erfreuen.<br>Durch Christus unsern Herrn. Amen.<br><br>Ich freue mich mit dir, o seligste Jungfrau, dass du mit dem einzigen Worte: \u201eEs geschehe,\u201c \u2013 welches du mit so gro\u00dfer Demut aussprachst, &#8211;<br>das g\u00f6ttliche Wort aus dem Scho\u00dfe des ewigen Vaters auf die Erde herabgezogen und empfangen hast.<br>Ziehe allezeit mein Herz zu Gott, und mit Gott seine Gnade in mein Herz,<br>damit ich von Herzen dein \u201eEs geschehe\u201c allezeit preisen und mit Andacht ausrufen kann:<br>\u201eO m\u00e4chtiges: Es geschehe! O kr\u00e4ftiges Wort! O, es geschehe verehrungsw\u00fcrdig \u00fcber alles andere! Es geschehe!\u201c (Hl. Thomas von Villanova.) \u2013<br><br>Gegr\u00fc\u00dfet seist du Maria&#8230;.<br><br><a href=\"https:\/\/ecclesiae.de\/blog\/?page_id=10731\">Lauretanische Litanei<\/a><br><br>Der Engel des Herrn brachte Maria die Botschaft und sie empfing vom Heiligen Geiste.<br><br><strong>Gebet:<\/strong><br>O Gott, der Du nach der Verk\u00fcndigung des Engels vom Leibe der seligsten Jungfrau Maria wolltest Fleisch annehmen,<br>gib, dass uns, die wir sie wahrhaft als Gottesgeb\u00e4rerin erkennen, auf ihre F\u00fcrbitte bei Dir geholfen werde.<br>O Gott Du Hirt und Lenker aller Gl\u00e4ubigen, siehe auf Deinen Diener,<br>unsern Papst Benedikt XVI. den Du zum Hirten Deiner Kirche bestimmt hast, gn\u00e4dig herab.<br>Verleihe ihm, wir bitten Dich dass er allen, welche er vorsteht, mit Wort und Beispiel zur Seite stehe,<br>damit er einst samt der ihm anvertrauten Herde zum ewigen Leben gelange.<br><br>O Gott, unsere Zuflucht und St\u00e4rke, unterst\u00fctze, Du Quelle aller Fr\u00f6mmigkeit,<br>die frommen Gebete Deiner Kirche und lass uns das, um was wir vertrauensvoll &nbsp;bitten, wirksam erlangen.<br>Durch Jesum Christum, unsern Herrn. Amen<\/p>\n\n\n\n<p>Q: Maria meine Zuflucht Imprimatur 1917<\/p>\n\n\n\n<p><strong>Am 4. Tage, den 19. M\u00e4rz<\/strong><br><br><br><strong>Vorbereitungsgebet:<\/strong><br>Komm o heiliger Geist, erf\u00fclle die Herzen deiner Gl\u00e4ubigen und entz\u00fcnde in ihnen das Feuer deiner Liebe.<br><br>Sende aus deinen Geist und sie werden neu geschaffen werden.<br>O Gott, der du die Herzen deiner Gl\u00e4ubigen durch die Erleuchtung des Heiligen Geistes gelehret hast,<br>verleihe, dass wir in demselben Geiste das, was recht ist, erkennen und seines Trostes uns allezeit erfreuen.<br>Durch Christus unsern Herrn. Amen.<br><br>Du, o erhabene Jungfrau Maria, wurdest am Tage der Verk\u00fcndigung von dem Erzengel Gabriel so bereitwillig gefunden,<br>dem g\u00f6ttlichen Willen und dem Verlangen der allerheiligsten Dreieinigkeit zu entsprechen,<br>welche deine Einwilligung begehrte, um durch deinen Sohn die Welt zu erl\u00f6sen.<br>Verleihe, dass ich bei jedem angenehmen oder unangenehmen Vorfalle mich allzeit zu Gott wende<br>und mit Ergebung ausrufe: \u201eMir geschehe nach Deinem Worte.\u201c \u2013<br><br>Gegr\u00fc\u00dfet seist du Maria&#8230;<br><br><a href=\"https:\/\/ecclesiae.de\/blog\/?page_id=10731\">LINK: Lauretanische Litanei<\/a><br><br>Der Engel des Herrn brachte Maria die Botschaft und sie empfing vom Heiligen Geiste.<br><br><strong>Gebet:<\/strong><br>O Gott, der Du nach der Verk\u00fcndigung des Engels vom Leibe der seligsten Jungfrau Maria wolltest Fleisch annehmen,<br>gib, dass uns, die wir sie wahrhaft als Gottesgeb\u00e4rerin erkennen, auf ihre F\u00fcrbitte bei Dir geholfen werde.<br>O Gott Du Hirt und Lenker aller Gl\u00e4ubigen, siehe auf Deinen Diener, unsern Papst Benedikt XVI.<br>den Du zum Hirten Deiner Kirche bestimmt hast, gn\u00e4dig herab.<br>Verleihe ihm, wir bitten Dich dass er allen, welche er vorsteht, mit Wort und Beispiel zur Seite stehe,<br>damit er einst samt der ihm anvertrauten Herde zum ewigen Leben gelange.<br><br>O Gott, unsere Zuflucht und St\u00e4rke, unterst\u00fctze, Du Quelle aller Fr\u00f6mmigkeit,<br>die frommen Gebete Deiner Kirche und lass uns das, um was wir vertrauensvoll &nbsp;bitten, wirksam erlangen.<br>Durch Jesum Christum, unsern Herrn. Amen.<br>Q: Maria meine Zuflucht Imprimatur 1917<\/p>\n\n\n\n<p><strong>Am 5. Tage, den 20. M\u00e4rz<\/strong><br><br>Ich sehe wohl, heiligste Jungfrau, wie dein Gehorsam dich so eng mit Gott verband,<br>dass kein anderes Gesch\u00f6pf einer gleichen Vereinigung f\u00e4hig ist.<br>\u201eSie konnte nicht inniger mit Gott, ohne selbst Gott zu werden vereinigt sein.\u201c (Seliger Albert Magnus.) \u2013<br>Allein umso mehr betr\u00fcbe ich mich, dass ich wegen meiner S\u00fcnden so sehr mit Gott zerfallen bin.<br>Ach g\u00fctigste Mutter, hilf mir, dass ich herzliche Reue dar\u00fcber erwecke und w\u00fcrdig werde,<br>mich mit deinem lieben Jesus zu vereinigen. \u2013<br><br>Ger\u00fc\u00dfet seist du Maria usw.<br><br><a href=\"https:\/\/ecclesiae.de\/blog\/?page_id=10731\">LINK: Lauretanische Litanei<\/a><br><br>Der Engel des Herrn brachte Maria die Botschaft und sie empfing vom Heiligen Geiste.<br><br><strong>Gebet:<\/strong><br>O Gott, der Du nach der Verk\u00fcndigung des Engels vom Leibe der seligsten Jungfrau Maria wolltest Fleisch annehmen,<br>gib, dass uns, die wir sie wahrhaft als Gottesgeb\u00e4rerin erkennen, auf ihre F\u00fcrbitte bei Dir geholfen werde.<br>O Gott Du Hirt und Lenker aller Gl\u00e4ubigen, siehe auf Deinen Diener, unsern Papst Benedikt XVI.<br>den Du zum Hirten Deiner Kirche bestimmt hast, gn\u00e4dig herab. Verleihe ihm, wir bitten Dich dass er allen,<br>welche er vorsteht, mit Wort und Beispiel zur Seite stehe, damit er einst samt der ihm anvertrauten Herde zum ewigen Leben gelange.<br><br>O Gott, unsere Zuflucht und St\u00e4rke, unterst\u00fctze, Du Quelle aller Fr\u00f6mmigkeit, die frommen Gebete Deiner Kirche<br>und lass uns das, um was wir vertrauensvoll &nbsp;bitten, wirksam erlangen.<br>Durch Jesum Christum, unsern Herrn. Amen.<br>Q: Maria meine Zuflucht Imprimatur 1917<\/p>\n\n\n\n<p><strong>Am 6. Tage, den 21. M\u00e4rz.<\/strong><br><br><strong>Vorbereitungsgebet:<\/strong><br><br>Komm o heiliger Geist, erf\u00fclle die Herzen deiner Gl\u00e4ubigen und entz\u00fcnde in ihnen das Feuer deiner Liebe.<br><br>Sende aus deinen Geist und sie werden neu geschaffen werden.<br>O Gott, der du die Herzen deiner Gl\u00e4ubigen durch die Erleuchtung des Heiligen Geistes gelehret hast,<br>verleihe, dass wir in demselben Geiste das, was recht ist, erkennen und seines Trostes uns allezeit erfreuen.<br>Durch Christus unsern Herrn. Amen.<br><br>Wenn du, heiligste Mutter Maria, beim Erscheinen des Erzengels in deinem Hause aus jungfr\u00e4ulicher Sittsamkeit erschrakst,<br>so entsetze ich mich vor meiner gro\u00dfen Dreistigkeit, wenn ich vor dir erscheine.<br>Aber durch deine unbegreifliche Demut, die nach dem Ausspruche des heiligen Augustinus uns Menschen einen Gott gebar,<br>den Himmel \u00f6ffnete und die Seelen von der H\u00f6lle befreite,<br>bitte ich dich, mich aus der Tiefe meiner Vergehen herauszuziehen und mir das ewige Heil zu erwirken. \u2013<br><br>Gegr\u00fc\u00dfet seist du Maria&#8230;<br><br><a href=\"https:\/\/ecclesiae.de\/blog\/?page_id=10731\">Link: Lauretanische Litanei<\/a><br><br>Der Engel des Herrn brachte Maria die Botschaft und sie empfing vom Heiligen Geiste.<br><br><strong>Gebet:<\/strong><br>O Gott, der Du nach der Verk\u00fcndigung des Engels vom Leibe der seligsten Jungfrau Maria wolltest Fleisch annehmen,<br>gib, dass uns, die wir sie wahrhaft als Gottesgeb\u00e4rerin erkennen, auf ihre F\u00fcrbitte bei Dir geholfen werde.<br>O Gott Du Hirt und Lenker aller Gl\u00e4ubigen, siehe auf Deinen Diener, unsern Papst Benedikt XVI.<br>den Du zum Hirten Deiner Kirche bestimmt hast, gn\u00e4dig herab.<br>Verleihe ihm, wir bitten Dich dass er allen, welche er vorsteht, mit Wort und Beispiel zur Seite stehe,<br>damit er einst samt der ihm anvertrauten Herde zum ewigen Leben gelange.<br><br>O Gott, unsere Zuflucht und St\u00e4rke, unterst\u00fctze, Du Quelle aller Fr\u00f6mmigkeit,<br>die frommen Gebete Deiner Kirche und lass uns das, um was wir vertrauensvoll &nbsp;bitten, wirksam erlangen.<br>Durch Jesum Christum, unsern Herrn. Amen.<br>Q: Maria meine Zuflucht Imprimatur 1917<\/p>\n\n\n\n<p><strong>Am 7. Tage, den 22. M\u00e4rz.<\/strong><br><br><strong>Vorbereitungsgebet:<\/strong><br><br>Komm o heiliger Geist, erf\u00fclle die Herzen deiner Gl\u00e4ubigen und entz\u00fcnde in ihnen das Feuer deiner Liebe.<br><br>Sende aus deinen Geist und sie werden neu geschaffen werden.<br>O Gott, der du die Herzen deiner Gl\u00e4ubigen durch die Erleuchtung des Heiligen Geistes gelehret hast,<br>verleihe, dass wir in demselben Geiste das, was recht ist, erkennen und seines Trostes uns allezeit erfreuen.<br>Durch Christus unsern Herrn. Amen.<br><br>Obschon meine Zunge nicht rein ist, o reinste Jungfrau,<br>wage ich dennoch zu allen Stunden dich mit den Worten zu begr\u00fc\u00dfen:<br>\u201eSei gegr\u00fc\u00dfet, voll der Gnade!\u201c Ich bitte dich von Herzen, meiner Seele etwas von jener Gnadenf\u00fclle mitzuteilen,<br>womit du erf\u00fcllt wurdest, als der Heilige Geist dich \u00fcberschattete. \u2013<br><br>Gegr\u00fc\u00dfet seist du Maria&#8230;.<br><br><a href=\"https:\/\/ecclesiae.de\/blog\/?page_id=10731\">Lauretanische Litanei<\/a><br><br>Der Engel des Herrn brachte Maria die Botschaft und sie empfing vom Heiligen Geiste.<br><br><strong>Gebet:<\/strong><br>O Gott, der Du nach der Verk\u00fcndigung des Engels vom Leibe der seligsten Jungfrau Maria wolltest Fleisch annehmen,<br>gib, dass uns, die wir sie wahrhaft als Gottesgeb\u00e4rerin erkennen, auf ihre F\u00fcrbitte bei Dir geholfen werde.<br>O Gott Du Hirt und Lenker aller Gl\u00e4ubigen, siehe auf Deinen Diener,<br>unsern Papst Benedikt XVI. den Du zum Hirten Deiner Kirche bestimmt hast, gn\u00e4dig herab.<br>Verleihe ihm, wir bitten Dich dass er allen, welche er vorsteht, mit Wort und Beispiel zur Seite stehe,<br>damit er einst samt der ihm anvertrauten Herde zum ewigen Leben gelange.<br><br>O Gott, unsere Zuflucht und St\u00e4rke, unterst\u00fctze, Du Quelle aller Fr\u00f6mmigkeit,<br>die frommen Gebete Deiner Kirche und lass uns das, um was wir vertrauensvoll &nbsp;bitten,<br>wirksam erlangen. Durch Jesum Christum, unsern Herrn. Amen.<br>Q: Maria meine Zuflucht Imprimatur 1917<\/p>\n\n\n\n<p><strong>Am 8. Tage, den 23. M\u00e4rz<\/strong><br><br><strong>Vorbereitungsgebet:<\/strong><br><br>Komm o heiliger Geist, erf\u00fclle die Herzen deiner Gl\u00e4ubigen und entz\u00fcnde in ihnen das Feuer deiner Liebe.<br><br>Sende aus deinen Geist und sie werden neu geschaffen werden.<br>O Gott, der du die Herzen deiner Gl\u00e4ubigen durch die Erleuchtung des Heiligen Geistes gelehret hast, verleihe,<br>dass wir in demselben Geiste das, was recht ist, erkennen und seines Trostes uns allezeit erfreuen.<br>Durch Christus unsern Herrn. Amen.<br><br>Ich glaube, o heiligste Maria, dass der allm\u00e4chtige Gott, der seit deiner Empf\u00e4ngnis allzeit bei dir war \u2013<br>\u201eDer Herr ist mit dir,\u201c \u2013 noch mehr durch seine Menschwerdung in deinem reinsten Scho\u00dfe mit dir sich vereinigt habe.<br>Darum bitte ich dich, mir beizustehen, dass ich im Herzen immerdar mit meinem lieben Jesus durch die Heiligmachende Gnade vereinigt bleibe. \u2013<br><br>Gegr\u00fc\u00dfet seist du Maria&#8230; &nbsp;<br><br><a href=\"https:\/\/ecclesiae.de\/blog\/?page_id=10731\">Lauretanische Litanei<\/a><br><br>Der Engel des Herrn brachte Maria die Botschaft und sie empfing vom Heiligen Geiste.<br><br><strong>Gebet:<\/strong><br>O Gott, der Du nach der Verk\u00fcndigung des Engels vom Leibe der seligsten Jungfrau Maria wolltest Fleisch annehmen,<br>gib, dass uns, die wir sie wahrhaft als Gottesgeb\u00e4rerin erkennen, auf ihre F\u00fcrbitte bei Dir geholfen werde.<br>O Gott Du Hirt und Lenker aller Gl\u00e4ubigen, siehe auf Deinen Diener, unsern Papst Benedikt XVI.<br>den Du zum Hirten Deiner Kirche bestimmt hast, gn\u00e4dig herab.<br>Verleihe ihm, wir bitten Dich dass er allen, welche er vorsteht, mit Wort und Beispiel zur Seite stehe,<br>damit er einst samt der ihm anvertrauten Herde zum ewigen Leben gelange.<br><br>O Gott, unsere Zuflucht und St\u00e4rke, unterst\u00fctze, Du Quelle aller Fr\u00f6mmigkeit,<br>die frommen Gebete Deiner Kirche und lass uns das, um was wir vertrauensvoll &nbsp;bitten, wirksam erlangen.<br>Durch Jesum Christum, unsern Herrn. Amen.<br>Q: Maria meine Zuflucht Imprimatur 1917<\/p>\n\n\n\n<p><strong>Am 9. Tage, den 24. M\u00e4rz.<\/strong><br><br><strong>Vorbereitungsgebet:<\/strong><br><br>Komm o heiliger Geist, erf\u00fclle die Herzen deiner Gl\u00e4ubigen und entz\u00fcnde in ihnen das Feuer deiner Liebe.<br><br>Sende aus deinen Geist und sie werden neu geschaffen werden.<br>O Gott, der du die Herzen deiner Gl\u00e4ubigen durch die Erleuchtung des Heiligen Geistes gelehret hast,<br>verleihe, dass wir in demselben Geiste das, was recht ist, erkennen und seines Trostes uns allezeit erfreuen.<br>Durch Christus unsern Herrn. Amen.<br><br>Ich flehe dich an, o heiligste Jungfrau, dass du mein Herz und meine Seele segnen wollest,<br>gleichwie du allezeit die von Gott gesegnete unter allen Frauen warst. \u2013 \u201eDu bist gebenedeit unter den Weibern.\u201c \u2013<br>Ich lebe der zuversichtlichsten Hoffnung, dass, wenn du, liebe Mutter, mich jetzt im Leben segnest,<br>ich auch nach dem Tode durch alle Ewigkeit gesegnet sein werde in der himmlischen Glorie. \u2013<br><br>Gegr\u00fc\u00dfet seist du Maria&#8230;.<br><br><a href=\"https:\/\/ecclesiae.de\/blog\/?page_id=10731\">Lauretanische Litanei<\/a><br><br>Der Engel des Herrn brachte Maria die Botschaft und sie empfing vom Heiligen Geiste.<br><br><strong>Gebet:<\/strong><br>O Gott, der Du nach der Verk\u00fcndigung des Engels vom Leibe der seligsten Jungfrau Maria wolltest Fleisch annehmen,<br>gib, dass uns, die wir sie wahrhaft als Gottesgeb\u00e4rerin erkennen, auf ihre F\u00fcrbitte bei Dir geholfen werde.<br>O Gott Du Hirt und Lenker aller Gl\u00e4ubigen, siehe auf Deinen Diener, unsern Papst Benedikt XVI.<br>den Du zum Hirten Deiner Kirche bestimmt hast, gn\u00e4dig herab.<br>Verleihe ihm, wir bitten Dich dass er allen, welche er vorsteht, mit Wort und Beispiel zur Seite stehe,<br>damit er einst samt der ihm anvertrauten Herde zum ewigen Leben gelange.<br><br>O Gott, unsere Zuflucht und St\u00e4rke, unterst\u00fctze, Du Quelle aller Fr\u00f6mmigkeit,<br>die frommen Gebete Deiner Kirche und lass uns das, um was wir vertrauensvoll &nbsp;bitten, wirksam erlangen.<br>Durch Jesum Christum, unsern Herrn. Amen.<br>Q: Maria meine Zuflucht Imprimatur 1917<\/p>\n","protected":false},"excerpt":{"rendered":"<p>Am 1. Tage, den 16. M\u00e4rz. Vorbereitungsgebet Komm o heiliger Geist, erf\u00fclle die Herzen deiner Gl\u00e4ubigen und entz\u00fcnde in ihnen das Feuer deiner Liebe. Sende aus deinen Geist und sie werden neu geschaffen werden.O Gott, der du die Herzen deiner &hellip; <a href=\"https:\/\/ecclesiae.de\/blog\/?page_id=10730\">Weiterlesen <span class=\"meta-nav\">&rarr;<\/span><\/a><\/p>\n","protected":false},"author":3,"featured_media":0,"parent":10370,"menu_order":0,"comment_status":"closed","ping_status":"closed","template":"","meta":{"footnotes":""},"class_list":["post-10730","page","type-page","status-publish","hentry"],"_links":{"self":[{"href":"https:\/\/ecclesiae.de\/blog\/index.php?rest_route=\/wp\/v2\/pages\/10730","targetHints":{"allow":["GET"]}}],"collection":[{"href":"https:\/\/ecclesiae.de\/blog\/index.php?rest_route=\/wp\/v2\/pages"}],"about":[{"href":"https:\/\/ecclesiae.de\/blog\/index.php?rest_route=\/wp\/v2\/types\/page"}],"author":[{"embeddable":true,"href":"https:\/\/ecclesiae.de\/blog\/index.php?rest_route=\/wp\/v2\/users\/3"}],"replies":[{"embeddable":true,"href":"https:\/\/ecclesiae.de\/blog\/index.php?rest_route=%2Fwp%2Fv2%2Fcomments&post=10730"}],"version-history":[{"count":3,"href":"https:\/\/ecclesiae.de\/blog\/index.php?rest_route=\/wp\/v2\/pages\/10730\/revisions"}],"predecessor-version":[{"id":10737,"href":"https:\/\/ecclesiae.de\/blog\/index.php?rest_route=\/wp\/v2\/pages\/10730\/revisions\/10737"}],"up":[{"embeddable":true,"href":"https:\/\/ecclesiae.de\/blog\/index.php?rest_route=\/wp\/v2\/pages\/10370"}],"wp:attachment":[{"href":"https:\/\/ecclesiae.de\/blog\/index.php?rest_route=%2Fwp%2Fv2%2Fmedia&parent=10730"}],"curies":[{"name":"wp","href":"https:\/\/api.w.org\/{rel}","templated":true}]}}