{"id":10742,"date":"2022-07-24T15:03:30","date_gmt":"2022-07-24T15:03:30","guid":{"rendered":"http:\/\/ecclesiae.de\/blog\/?page_id=10742"},"modified":"2022-07-24T15:03:30","modified_gmt":"2022-07-24T15:03:30","slug":"schutzengelnovene-kurz","status":"publish","type":"page","link":"https:\/\/ecclesiae.de\/blog\/?page_id=10742","title":{"rendered":"Schutzengelnovene &#8211; kurz"},"content":{"rendered":"\n<p><br><br>Am 2. Oktober &#8211; Gedenktag der hl. Schutzengel.<br>Beginn am 23. September.<br><br><strong>AN ALLEN NEUN TAGEN DER NOVENE BETET MAN:<\/strong><br>Heiliger Schutzengel, du Diener des Herrn, du reiner Geist, gewaltig an Kraft, mehr wissend als alle Gelehrten,<br>in st\u00e4ndiger Verbindung mit Gott, du bist mein getreuer Begleiter und Besch\u00fctzer von Kindheit an.<br>Du wei\u00dft um meine jetzige gro\u00dfe Sorge und siehst meine Ratlosigkeit.<br>Bitte den Allerh\u00f6chsten um seine Hilfe in meinem Anliegen.<br>Als Dank f\u00fcr deinen liebevollen Einsatz und deinen st\u00e4ndigen Schutz opfere ich dir immerfort<br>die heiligsten Herzen Jesu und Mariens und das kostbare Blut auf zur Vermehrung deiner Seligkeit.<br><br>Ehre und Dank sei dem Vater und dem Sohn und dem Heiligen Geist f\u00fcr meinen Schutzengel. Amen.<br><br><strong>Schlussgebet f\u00fcr den Novenentag<\/strong><br>O Gott, ich knie vor deiner Majest\u00e4t und danke dir, dass du mir einen himmlischen Begleiter<br>wie einen Bruder zu lieben und auf ihn zu h\u00f6ren, wenn er in der Stimme des Gewissens zu mir spricht.<br>Lasse mich hier auf Erden und einst im Himmel mit ihm dir zujubeln:<br>Heilig, heilig, heilig, bist du Herr, Gott der Herrscharen. Himmel und Erde sind erf\u00fcllt von deiner Herrlichkeit. Amen.<\/p>\n","protected":false},"excerpt":{"rendered":"<p>Am 2. Oktober &#8211; Gedenktag der hl. Schutzengel.Beginn am 23. September. AN ALLEN NEUN TAGEN DER NOVENE BETET MAN:Heiliger Schutzengel, du Diener des Herrn, du reiner Geist, gewaltig an Kraft, mehr wissend als alle Gelehrten,in st\u00e4ndiger Verbindung mit Gott, du &hellip; <a href=\"https:\/\/ecclesiae.de\/blog\/?page_id=10742\">Weiterlesen <span class=\"meta-nav\">&rarr;<\/span><\/a><\/p>\n","protected":false},"author":3,"featured_media":0,"parent":10370,"menu_order":0,"comment_status":"closed","ping_status":"closed","template":"","meta":{"footnotes":""},"class_list":["post-10742","page","type-page","status-publish","hentry"],"_links":{"self":[{"href":"https:\/\/ecclesiae.de\/blog\/index.php?rest_route=\/wp\/v2\/pages\/10742","targetHints":{"allow":["GET"]}}],"collection":[{"href":"https:\/\/ecclesiae.de\/blog\/index.php?rest_route=\/wp\/v2\/pages"}],"about":[{"href":"https:\/\/ecclesiae.de\/blog\/index.php?rest_route=\/wp\/v2\/types\/page"}],"author":[{"embeddable":true,"href":"https:\/\/ecclesiae.de\/blog\/index.php?rest_route=\/wp\/v2\/users\/3"}],"replies":[{"embeddable":true,"href":"https:\/\/ecclesiae.de\/blog\/index.php?rest_route=%2Fwp%2Fv2%2Fcomments&post=10742"}],"version-history":[{"count":1,"href":"https:\/\/ecclesiae.de\/blog\/index.php?rest_route=\/wp\/v2\/pages\/10742\/revisions"}],"predecessor-version":[{"id":10743,"href":"https:\/\/ecclesiae.de\/blog\/index.php?rest_route=\/wp\/v2\/pages\/10742\/revisions\/10743"}],"up":[{"embeddable":true,"href":"https:\/\/ecclesiae.de\/blog\/index.php?rest_route=\/wp\/v2\/pages\/10370"}],"wp:attachment":[{"href":"https:\/\/ecclesiae.de\/blog\/index.php?rest_route=%2Fwp%2Fv2%2Fmedia&parent=10742"}],"curies":[{"name":"wp","href":"https:\/\/api.w.org\/{rel}","templated":true}]}}