{"id":10744,"date":"2022-07-24T15:05:07","date_gmt":"2022-07-24T15:05:07","guid":{"rendered":"http:\/\/ecclesiae.de\/blog\/?page_id=10744"},"modified":"2022-07-24T15:05:07","modified_gmt":"2022-07-24T15:05:07","slug":"novene-zum-hl-pater-pio-von-pietrelcina","status":"publish","type":"page","link":"https:\/\/ecclesiae.de\/blog\/?page_id=10744","title":{"rendered":"Novene zum Hl. Pater Pio von Pietrelcina"},"content":{"rendered":"\n<p><br>T\u00e4glich nach jedem Gebet den Rosenkranz zum g\u00f6ttlichen Herzen beten.<br><br><br><strong>1. Tag:<\/strong><br>Hl. Pater Pio von Pietrelcina, du hast an deinem Leib die Zeichen der Passion unseres Herrn Jesus Christus<br>getragen. Du hast f\u00fcr uns alle das Kreuz getragen und die physischen und moralischen Leiden, die Seele<br>und Leib in einem dauernden Martyrium geisselten. Bitte f\u00fcr uns bei Gott, damit jeder von uns lernt,<br>die grossen und kleinen Kreuze des Lebens anzunehmen und jedes Leiden in ein sicheres Band zu verwandeln,<br>das uns mit dem ewigen Leben verbindet.<br><br>&#8222;Es ist gut, sich an die Leiden zu gew\u00f6hnen, die Jesus gefielen, euch zu senden.<br>Jesus, der es nicht ertragen kann, euch leiden zu sehen, wird kommen, um euch<br>Erleichterung zu verschaffen und zu tr\u00f6sten und eurem Geist neuen Mut zu schenken.&#8220; (Hl. Pater Pio)<br><br><br><strong>2. Tag:<\/strong><br>Hl. Pater Pio von Pietrelcina, der du an der Seite unseres Herrn Jesus Christus bist,<br>du wusstest den Versuchungen des B\u00f6sen zu widerstehen. Du hast die Schl\u00e4ge und Qualen<br>der h\u00f6llischen D\u00e4monen durchlitten, die dich dazu bringen wollten, deinen Weg der Heiligkeit<br>aufzugeben. Bitte f\u00fcr uns beim H\u00f6chsten, damit auch wir mit deiner Hilfe und der<br>Hilfe des ganzen Paradieses die Kraft finden, der S\u00fcnde abzusagen und den Glauben<br>bis zu unserem Todestag treu bewahren.<br><br>&#8222;Hab Mut und f\u00fcrchte nicht den d\u00fcsteren Zorn Luzifers. Denk daran: solange der Feind gegen deinen<br>Willen von aussen l\u00e4rmt und br\u00fcllt, ist es ein gutes Zeichen, denn es zeigt dir, dass er nicht in deinem Willen ist.&#8220; (Hl. Pater Pio)<br><br><br><strong>3. Tag:<\/strong><br>Hl. Pater Pio von Pietrelcina, du hast die himmlische Mutter so sehr geliebt, dass du<br>t\u00e4glich Gnaden und Tr\u00f6stungen von ihr empfangen hast. Bitte f\u00fcr uns bei der heiligen Jungfrau,<br>und lege unsere S\u00fcnden und unsere unand\u00e4chtigen Gebete in ihre H\u00e4nde, damit<br>&#8211; wie einst zu Kana in Galil\u00e4a &#8211; der Sohn sein &#8222;Ja&#8220; zur Mutter spricht und unser Name<br>in das Buch des Lebens eingetragen werden kann.<br><br>&#8222;Maria sei der Stern, der euren Weg erleuchtet und euch die sichere Strasse weist,<br>auf der ihr zum himmlischen Vater gelangt; sie sei der Anker, mit dem ihr euch<br>in Zeiten der Pr\u00fcfung umso fester verbinden sollt.&#8220; (Hl. Pater Pio)<br><br><br><strong>4. Tag:<\/strong><br>Hl. Pater Pio von Pietrelcina, du hast deinen Schutzengel so sehr geliebt, der dir diente<br>als F\u00fchrer, Verteidiger und Bote. Die Engel brachten vor dich die Gebete deiner Kinder<br>im Geiste. Bitte f\u00fcr uns beim Herrn, damit auch wir lernen, uns unseres Schutzengels zu<br>bedienen, der w\u00e4hrend unseres ganzen Lebens bereit ist, uns zum Weg des Guten zu raten<br>und vom Tun des B\u00f6sen abzuraten.<br><br>&#8222;Rufe deinen Schutzengel an, der dich erleuchten und f\u00fchren wird. Der Herr hat ihn<br>dir dazu an die Seite gestellt. Deshalb bediene dich seiner.&#8220; (Hl. Pater Pio)<br><br><br><strong>5. Tag:<\/strong><br>Hl. Pater Pio von Pietrelcina, du hast eine innige Andacht zu den Armen Seelen gepflegt,<br>f\u00fcr die du dich als S\u00fchnopfer angeboten hast. Bitte den Herrn, dass er in uns die Gef\u00fchle<br>des Mitleids und der Liebe eingiesse, die du f\u00fcr diese Seelen gehabt hast, damit auch<br>wir helfen, ihre Zeit im Exil zu verk\u00fcrzen, und uns m\u00fchen, mit Opfern und Gebeten<br>ihnen den notwendigen Ablass zu erwirken.<br><br>&#8222;O Herr, ich bitte dich, \u00fcber mir die Qualen auszugiessen, die den S\u00fcndern und den<br>Seelen im Fegfeuer vorbehalten sind; wenn es sein muss, vermehre sie \u00fcber mir, damit du<br>die S\u00fcnder bekehrst und rettest und rasch die Seelen aus dem Fegfeuer befreist.&#8220; (Hl. Pater Pio)<br><br><br><strong>6. Tag:<\/strong><br>Hl. Pater Pio von Pietrelcina, du hast die Kranken mehr geliebt als dich selbst, denn<br>du hast in ihnen Jesus gesehen. Du, der du im Namen des Herrn Heilungswunder<br>vollbracht hast, dem Leib die Hoffnung auf Leben und dem Geist die Hoffnung auf<br>Erneuerung wiedergegeben hast, bitte den Herrn, damit alle Kranken auf die F\u00fcrsprache<br>Mariens seinen m\u00e4chtigen Schutz erfahren und aus der leiblichen Heilung geistlichen<br>Gewinn ziehen, indem sie dem Herrn, dem ewigen Gott, danken und ihn preisen.<br><br>&#8222;Wenn ich also weiss, dass eine Person schwer heimgesucht wird, sei es an Seele oder Leib,<br>was tue ich nicht alles beim Herrn, um sie frei von ihren \u00dcbeln zu sehen?<br>Gerne nehme ich alle ihre Leiden auf mich, um sie gesund weggehen zu sehen,<br>und trete ihr die Fr\u00fcchte solcher Leiden ab, so es der Herr mir gestattet.&#8220; (Hl. Pater Pio)<br><br><br><strong>7. Tag:<\/strong><br>Hl. Pater Pio von Pietrelcina, so sehr hast du den Heilsplan Gottes mitgetragen, dass du<br>deine Leiden angeboten hast, um die S\u00fcnder aus den Schlingen Satans zu befreien.<br>Bitte f\u00fcr uns bei Gott, damit die Ungl\u00e4ubigen zum Glauben finden und sich bekehren,<br>die S\u00fcnder aus tiefstem Herzen bereuen, die Lauen mit neuer Leidenschaft<br>f\u00fcr ihr Christsein erf\u00fcllt werden und die Gerechten aushalten auf dem Weg des Heiles.<br><br>&#8222;Wenn die arme Welt die Sch\u00f6nheit einer Seele im Stand der Gnade sehen k\u00f6nnte,<br>alle S\u00fcnder, alle Ungl\u00e4ubigen w\u00fcrden sich auf der Stelle bekehren.&#8220; (Hl. Pater Pio)<br><br><br><strong>8. Tag:<\/strong><br>Hl. Pater Pio von Pietrelcina, du hast deine geistlichen Kinder sehr geliebt und viele<br>hast du f\u00fcr Christus gewonnen um den Preis deines Blutes. Gew\u00e4hre auch uns, die wir<br>dich nicht pers\u00f6nlich kennengelernt haben, uns als deine geistlichen Kinder zu betrachten,<br>damit auch wir dich &#8211; durch deinen v\u00e4terlichen Schutz, durch deine heilige F\u00fchrung und<br>die Kraft, die du f\u00fcr uns vom Herrn erlangen wirst &#8211; in der Stunde unseres Todes an der<br>Paradiespforte antreffen k\u00f6nnen, wo du auf unsere Ankunft wartest.<br><br>&#8222;Wenn es mir m\u00f6glich w\u00e4re, wollte ich vom Herrn nur eine einzige Sache erbitten;<br>wenn er zu mir sagte &#8218;Geh ein in das Paradies&#8216;, wollte ich nur diese Gnade von ihm erlangen:<br>&#8218;Herr, lass&#8216; mich erst dann ins Paradies eingehen, wenn das letzte meiner Kinder, wenn die<br>letzte der Personen, die meiner priesterlichen Sorge anvertraut waren, vor mir hineingegangen ist.'&#8220; (Hl. Pater Pio)<br><br><br><strong>9. Tag:<\/strong><br>Hl. Pater Pio von Pietrelcina, du hast so sehr die heilige Mutter Kirche geliebt.<br>Bitte f\u00fcr uns beim Herrn, damit er Arbeiter in seine Ernte sende und jedem die Kraft und<br>den Geist der Kinder Gottes gebe. Wir bitten dich dar\u00fcber hinaus, bei der Jungfrau Maria<br>einzutreten, damit sie die Menschen zur Einheit der Christen f\u00fchre und sie in einem einzigen<br>grossen Haus versammle, das wie ein Leuchttum des Heiles im sturmgepeitschten Meer<br>unseres Lebens sei.<br><br>&#8222;Halte dich immer eng an die Heilige Katholische Kirche, denn sie allein vermag<br>dir den wahren Frieden zu geben, denn sie allein besitzt Jesus im Sakrament,<br>der wahrhaft der F\u00fcrst des Friedens ist.&#8220; (Hl. Pater Pio)<br><br><br>Rosenkranz zum g\u00f6ttlichen Herzen Jesu<br>(Dieser wird gebetet wie der marianische Rosenkranz.)<br>Die 5 Geheimnisse lauten:<br><br>1. Aus Deinem heiligsten Herzen alle Gnaden fliessen,<br>erbarme Dich unser und rette uns.<br><br>2. Auf Dein g\u00fctigstes Herz wir unsere ganze Hoffnung setzen,<br>erbarme Dich unser und rette uns.<br><br>3. Dein allm\u00e4chtiges Herz zerbricht des Feindes Macht und List,<br>erbarme Dich unser und rette uns.<br><br>4. Dein heiligstes Herz verdient, unendlich geliebt zu werden,<br>erbarme Dich unser und rette uns.<br><br>5. Dein treuestes Herz ist aus Liebe zu uns mit einer Lanze<br>ge\u00f6ffnet worden, erbarme Dich unser.<\/p>\n","protected":false},"excerpt":{"rendered":"<p>T\u00e4glich nach jedem Gebet den Rosenkranz zum g\u00f6ttlichen Herzen beten. 1. Tag:Hl. Pater Pio von Pietrelcina, du hast an deinem Leib die Zeichen der Passion unseres Herrn Jesus Christusgetragen. Du hast f\u00fcr uns alle das Kreuz getragen und die physischen &hellip; <a href=\"https:\/\/ecclesiae.de\/blog\/?page_id=10744\">Weiterlesen <span class=\"meta-nav\">&rarr;<\/span><\/a><\/p>\n","protected":false},"author":3,"featured_media":0,"parent":10370,"menu_order":0,"comment_status":"closed","ping_status":"closed","template":"","meta":{"footnotes":""},"class_list":["post-10744","page","type-page","status-publish","hentry"],"_links":{"self":[{"href":"https:\/\/ecclesiae.de\/blog\/index.php?rest_route=\/wp\/v2\/pages\/10744","targetHints":{"allow":["GET"]}}],"collection":[{"href":"https:\/\/ecclesiae.de\/blog\/index.php?rest_route=\/wp\/v2\/pages"}],"about":[{"href":"https:\/\/ecclesiae.de\/blog\/index.php?rest_route=\/wp\/v2\/types\/page"}],"author":[{"embeddable":true,"href":"https:\/\/ecclesiae.de\/blog\/index.php?rest_route=\/wp\/v2\/users\/3"}],"replies":[{"embeddable":true,"href":"https:\/\/ecclesiae.de\/blog\/index.php?rest_route=%2Fwp%2Fv2%2Fcomments&post=10744"}],"version-history":[{"count":1,"href":"https:\/\/ecclesiae.de\/blog\/index.php?rest_route=\/wp\/v2\/pages\/10744\/revisions"}],"predecessor-version":[{"id":10745,"href":"https:\/\/ecclesiae.de\/blog\/index.php?rest_route=\/wp\/v2\/pages\/10744\/revisions\/10745"}],"up":[{"embeddable":true,"href":"https:\/\/ecclesiae.de\/blog\/index.php?rest_route=\/wp\/v2\/pages\/10370"}],"wp:attachment":[{"href":"https:\/\/ecclesiae.de\/blog\/index.php?rest_route=%2Fwp%2Fv2%2Fmedia&parent=10744"}],"curies":[{"name":"wp","href":"https:\/\/api.w.org\/{rel}","templated":true}]}}