{"id":10748,"date":"2022-07-24T15:07:34","date_gmt":"2022-07-24T15:07:34","guid":{"rendered":"http:\/\/ecclesiae.de\/blog\/?page_id=10748"},"modified":"2023-11-01T07:23:28","modified_gmt":"2023-11-01T07:23:28","slug":"novene-zur-aermsten-priesterseele","status":"publish","type":"page","link":"https:\/\/ecclesiae.de\/blog\/?page_id=10748","title":{"rendered":"Novene zur \u00e4rmsten Priesterseele"},"content":{"rendered":"\n<p>Haupts\u00e4chlich zur Seele jenes Priesters, die im Fegfeuer am meisten zu leiden hat, um eine besondere Gnade zu erlangen.<br>Wenn man bedenkt, dass Gott die Priester wie seinen Augapfel liebt, ist gewiss, dass man dem Herrn sehr wohlgefalle wenn man f\u00fcr die Seele jenes Priesters betet, die im Fegfeuer am meisten zu leiden hat, und Gott wird ohne Zweifel die gew\u00fcnschte Gnade gew\u00e4hren.<br>Die hohe Stufe, die den Priestern im Himmel zuerkannt wird, sobald sie die Befreiung aus dem Fegfeuer erlangen und das Richteramt, das dieselben am Letzten Gerichtstag aus\u00fcben werden, alles das m\u00f6ge uns aneifern, die folgende Andacht mit gr\u00f6\u00dferem Eifer und Vertrauen zu unternehmen, in der besten \u00dcberzeugung, dass wir durch die F\u00fcrsprache jener Seele erlangen werden, was wir von Gott erbitten.<br><br>Die Andacht macht man in folgender Weise:<br>Man w\u00e4hlt die Seele jenes Priesters, die im Fegefeuer am meisten leidet, damit sie uns von Gott die gew\u00fcnschte Gnade erbitte.<br>Zu diesem Zwecke opfert man 33mal jeden Tag hindurch zum Andenken der 33 Lebensjahre unseres Herrn Jesus Christus das Kostbare Blut auf.<br>Jeden Sonntag empf\u00e4ngt man die Kommunion, opfert sie f\u00fcr die Seele auf, welche man einschlie\u00dft. Man schlie\u00dft die erste Woche in die heilige Wunde der linken Hand, die zweite in die Wunde der rechten Hand, die dritte Woche in die Wunde des rechten Fu\u00dfes, die vierte in die Wunde des linken Fu\u00dfes, die letzten f\u00fcnf Tage in die linke Seitenwunde Unseres Herrn Jesus Christus. W\u00e4hrend der ganzen Andacht stellt man sich in den Schutz Unserer lieben Frau, indem man sie t\u00e4glich anruft, damit sie uns helfen m\u00f6ge. es hat sich noch nie ereignet, dass derjenige, welcher die \u00a0genannte Andacht mit Eifer verrichtete, nicht erhielt, um was er flehte.<\/p>\n\n\n\n<p><strong>Gebet<br>&#8222;Ewiger Vater, ich opfere dir das Kostbare Blut auf f\u00fcr die Seele jenes Priesters, die im Fegfeuer am meisten zu leiden hat und am verlassensten ist.&#8220; (T\u00e4glich 33mal zu beten)<br>&#8222;Und du, o heilige Seele, erbitte mir die Gnade, wenn es zur Ehre Gottes gereicht und zu meinem Seelenheile.&#8220; (Hier sagt man sein Anliegen)<br>&#8222;O Unsere Liebe Frau vom Heiligen Herzen, bitte f\u00fcr diese arme Priesterseele.&#8220; (12mal zu beten)<\/strong><\/p>\n\n\n\n<p>(Aus Benediktus-Bote, 1952, Verlag Reisinger, Wels O\u00d6. Mit kirchlicher Drucherlaubnis. Cum permissu superioru.)<\/p>\n","protected":false},"excerpt":{"rendered":"<p>Haupts\u00e4chlich zur Seele jenes Priesters, die im Fegfeuer am meisten zu leiden hat, um eine besondere Gnade zu erlangen.Wenn man bedenkt, dass Gott die Priester wie seinen Augapfel liebt, ist gewiss, dass man dem Herrn sehr wohlgefalle wenn man f\u00fcr &hellip; <a href=\"https:\/\/ecclesiae.de\/blog\/?page_id=10748\">Weiterlesen <span class=\"meta-nav\">&rarr;<\/span><\/a><\/p>\n","protected":false},"author":3,"featured_media":0,"parent":10370,"menu_order":0,"comment_status":"closed","ping_status":"closed","template":"","meta":{"footnotes":""},"class_list":["post-10748","page","type-page","status-publish","hentry"],"_links":{"self":[{"href":"https:\/\/ecclesiae.de\/blog\/index.php?rest_route=\/wp\/v2\/pages\/10748","targetHints":{"allow":["GET"]}}],"collection":[{"href":"https:\/\/ecclesiae.de\/blog\/index.php?rest_route=\/wp\/v2\/pages"}],"about":[{"href":"https:\/\/ecclesiae.de\/blog\/index.php?rest_route=\/wp\/v2\/types\/page"}],"author":[{"embeddable":true,"href":"https:\/\/ecclesiae.de\/blog\/index.php?rest_route=\/wp\/v2\/users\/3"}],"replies":[{"embeddable":true,"href":"https:\/\/ecclesiae.de\/blog\/index.php?rest_route=%2Fwp%2Fv2%2Fcomments&post=10748"}],"version-history":[{"count":2,"href":"https:\/\/ecclesiae.de\/blog\/index.php?rest_route=\/wp\/v2\/pages\/10748\/revisions"}],"predecessor-version":[{"id":12164,"href":"https:\/\/ecclesiae.de\/blog\/index.php?rest_route=\/wp\/v2\/pages\/10748\/revisions\/12164"}],"up":[{"embeddable":true,"href":"https:\/\/ecclesiae.de\/blog\/index.php?rest_route=\/wp\/v2\/pages\/10370"}],"wp:attachment":[{"href":"https:\/\/ecclesiae.de\/blog\/index.php?rest_route=%2Fwp%2Fv2%2Fmedia&parent=10748"}],"curies":[{"name":"wp","href":"https:\/\/api.w.org\/{rel}","templated":true}]}}