{"id":10764,"date":"2022-07-25T09:02:42","date_gmt":"2022-07-25T09:02:42","guid":{"rendered":"http:\/\/ecclesiae.de\/blog\/?page_id=10764"},"modified":"2022-07-25T09:02:42","modified_gmt":"2022-07-25T09:02:42","slug":"gebet-zum-wettersegen","status":"publish","type":"page","link":"https:\/\/ecclesiae.de\/blog\/?page_id=10764","title":{"rendered":"Gebet zum Wettersegen"},"content":{"rendered":"\n<figure class=\"wp-block-table\"><table><tbody><tr><td><br><br>Allm\u00e4chtiger, g\u00fctiger Gott!<br>Wir preisen Deine Macht und danken Deiner G\u00fcte, mit der Du v\u00e4terlich f\u00fcr alle Deine Gesch\u00f6pfe sorgst.<br>Alle warten auf Dich, dass Du ihnen Speise gebest zu seiner Zeit.<br>Du gibst ihnen und sie sammeln.<br>Du tust auf Deine Hand und alles wird ges\u00e4ttigt.<br>Du gibst Regen vom Himmel und fruchtbare Jahreszeiten, segnest reichlich mit Nahrung<br>und erf\u00fcllst mit Freude die Herzen.<br>Ewig w\u00e4hret Deine G\u00fcte! Lass auch uns Gnade finden vor Dir, o Gott.<br>Verfahre nicht mit uns nach unseren S\u00fcnden, sondern nach Deiner Barmherzigkeit!<br>Segne die Fr\u00fcchte der Erde und wende ab alles sch\u00e4dliche: langwierige N\u00e4sse, Regeng\u00fcsse, Hagel und D\u00fcrre.<br>Bewahre uns vor ansteckenden Krankheiten, Feuersgefahr, Feindschaft und Krieg!<br>Segne die Fr\u00fcchte der Erde und wende ab alles sch\u00e4dliche: langwierige N\u00e4sse, Regeng\u00fcsse, Hagel und D\u00fcrre.<br><br>Bewahre uns vor ansteckenden Krankheiten, Feuersgefahr, Feindschaft und Krieg!<br>Besch\u00fctze unsere Wohnungen und Fluren, segne unsere Arbeiten und lass uns zum Guten gedeihen, was wir genie\u00dfen und besitzen,<br>damit wir so durch das Zeitliche gehen, dass wir das Ewige nicht verlieren!<br>Gib uns das t\u00e4gliche Brot des Leibes und auch der Seele, dass wir Dich immer erkennen und den Du gesandt hast,<br>Jesum, unsern Erl\u00f6ser und dass wir ,geleitet, durch den Heiligen Geist,<br>vor allem nach dem Reiche Gottes und seiner Gerechtigkeit streben.<br>St\u00e4rke uns im Glauben, und Vertrauen, dass wir in den Tagen der Pr\u00fcfung kleinm\u00fctig werden, und erf\u00fclle unser Herz mit dankbarer Liebe,<br>dass wir Deine Gaben niemals missbrauchen sondern als dankbare Kinder stets wohlgef\u00e4llig vor Dir wandeln.<br>Die S\u00fcnde meiden, und alles gottlose Wesen ein Ende nehme!<br>Erbarme Dich unser, o Gott, erbarme Dich unser und aller unserer Mitmenschen!<br>So rufen wir voll Vertrauen zu Dir, im Name Jesu, Deines Sohnes, unseres Erl\u00f6sers. Amen.<br>Q: alter Wettersegen<\/td><\/tr><\/tbody><\/table><\/figure>\n","protected":false},"excerpt":{"rendered":"<p>Allm\u00e4chtiger, g\u00fctiger Gott!Wir preisen Deine Macht und danken Deiner G\u00fcte, mit der Du v\u00e4terlich f\u00fcr alle Deine Gesch\u00f6pfe sorgst.Alle warten auf Dich, dass Du ihnen Speise gebest zu seiner Zeit.Du gibst ihnen und sie sammeln.Du tust auf Deine Hand und &hellip; <a href=\"https:\/\/ecclesiae.de\/blog\/?page_id=10764\">Weiterlesen <span class=\"meta-nav\">&rarr;<\/span><\/a><\/p>\n","protected":false},"author":3,"featured_media":0,"parent":10545,"menu_order":0,"comment_status":"closed","ping_status":"closed","template":"","meta":{"footnotes":""},"class_list":["post-10764","page","type-page","status-publish","hentry"],"_links":{"self":[{"href":"https:\/\/ecclesiae.de\/blog\/index.php?rest_route=\/wp\/v2\/pages\/10764","targetHints":{"allow":["GET"]}}],"collection":[{"href":"https:\/\/ecclesiae.de\/blog\/index.php?rest_route=\/wp\/v2\/pages"}],"about":[{"href":"https:\/\/ecclesiae.de\/blog\/index.php?rest_route=\/wp\/v2\/types\/page"}],"author":[{"embeddable":true,"href":"https:\/\/ecclesiae.de\/blog\/index.php?rest_route=\/wp\/v2\/users\/3"}],"replies":[{"embeddable":true,"href":"https:\/\/ecclesiae.de\/blog\/index.php?rest_route=%2Fwp%2Fv2%2Fcomments&post=10764"}],"version-history":[{"count":1,"href":"https:\/\/ecclesiae.de\/blog\/index.php?rest_route=\/wp\/v2\/pages\/10764\/revisions"}],"predecessor-version":[{"id":10765,"href":"https:\/\/ecclesiae.de\/blog\/index.php?rest_route=\/wp\/v2\/pages\/10764\/revisions\/10765"}],"up":[{"embeddable":true,"href":"https:\/\/ecclesiae.de\/blog\/index.php?rest_route=\/wp\/v2\/pages\/10545"}],"wp:attachment":[{"href":"https:\/\/ecclesiae.de\/blog\/index.php?rest_route=%2Fwp%2Fv2%2Fmedia&parent=10764"}],"curies":[{"name":"wp","href":"https:\/\/api.w.org\/{rel}","templated":true}]}}