{"id":10766,"date":"2022-07-25T09:03:53","date_gmt":"2022-07-25T09:03:53","guid":{"rendered":"http:\/\/ecclesiae.de\/blog\/?page_id=10766"},"modified":"2022-07-25T09:03:53","modified_gmt":"2022-07-25T09:03:53","slug":"gebet-vor-dem-allerheiligsten","status":"publish","type":"page","link":"https:\/\/ecclesiae.de\/blog\/?page_id=10766","title":{"rendered":"Gebet vor dem Allerheiligsten"},"content":{"rendered":"\n<p><br>Mein Herr Jesus Christus, Du bist aus Liebe zu uns Menschen Tag und Nacht in diesem Sakrament gegenw\u00e4rtig und voll Erbarmen und Liebe erwartest, rufst und empf\u00e4ngst Du alle, die Dich besuchen!<br>Ich glaube, dass Du im Sakrament des Altares gegenw\u00e4rtig bist, ich bete Dich an aus dem Abgrund meines Nichts und danke Dir f\u00fcr so viele erwiesene Gnaden,<br>besonders daf\u00fcr, dass Du Dich selbst mir in diesem Sakrament gegeben, dass Du mir Deine heilige Mutter als eine F\u00fcrsprecherin geschenkt und dass Du mich gerufen hast, Dich in dieser Kirche zu besuchen.<br><br>So gr\u00fc\u00dfe ich denn heute Dein liebevolles Herz und nehme mir vor, es in dreifacher Absicht zu begr\u00fc\u00dfen:<br>Erstens, um Dir f\u00fcr diese gro\u00dfe Gnade Dank zu sagen;<br>zweitens, um alle Beleidigungen, die Du von Deinen Feinden in diesem Sakrament empfangen hast, wieder gut zu machen;<br>drittens, um Dich durch diesen Besuch an all den Orten der Erde anzubeten, wo Du im Allerheiligsten Sakrament weniger verehrt, ja ganz verlassen bist. Amen!<br><br>Hl. Alfons M. Liguori<\/p>\n","protected":false},"excerpt":{"rendered":"<p>Mein Herr Jesus Christus, Du bist aus Liebe zu uns Menschen Tag und Nacht in diesem Sakrament gegenw\u00e4rtig und voll Erbarmen und Liebe erwartest, rufst und empf\u00e4ngst Du alle, die Dich besuchen!Ich glaube, dass Du im Sakrament des Altares gegenw\u00e4rtig &hellip; <a href=\"https:\/\/ecclesiae.de\/blog\/?page_id=10766\">Weiterlesen <span class=\"meta-nav\">&rarr;<\/span><\/a><\/p>\n","protected":false},"author":3,"featured_media":0,"parent":10545,"menu_order":0,"comment_status":"closed","ping_status":"closed","template":"","meta":{"footnotes":""},"class_list":["post-10766","page","type-page","status-publish","hentry"],"_links":{"self":[{"href":"https:\/\/ecclesiae.de\/blog\/index.php?rest_route=\/wp\/v2\/pages\/10766","targetHints":{"allow":["GET"]}}],"collection":[{"href":"https:\/\/ecclesiae.de\/blog\/index.php?rest_route=\/wp\/v2\/pages"}],"about":[{"href":"https:\/\/ecclesiae.de\/blog\/index.php?rest_route=\/wp\/v2\/types\/page"}],"author":[{"embeddable":true,"href":"https:\/\/ecclesiae.de\/blog\/index.php?rest_route=\/wp\/v2\/users\/3"}],"replies":[{"embeddable":true,"href":"https:\/\/ecclesiae.de\/blog\/index.php?rest_route=%2Fwp%2Fv2%2Fcomments&post=10766"}],"version-history":[{"count":1,"href":"https:\/\/ecclesiae.de\/blog\/index.php?rest_route=\/wp\/v2\/pages\/10766\/revisions"}],"predecessor-version":[{"id":10767,"href":"https:\/\/ecclesiae.de\/blog\/index.php?rest_route=\/wp\/v2\/pages\/10766\/revisions\/10767"}],"up":[{"embeddable":true,"href":"https:\/\/ecclesiae.de\/blog\/index.php?rest_route=\/wp\/v2\/pages\/10545"}],"wp:attachment":[{"href":"https:\/\/ecclesiae.de\/blog\/index.php?rest_route=%2Fwp%2Fv2%2Fmedia&parent=10766"}],"curies":[{"name":"wp","href":"https:\/\/api.w.org\/{rel}","templated":true}]}}