{"id":10770,"date":"2022-07-25T09:06:10","date_gmt":"2022-07-25T09:06:10","guid":{"rendered":"http:\/\/ecclesiae.de\/blog\/?page_id=10770"},"modified":"2022-07-25T09:06:10","modified_gmt":"2022-07-25T09:06:10","slug":"aufopferung-des-tagewerkes-an-die-muttergottes","status":"publish","type":"page","link":"https:\/\/ecclesiae.de\/blog\/?page_id=10770","title":{"rendered":"Aufopferung des Tagewerkes an die Muttergottes"},"content":{"rendered":"\n<p><br>O Maria, Mutter des menschgewordenen Wortes und unsere s\u00fc\u00dfeste Mutter!<br>Wir sind hier zu Deinen F\u00fc\u00dfen, w\u00e4hrend ein neuer Tag anbricht, ein neues, gro\u00dfes Geschenk des Herrn.<br>In Deine H\u00e4nde und in Dein Herz legen wir unser ganzes Sein.<br>Wir sind Dein im Willen, in Gedanken, im Herzen und mit dem Leib.<br>Bilde Du heute in uns mit m\u00fctterlicher Liebe ein neues Leben, das Leben Deines Jesus.<br>Leite und begleite, o K\u00f6nigin des Himmels, auch unsere kleinsten Handlungen durch Deine m\u00fctterlichen Eingebungen,<br>damit all unser Tun rein sei und angenommen werde im Augenblicke des heiligen und unbefleckten Opfers.<br>Mache uns heilig, o gute Mutter, wie Jesus es von uns verlangt und wie Dein Herz es von uns w\u00fcnscht und sehnlichst erwartet. Amen.<br>Q: Herr lehre uns beten (vergriffen)<\/p>\n","protected":false},"excerpt":{"rendered":"<p>O Maria, Mutter des menschgewordenen Wortes und unsere s\u00fc\u00dfeste Mutter!Wir sind hier zu Deinen F\u00fc\u00dfen, w\u00e4hrend ein neuer Tag anbricht, ein neues, gro\u00dfes Geschenk des Herrn.In Deine H\u00e4nde und in Dein Herz legen wir unser ganzes Sein.Wir sind Dein im &hellip; <a href=\"https:\/\/ecclesiae.de\/blog\/?page_id=10770\">Weiterlesen <span class=\"meta-nav\">&rarr;<\/span><\/a><\/p>\n","protected":false},"author":3,"featured_media":0,"parent":10545,"menu_order":0,"comment_status":"closed","ping_status":"closed","template":"","meta":{"footnotes":""},"class_list":["post-10770","page","type-page","status-publish","hentry"],"_links":{"self":[{"href":"https:\/\/ecclesiae.de\/blog\/index.php?rest_route=\/wp\/v2\/pages\/10770","targetHints":{"allow":["GET"]}}],"collection":[{"href":"https:\/\/ecclesiae.de\/blog\/index.php?rest_route=\/wp\/v2\/pages"}],"about":[{"href":"https:\/\/ecclesiae.de\/blog\/index.php?rest_route=\/wp\/v2\/types\/page"}],"author":[{"embeddable":true,"href":"https:\/\/ecclesiae.de\/blog\/index.php?rest_route=\/wp\/v2\/users\/3"}],"replies":[{"embeddable":true,"href":"https:\/\/ecclesiae.de\/blog\/index.php?rest_route=%2Fwp%2Fv2%2Fcomments&post=10770"}],"version-history":[{"count":1,"href":"https:\/\/ecclesiae.de\/blog\/index.php?rest_route=\/wp\/v2\/pages\/10770\/revisions"}],"predecessor-version":[{"id":10771,"href":"https:\/\/ecclesiae.de\/blog\/index.php?rest_route=\/wp\/v2\/pages\/10770\/revisions\/10771"}],"up":[{"embeddable":true,"href":"https:\/\/ecclesiae.de\/blog\/index.php?rest_route=\/wp\/v2\/pages\/10545"}],"wp:attachment":[{"href":"https:\/\/ecclesiae.de\/blog\/index.php?rest_route=%2Fwp%2Fv2%2Fmedia&parent=10770"}],"curies":[{"name":"wp","href":"https:\/\/api.w.org\/{rel}","templated":true}]}}