{"id":10772,"date":"2022-07-25T09:07:09","date_gmt":"2022-07-25T09:07:09","guid":{"rendered":"http:\/\/ecclesiae.de\/blog\/?page_id=10772"},"modified":"2022-07-25T09:07:09","modified_gmt":"2022-07-25T09:07:09","slug":"aufopferung-fuer-die-verlorene-zeit","status":"publish","type":"page","link":"https:\/\/ecclesiae.de\/blog\/?page_id=10772","title":{"rendered":"Aufopferung f\u00fcr die verlorene Zeit"},"content":{"rendered":"\n<p><br>H\u00f6re, was Jesus einst zur heiligen Mechtildis sprach: Siehe, Ich gebe dir alle meine Heiligkeit und Verdienste zum Eigentum, damit du Mir dieselben als deine wiedergibst und aufopferst; und wenn dies ein Mensch tut, so vergelte Ich ihm dieselben zweifach und so oft werde ich ihm dieselben zweifach wiedergeben; Ich werde sie ihm hundertf\u00e4ltig vergelten in diesem zeitlichen Leben und ihm das ewige geben, wie \u00a0Ich es verhei\u00dfen&#8220; (Math. 19,29)<br><br><br>G\u00fctiger Jesus! Ich opfere Dir auf alle Deine heilige Zeit, die Du auf dieser Welt gelebt, zur Genugtuung und zum Ersatz all der \u00fcbel zugebrachten Zeit meines Lebens.<br><br>Ehre sei dem Vater &#8230;<br><br>G\u00fctiger Jesus! Ich opfere dir auf alle Deine heiligen Jahre, Monate, Wochen, Tage, Stunden, Augenblicke, Gedanken, Worte und Werke zum ewigen Ersatz der \u00fcbel zugebrachten Jahre, Monate, Wochen, Tage, Stunden, Augenblicke, Worte und Werke meines Lebens.<br><br>Ehre sei dem Vater &#8230;.<br><br>G\u00fctiger Jesus! Ich opfere Dir auf Deine tiefe Demut anstatt meines Hochmuts; Deine Geduld anstatt meiner Ungeduld; Deine Reinheit anstatt meiner Unreinheit; Deine Liebe anstatt meiner Lauheit; alle Deine Tugenden und g\u00f6ttlichen Vollkommenheiten anstatt all der unz\u00e4hlbaren S\u00fcnden und Laster meines ganzen Lebens, die ich alle bereue und verabscheue mit derselben Abscheu, mit dem Dein g\u00f6ttliches Herz alle S\u00fcnden hasst. Ich nehme mir ernstlich vor, eher zu sterben, als Dich noch einmal schwer zu beleidigen. Amen.<br><br>Ehre sei dem Vater&#8230;..<\/p>\n","protected":false},"excerpt":{"rendered":"<p>H\u00f6re, was Jesus einst zur heiligen Mechtildis sprach: Siehe, Ich gebe dir alle meine Heiligkeit und Verdienste zum Eigentum, damit du Mir dieselben als deine wiedergibst und aufopferst; und wenn dies ein Mensch tut, so vergelte Ich ihm dieselben zweifach &hellip; <a href=\"https:\/\/ecclesiae.de\/blog\/?page_id=10772\">Weiterlesen <span class=\"meta-nav\">&rarr;<\/span><\/a><\/p>\n","protected":false},"author":3,"featured_media":0,"parent":10545,"menu_order":0,"comment_status":"closed","ping_status":"closed","template":"","meta":{"footnotes":""},"class_list":["post-10772","page","type-page","status-publish","hentry"],"_links":{"self":[{"href":"https:\/\/ecclesiae.de\/blog\/index.php?rest_route=\/wp\/v2\/pages\/10772","targetHints":{"allow":["GET"]}}],"collection":[{"href":"https:\/\/ecclesiae.de\/blog\/index.php?rest_route=\/wp\/v2\/pages"}],"about":[{"href":"https:\/\/ecclesiae.de\/blog\/index.php?rest_route=\/wp\/v2\/types\/page"}],"author":[{"embeddable":true,"href":"https:\/\/ecclesiae.de\/blog\/index.php?rest_route=\/wp\/v2\/users\/3"}],"replies":[{"embeddable":true,"href":"https:\/\/ecclesiae.de\/blog\/index.php?rest_route=%2Fwp%2Fv2%2Fcomments&post=10772"}],"version-history":[{"count":1,"href":"https:\/\/ecclesiae.de\/blog\/index.php?rest_route=\/wp\/v2\/pages\/10772\/revisions"}],"predecessor-version":[{"id":10773,"href":"https:\/\/ecclesiae.de\/blog\/index.php?rest_route=\/wp\/v2\/pages\/10772\/revisions\/10773"}],"up":[{"embeddable":true,"href":"https:\/\/ecclesiae.de\/blog\/index.php?rest_route=\/wp\/v2\/pages\/10545"}],"wp:attachment":[{"href":"https:\/\/ecclesiae.de\/blog\/index.php?rest_route=%2Fwp%2Fv2%2Fmedia&parent=10772"}],"curies":[{"name":"wp","href":"https:\/\/api.w.org\/{rel}","templated":true}]}}