{"id":10774,"date":"2022-07-25T09:08:08","date_gmt":"2022-07-25T09:08:08","guid":{"rendered":"http:\/\/ecclesiae.de\/blog\/?page_id=10774"},"modified":"2022-07-25T09:08:08","modified_gmt":"2022-07-25T09:08:08","slug":"aufopferungsgebet-am-priesterdonnerstag","status":"publish","type":"page","link":"https:\/\/ecclesiae.de\/blog\/?page_id=10774","title":{"rendered":"Aufopferungsgebet am Priesterdonnerstag"},"content":{"rendered":"\n<p>G\u00f6ttlicher Heiland Jesus Christus, der Du Dein ganzes Erl\u00f6sungswerk, die Rettung und das Heil der Welt,<br>den Priestern als Deinen Stellvertretern anvertraut hast, durch die H\u00e4nde Deiner heiligsten Mutter<br>opfere ich Dir f\u00fcr die Heiligung Deiner Priester und Priesterkandidaten den heutigen Tag ganz und gar auf:<br>alle Gebete, Arbeiten, Freuden, Opfer und Leiden.<br>Schenke uns wahrhaft heilige Priester, die, vom Feuer Deiner g\u00f6ttlichen Liebe entflammt,<br>nichts suchen als Deine gr\u00f6\u00dfere Ehre und das Heil unserer Seelen.<br>Bewahre sie in allen inneren und \u00e4u\u00dferen Gefahren und weise besonders jene zur\u00fcck,<br>die ihrer Tugend nachstellen und ihr heiliges Priesterideal gef\u00e4hrden.<br>Maria, Du gute Mutter der Priester, nimm alle Priester unter Deinen besonderen Schutz<br>und f\u00fchre mit g\u00fctiger Mutterhand auch die armen verirrten Priester,<br>die ihrer erhabenen Berufung untreu wurden, zum guten Hirten zur\u00fcck. Amen.<br>O Jesus, durch Dein liebegl\u00fchendes Herz bitte ich Dich: entflamme mit Eifer f\u00fcr Deine Liebe<br>und Verherrlichung alle Priester auf der ganzen Welt, alle Missionare, alle, die Dein g\u00f6ttliches Wort verk\u00fcnden.<br>Gib ihnen die Gnade, dass sie, entflammt von heiligem Eifer, Satan die Seelen entrei\u00dfen,<br>um sie alle zu Deinem Herzen zu f\u00fchren, wo sie immerdar Dich verherrlichen m\u00f6gen.<br>Q: Herr lehre uns beten &#8211; vergriffen<\/p>\n","protected":false},"excerpt":{"rendered":"<p>G\u00f6ttlicher Heiland Jesus Christus, der Du Dein ganzes Erl\u00f6sungswerk, die Rettung und das Heil der Welt,den Priestern als Deinen Stellvertretern anvertraut hast, durch die H\u00e4nde Deiner heiligsten Mutteropfere ich Dir f\u00fcr die Heiligung Deiner Priester und Priesterkandidaten den heutigen Tag &hellip; <a href=\"https:\/\/ecclesiae.de\/blog\/?page_id=10774\">Weiterlesen <span class=\"meta-nav\">&rarr;<\/span><\/a><\/p>\n","protected":false},"author":3,"featured_media":0,"parent":10545,"menu_order":0,"comment_status":"closed","ping_status":"closed","template":"","meta":{"footnotes":""},"class_list":["post-10774","page","type-page","status-publish","hentry"],"_links":{"self":[{"href":"https:\/\/ecclesiae.de\/blog\/index.php?rest_route=\/wp\/v2\/pages\/10774","targetHints":{"allow":["GET"]}}],"collection":[{"href":"https:\/\/ecclesiae.de\/blog\/index.php?rest_route=\/wp\/v2\/pages"}],"about":[{"href":"https:\/\/ecclesiae.de\/blog\/index.php?rest_route=\/wp\/v2\/types\/page"}],"author":[{"embeddable":true,"href":"https:\/\/ecclesiae.de\/blog\/index.php?rest_route=\/wp\/v2\/users\/3"}],"replies":[{"embeddable":true,"href":"https:\/\/ecclesiae.de\/blog\/index.php?rest_route=%2Fwp%2Fv2%2Fcomments&post=10774"}],"version-history":[{"count":1,"href":"https:\/\/ecclesiae.de\/blog\/index.php?rest_route=\/wp\/v2\/pages\/10774\/revisions"}],"predecessor-version":[{"id":10775,"href":"https:\/\/ecclesiae.de\/blog\/index.php?rest_route=\/wp\/v2\/pages\/10774\/revisions\/10775"}],"up":[{"embeddable":true,"href":"https:\/\/ecclesiae.de\/blog\/index.php?rest_route=\/wp\/v2\/pages\/10545"}],"wp:attachment":[{"href":"https:\/\/ecclesiae.de\/blog\/index.php?rest_route=%2Fwp%2Fv2%2Fmedia&parent=10774"}],"curies":[{"name":"wp","href":"https:\/\/api.w.org\/{rel}","templated":true}]}}