{"id":10776,"date":"2022-07-25T09:09:18","date_gmt":"2022-07-25T09:09:18","guid":{"rendered":"http:\/\/ecclesiae.de\/blog\/?page_id=10776"},"modified":"2022-07-25T09:09:18","modified_gmt":"2022-07-25T09:09:18","slug":"befreiungsgebet","status":"publish","type":"page","link":"https:\/\/ecclesiae.de\/blog\/?page_id=10776","title":{"rendered":"Befreiungsgebet"},"content":{"rendered":"\n<p>Erhabene K\u00f6nigin des Himmels, Jungfrau Maria, Mutter Jesu Christi und unsere Mutter:<br>Du hast von Gott die Macht und den Auftrag erhalten, den Kopf des B\u00f6sen zu zertreten.<br>Wir bitten Dich dem\u00fctig: Sende uns die Heiligen Engel zu Hilfe, damit sie alle b\u00f6sartigen Einfl\u00fcsse verfolgen und vertreiben und so in uns und \u00fcberall das Reich der Liebe des Vaters triumphiere.<br>Wir wollen zu unserem Erl\u00f6ser Jesus Christus geh\u00f6ren, und deshalb erneuern wir unsere Taufversprechen:<br>Wir widersagen dem Satan,<br>&#8211; \u00a0 \u00a0 \u00a0all seinen Werken,<br>&#8211; \u00a0 \u00a0 \u00a0allen seinen b\u00f6sartigen Verf\u00fchrungen,<br>&#8211; \u00a0 \u00a0 \u00a0und jeder Form von Okkultismus,<br><br>um mit Christus in der Kraft des Heiligen Geistes Gott unserem Vater in der Heiligen Katholischen Kirche, zu dienen. Amen.<br><br>Teilablass<\/p>\n","protected":false},"excerpt":{"rendered":"<p>Erhabene K\u00f6nigin des Himmels, Jungfrau Maria, Mutter Jesu Christi und unsere Mutter:Du hast von Gott die Macht und den Auftrag erhalten, den Kopf des B\u00f6sen zu zertreten.Wir bitten Dich dem\u00fctig: Sende uns die Heiligen Engel zu Hilfe, damit sie alle &hellip; <a href=\"https:\/\/ecclesiae.de\/blog\/?page_id=10776\">Weiterlesen <span class=\"meta-nav\">&rarr;<\/span><\/a><\/p>\n","protected":false},"author":3,"featured_media":0,"parent":10545,"menu_order":0,"comment_status":"closed","ping_status":"closed","template":"","meta":{"footnotes":""},"class_list":["post-10776","page","type-page","status-publish","hentry"],"_links":{"self":[{"href":"https:\/\/ecclesiae.de\/blog\/index.php?rest_route=\/wp\/v2\/pages\/10776","targetHints":{"allow":["GET"]}}],"collection":[{"href":"https:\/\/ecclesiae.de\/blog\/index.php?rest_route=\/wp\/v2\/pages"}],"about":[{"href":"https:\/\/ecclesiae.de\/blog\/index.php?rest_route=\/wp\/v2\/types\/page"}],"author":[{"embeddable":true,"href":"https:\/\/ecclesiae.de\/blog\/index.php?rest_route=\/wp\/v2\/users\/3"}],"replies":[{"embeddable":true,"href":"https:\/\/ecclesiae.de\/blog\/index.php?rest_route=%2Fwp%2Fv2%2Fcomments&post=10776"}],"version-history":[{"count":1,"href":"https:\/\/ecclesiae.de\/blog\/index.php?rest_route=\/wp\/v2\/pages\/10776\/revisions"}],"predecessor-version":[{"id":10777,"href":"https:\/\/ecclesiae.de\/blog\/index.php?rest_route=\/wp\/v2\/pages\/10776\/revisions\/10777"}],"up":[{"embeddable":true,"href":"https:\/\/ecclesiae.de\/blog\/index.php?rest_route=\/wp\/v2\/pages\/10545"}],"wp:attachment":[{"href":"https:\/\/ecclesiae.de\/blog\/index.php?rest_route=%2Fwp%2Fv2%2Fmedia&parent=10776"}],"curies":[{"name":"wp","href":"https:\/\/api.w.org\/{rel}","templated":true}]}}