{"id":10778,"date":"2022-07-25T09:11:31","date_gmt":"2022-07-25T09:11:31","guid":{"rendered":"http:\/\/ecclesiae.de\/blog\/?page_id=10778"},"modified":"2022-07-25T09:11:31","modified_gmt":"2022-07-25T09:11:31","slug":"bitten-an-das-heiligste-herz-jesu","status":"publish","type":"page","link":"https:\/\/ecclesiae.de\/blog\/?page_id=10778","title":{"rendered":"Bitten an das heiligste Herz Jesu"},"content":{"rendered":"\n<p><br>O liebevolles Herz Jesu \u2014 ich bitte Dich von ganzem Herzen, schenke mir eine gl\u00fchende Liebe zu Gott unserem ewig liebenden Vater, zu Dir, unserem g\u00f6ttlichen Erl\u00f6ser, zum Heiligen Geist, zu unserer lieben Himmelsmutter Maria, zu allen Menschen auf der ganzen Welt und zu den armen Seelen im Fegfeuer.<br>Ich danke Dir von ganzem Herzen.<br>O lobpreisendes Herz Jesu, lehre mich den lieben Gott loben, preisen und anbeten, wie Du es zu Deinen Lebzeiten getan hast.<br>Ich danke Dir von ganzem Herzen.<br>O dankendes Herz Jesu, schenke mir die Gnade einer allumfassenden, innigen Dankbarkeit an den Dreifaltigen Gott und an unsere liebe Himmelsmutter.<br>Ich danke Dir von ganzem Herzen.<br>O schweigendes Herz Jesu, schenke mir die Gnaden der Erleuchtung und Kraft, \u00fcberall zu schweigen, wie es f\u00fcr meine Seele heilsam ist.<br>Ich danke Dir von ganzem Herzen.<br>O dem\u00fctiges Herz Jesu, schenke mir eine tiefe Demut, in der ich erkenne, wie tief ich gesunken bin durch alle meine vielen S\u00fcnden.<br>Ich danke Dir von ganzem Herzen.<br>O ehrf\u00fcrchtiges Herz Jesu, schenke mir eine gro\u00dfe Ehrfurcht vor dem allm\u00e4chtigen, ewig liebenden Gott und lehr mich die Knie beugen vor seiner unendlichen, g\u00f6ttlichen Majest\u00e4t.<br>Ich danke Dir von ganzem Herzen.<br>O geduldiges Herz Jesu, schenke mir ein geduldiges mildes und mitleidiges Herz f\u00fcr alle K\u00f6rper- und Seelennot unserer lieben Mitmenschen.<br>Ich danke Dir von ganzem Herzen.<br>O verzeihendes Herz Jesu, hilf mir, da\u00df auch ich allen so verzeihen kann, wie ich es von Dir, g\u00f6ttlicher Richter, bei meinem Gerichte erwarte.<br>Ich danke Dir von ganzem Herzen.<br>O barmherziges Herz Jesu, schenke mir ein barmherziges Herz, so wie Du es schon zu allen Zeiten verschenkt hast.<br>Ich danke Dir von ganzem Herzen.<br>O opferbereites Herz Jesu, gib mir die Kraft, alle Opfer zu bringen, die Dein g\u00f6ttliches Herz von mir w\u00fcnscht.<br>Ich danke Dir von ganzem Herzen.<br>O ergebenes Herz Jesu, schenke mir Ergebung und Hingabe, ganz nach Deinem heiligen Willen leben zu wollen.<br>Ich danke Dir von ganzem Herzen.<br>O leidendes Herz Jesu, schenke mir viel Liebe zu allen Leiden, die Deine g\u00f6ttliche Vorsehung mir gibt, zu meinem und zum Seelenheil anderer. Ich danke Dir von ganzem Herzen.<br>O schmerzensreiches Herz Jesu, schenke mir viel Kraft, alle Schmerzen und Seelenqualen so zu ertragen, wie Du die Deinen ertragen hast. Ich danke Dir von ganzem Herzen.<br>O allwissendes Herz Jesu, schenke mir die Gnade, t\u00e4glich den Heiligen Geist anzuflehen um Erleuchtung in allen Notlagen des Leibes und der Seele. Ich danke Dir von ganzem Herzen.<br>O gehorsames Herz Jesu, hilf mir in allem gehorsam zu sein, so wie Du es alle Zeit gewesen bist. Ich danke Dir von ganzem Herzen.<br>Jesus, sanftm\u00fctig, dem\u00fctig, liebend, dankend, schweigend und ganz rein und heilig von Herzen, bilde mein Herz nach Deinem Herzen.<br>Q: Herr lehre uns beten. vergriffen<\/p>\n","protected":false},"excerpt":{"rendered":"<p>O liebevolles Herz Jesu \u2014 ich bitte Dich von ganzem Herzen, schenke mir eine gl\u00fchende Liebe zu Gott unserem ewig liebenden Vater, zu Dir, unserem g\u00f6ttlichen Erl\u00f6ser, zum Heiligen Geist, zu unserer lieben Himmelsmutter Maria, zu allen Menschen auf der &hellip; <a href=\"https:\/\/ecclesiae.de\/blog\/?page_id=10778\">Weiterlesen <span class=\"meta-nav\">&rarr;<\/span><\/a><\/p>\n","protected":false},"author":3,"featured_media":0,"parent":10545,"menu_order":0,"comment_status":"closed","ping_status":"closed","template":"","meta":{"footnotes":""},"class_list":["post-10778","page","type-page","status-publish","hentry"],"_links":{"self":[{"href":"https:\/\/ecclesiae.de\/blog\/index.php?rest_route=\/wp\/v2\/pages\/10778","targetHints":{"allow":["GET"]}}],"collection":[{"href":"https:\/\/ecclesiae.de\/blog\/index.php?rest_route=\/wp\/v2\/pages"}],"about":[{"href":"https:\/\/ecclesiae.de\/blog\/index.php?rest_route=\/wp\/v2\/types\/page"}],"author":[{"embeddable":true,"href":"https:\/\/ecclesiae.de\/blog\/index.php?rest_route=\/wp\/v2\/users\/3"}],"replies":[{"embeddable":true,"href":"https:\/\/ecclesiae.de\/blog\/index.php?rest_route=%2Fwp%2Fv2%2Fcomments&post=10778"}],"version-history":[{"count":1,"href":"https:\/\/ecclesiae.de\/blog\/index.php?rest_route=\/wp\/v2\/pages\/10778\/revisions"}],"predecessor-version":[{"id":10779,"href":"https:\/\/ecclesiae.de\/blog\/index.php?rest_route=\/wp\/v2\/pages\/10778\/revisions\/10779"}],"up":[{"embeddable":true,"href":"https:\/\/ecclesiae.de\/blog\/index.php?rest_route=\/wp\/v2\/pages\/10545"}],"wp:attachment":[{"href":"https:\/\/ecclesiae.de\/blog\/index.php?rest_route=%2Fwp%2Fv2%2Fmedia&parent=10778"}],"curies":[{"name":"wp","href":"https:\/\/api.w.org\/{rel}","templated":true}]}}