{"id":10790,"date":"2022-07-25T09:24:38","date_gmt":"2022-07-25T09:24:38","guid":{"rendered":"http:\/\/ecclesiae.de\/blog\/?page_id=10790"},"modified":"2022-07-25T09:24:38","modified_gmt":"2022-07-25T09:24:38","slug":"papstgebete","status":"publish","type":"page","link":"https:\/\/ecclesiae.de\/blog\/?page_id=10790","title":{"rendered":"Papstgebete"},"content":{"rendered":"\n<p>Drei sehr sch\u00f6ne Papstgebete!<br><br>Bei einem Sterbenden zu beten:<br><br>Vater unser&#8230;<br><br>1. Gebet<br><br>&#8222;Herr Jesus Christus! Du Sohn Gottes und Sohn der Jungfrau Maria, Gott und Mensch, der Du \u00e4ngstlichen und blutigen Schwei\u00df f\u00fcr uns vergossen hast auf dem \u00d6lberg, geruhe auszubreiten und zu opfern Deinen blutigen Schwei\u00df Gott, Deinem himmlischen Vater, f\u00fcr die Gegenw\u00e4rtigkeit dieses sterbenden Menschen&#8230;. ist es aber, da\u00df er mit seinen S\u00fcnden die ewige Verdammnis verdient habe, so m\u00f6ge dieselbe von ihm abgewendet werden. Dies, o ewiger Vater, durch unseren Herrn Jesus Christus, Deinen lieben Sohn, der mit Dir lebt und herrscht in der Einheit des Heiligen Geistes, nun und ewig Amen&#8220;.<br><br>2. Gebet<br>&#8222;Herr Jesus Christus! der Du geruhet hast f\u00fcr uns zu sterben am Stamm des heiligen Kreuzes, und Dich in ganzer Gen\u00fcgsamkeit Deinem himmlischen Vater<br>befohlen, geruhe auszubreiten und zu opfern Deinen allerheiligsten Tod Gott, Deinem himmlischen Vater, um den &#8230; frei zu lassen und zu verbergen alles, was er verdient hat mit seinen S\u00fcnden. Dies gib Du, ewiger Gott Vater, durch unseren Herrn Jesum, Deinen lieben Sohn, der mit Dir lebt und herrscht in der Einheit des Heiligen Geistes, nun und ewig. Amen.&#8220;<br><br>3. Gebet<br><br>&#8222;Herr Jesus Christus! Der Du geruhet hast, durch den Mund der Propheten zu reden: mit ewiger Liebe habe Ich dich gezogen zu mir. Diese Liebe hat Dich gezogen von der H\u00f6he des Himmels in den Leib Mari\u00e4 der Jungfrau. Diese Liebe hat Dich gezogen aus dem Leib Mari\u00e4 in das Tal dieser d\u00fcrftigen Welt. Diese Liebe hat Dich erhalten 33 Jahre in dieser Welt, und in diesem Zeichen der gro\u00dfen Liebe hast Du Deinen hl. Leib zu einer wahrhaftigen Speise und Dein hl. Blut zum wahrhaftigen Trank gegeben. In diesem Zeichen der gro\u00dfen Liebe hast Du wollen gefangen und gef\u00fchrt werden von einem Richter zum anderen, und in diesem Zeichen der gro\u00dfen Liebe hast Du wollen verurteilt werden zum Tode und hast wollen sterben und begraben werden. Und wahrhaftig auferstanden und erschienen bist Du Deiner heiligen Mutter und allen heiligen Aposteln. Und in diesem Zeichen der gro\u00dfen Liebe bist Du von eigener Kraft und Gewalt zum Himmel gestiegen und sitzest zur rechten Hand Gottes, Deines himmlischen Vaters. Und Du hast den Heiligen Geist gesandt in die Herzen Deiner Apostel und in die Herzen aller, die da hoffen und an Dich glauben durch Dein Zeichen der ewigen Liebe. So \u00f6ffne heute den Himmel und nimm diesen sterbenden Menschen&#8230; trotz all seiner S\u00fcnden pers\u00f6nlich auf in das Reich Deines himmlischen Vaters, dass er mit Dir herrscht, nun und ewig. Amen.&#8220;<br><br><em>Von einem alten Gebetszettel<\/em><br><br><\/p>\n","protected":false},"excerpt":{"rendered":"<p>Drei sehr sch\u00f6ne Papstgebete! Bei einem Sterbenden zu beten: Vater unser&#8230; 1. Gebet &#8222;Herr Jesus Christus! Du Sohn Gottes und Sohn der Jungfrau Maria, Gott und Mensch, der Du \u00e4ngstlichen und blutigen Schwei\u00df f\u00fcr uns vergossen hast auf dem \u00d6lberg, &hellip; <a href=\"https:\/\/ecclesiae.de\/blog\/?page_id=10790\">Weiterlesen <span class=\"meta-nav\">&rarr;<\/span><\/a><\/p>\n","protected":false},"author":3,"featured_media":0,"parent":10545,"menu_order":0,"comment_status":"closed","ping_status":"closed","template":"","meta":{"footnotes":""},"class_list":["post-10790","page","type-page","status-publish","hentry"],"_links":{"self":[{"href":"https:\/\/ecclesiae.de\/blog\/index.php?rest_route=\/wp\/v2\/pages\/10790","targetHints":{"allow":["GET"]}}],"collection":[{"href":"https:\/\/ecclesiae.de\/blog\/index.php?rest_route=\/wp\/v2\/pages"}],"about":[{"href":"https:\/\/ecclesiae.de\/blog\/index.php?rest_route=\/wp\/v2\/types\/page"}],"author":[{"embeddable":true,"href":"https:\/\/ecclesiae.de\/blog\/index.php?rest_route=\/wp\/v2\/users\/3"}],"replies":[{"embeddable":true,"href":"https:\/\/ecclesiae.de\/blog\/index.php?rest_route=%2Fwp%2Fv2%2Fcomments&post=10790"}],"version-history":[{"count":1,"href":"https:\/\/ecclesiae.de\/blog\/index.php?rest_route=\/wp\/v2\/pages\/10790\/revisions"}],"predecessor-version":[{"id":10791,"href":"https:\/\/ecclesiae.de\/blog\/index.php?rest_route=\/wp\/v2\/pages\/10790\/revisions\/10791"}],"up":[{"embeddable":true,"href":"https:\/\/ecclesiae.de\/blog\/index.php?rest_route=\/wp\/v2\/pages\/10545"}],"wp:attachment":[{"href":"https:\/\/ecclesiae.de\/blog\/index.php?rest_route=%2Fwp%2Fv2%2Fmedia&parent=10790"}],"curies":[{"name":"wp","href":"https:\/\/api.w.org\/{rel}","templated":true}]}}