{"id":10797,"date":"2022-07-25T09:30:00","date_gmt":"2022-07-25T09:30:00","guid":{"rendered":"http:\/\/ecclesiae.de\/blog\/?page_id=10797"},"modified":"2022-07-25T09:30:00","modified_gmt":"2022-07-25T09:30:00","slug":"lobpreis-der-allerheiligsten-dreifaltigkeit","status":"publish","type":"page","link":"https:\/\/ecclesiae.de\/blog\/?page_id=10797","title":{"rendered":"Lobpreis der Allerheiligsten Dreifaltigkeit"},"content":{"rendered":"\n<p><br>O Wesen aller Wesen, o Leben allen Lebens, o durchdringender Glanz der ewigen Klarheit, allerheiligste Dreieinigkeit,<br>Du gnadenreicher Gott, Du ewige Allmacht und Gl\u00fcckseligkeit, Du nie versiegender Quell der Barmherzigkeit!<br><br>Nimm auf, o allerheiligste Dreifaltigkeit, das Lob meines Mundes,<br>welches die Liebe meines Herzens zur Erh\u00f6hung Deiner Herrlichkeit mir eingegeben hat.<br>Niemand vermag Dich w\u00fcrdig zu loben.<br>So opfere ich Dir auf mein Lob in Vereinigung des unaussprechlichen Lobes und jener Ehren,<br>die in Deiner dreieinigen Gottheit eine Person der anderen darbringt und bezeigt.<br><br>Ich lege mein armes Herz als ein kleines Weihrauchk\u00f6rnchen in das goldene Rauchfass des edelsten Herzens Jesu Christi,<br>in welchem ohne Unterlass der k\u00f6stliche Weihrauch der ewigen Liebe zu Deinem Lobe angez\u00fcndet wird<br>und zum Thron Deiner Majest\u00e4t emporsteigt.<br>Und f\u00fcr alle Seelen und mit allen, die vor Dir stehen, m\u00f6chte ich meine Stimme vereinen und nie endend rufen:<br>Heilig, heilig, heilig ist der Herr der Heerscharen!<br>Ehre sei dem Vater und Sohne und dem Heiligen Geiste, denn Er ist lob- und preisw\u00fcrdig in Ewigkeit!<br><br>O heiliger dreieiniger Gott, lass Deine Liebe in mir zum lodernden Feuer werden.<br>Da Du nach meiner Liebe verlangst, m\u00f6chte ich Dich, wenn es m\u00f6glich w\u00e4re, noch mehr lieben, loben und danken<br>als alle Engel und Heiligen zusammen! Amen.<br>(Hl. Gertrud)<\/p>\n","protected":false},"excerpt":{"rendered":"<p>O Wesen aller Wesen, o Leben allen Lebens, o durchdringender Glanz der ewigen Klarheit, allerheiligste Dreieinigkeit,Du gnadenreicher Gott, Du ewige Allmacht und Gl\u00fcckseligkeit, Du nie versiegender Quell der Barmherzigkeit! Nimm auf, o allerheiligste Dreifaltigkeit, das Lob meines Mundes,welches die Liebe &hellip; <a href=\"https:\/\/ecclesiae.de\/blog\/?page_id=10797\">Weiterlesen <span class=\"meta-nav\">&rarr;<\/span><\/a><\/p>\n","protected":false},"author":3,"featured_media":0,"parent":10545,"menu_order":0,"comment_status":"closed","ping_status":"closed","template":"","meta":{"footnotes":""},"class_list":["post-10797","page","type-page","status-publish","hentry"],"_links":{"self":[{"href":"https:\/\/ecclesiae.de\/blog\/index.php?rest_route=\/wp\/v2\/pages\/10797","targetHints":{"allow":["GET"]}}],"collection":[{"href":"https:\/\/ecclesiae.de\/blog\/index.php?rest_route=\/wp\/v2\/pages"}],"about":[{"href":"https:\/\/ecclesiae.de\/blog\/index.php?rest_route=\/wp\/v2\/types\/page"}],"author":[{"embeddable":true,"href":"https:\/\/ecclesiae.de\/blog\/index.php?rest_route=\/wp\/v2\/users\/3"}],"replies":[{"embeddable":true,"href":"https:\/\/ecclesiae.de\/blog\/index.php?rest_route=%2Fwp%2Fv2%2Fcomments&post=10797"}],"version-history":[{"count":1,"href":"https:\/\/ecclesiae.de\/blog\/index.php?rest_route=\/wp\/v2\/pages\/10797\/revisions"}],"predecessor-version":[{"id":10798,"href":"https:\/\/ecclesiae.de\/blog\/index.php?rest_route=\/wp\/v2\/pages\/10797\/revisions\/10798"}],"up":[{"embeddable":true,"href":"https:\/\/ecclesiae.de\/blog\/index.php?rest_route=\/wp\/v2\/pages\/10545"}],"wp:attachment":[{"href":"https:\/\/ecclesiae.de\/blog\/index.php?rest_route=%2Fwp%2Fv2%2Fmedia&parent=10797"}],"curies":[{"name":"wp","href":"https:\/\/api.w.org\/{rel}","templated":true}]}}