{"id":10905,"date":"2022-07-25T10:52:14","date_gmt":"2022-07-25T10:52:14","guid":{"rendered":"http:\/\/ecclesiae.de\/blog\/?page_id=10905"},"modified":"2022-07-25T10:52:14","modified_gmt":"2022-07-25T10:52:14","slug":"gebet-kostbares-blut","status":"publish","type":"page","link":"https:\/\/ecclesiae.de\/blog\/?page_id=10905","title":{"rendered":"Gebet kostbares Blut"},"content":{"rendered":"\n<p>Wir beten dich an, Kostbares Blut Jesu Christi.<br>Du bist die Bl\u00fcte der Sch\u00f6pfung, die Frucht der Jungfr\u00e4ulichkeit und das unbeschreibbare Werkzeug des Heiligen Geistes.<br>Gro\u00df ist unsere Freude, wenn wir daran denken, dass du durch das Wirken der ewigen Liebe aus dem Blut der Jungfrau hervorgegangen bist.<br>Denn in ihr hat Dich die Person des Wortes Gottes angenommen und verg\u00f6ttlicht.<br>Es bewegt unser Herz mit zarter Liebe, wenn wir betrachten, wie du vom Herzen der Jungfrau in das Herz des Wortes Gottes \u00fcbergingst \u2013 bewegt vom g\u00f6ttlichen Atem.<br>So wurdest du anbetungsw\u00fcrdig als das Blut Gottes.<br>Verborgen in den Adern Jesu beten wir dich an in seiner Menschheit.<br>Denn du bist das Ged\u00e4chtnis der ewigen Erl\u00f6sung, die von ihm in den Tagen seines sterblichen Wirkens bewirkt wurde.<br>Wir beten dich an, Blut des Neuen und Ewigen Bundes.<br>Du brichst aus den Adern Jesu hervor im Garten Getsemani, aus den Wunden der Gei\u00dfelung im Pretorium, aus den durchbohrten H\u00e4nden und F\u00fc\u00dfen sowie aus der ge\u00f6ffneten Seite auf Golgotha.<br>Wir beten dich an in den Sakramenten.<br>Wir wissen, dass du in der Eucharistie enthalten bist als g\u00f6ttlicher Hauch, als Feuer der himmlischen Liebe, die die Gewissen reinigt und die Herzen durch- str\u00f6mt.<br>In dich setzen wir unser Vertrauen, du anbetungsw\u00fcrdiges Blut, du unser L\u00f6sepreis und unsere Reinheit.<br>Ergie\u00dfe dich voll Liebe in die zermarterten Herzen und lindere ihre Pein.<br>L\u00f6sche du, anbetungsw\u00fcrdiges Blut Jesu, l\u00f6sche unsere S\u00fcndenschuld und rette uns vor dem Zorn des Engels der Vernichtung.<br>Gib Nahrung der Kirche. Lass sie viele Apostel hervorbringen und mache sie reich an Seelen, die heilig, rein und strahlend sind in einer g\u00f6ttlichen Sch\u00f6nheit.<br>Und weil Jesus, der ewige Hohepriester, mit dir in das Heiligtum der himmlischen Herrlichkeit eingetreten ist,<br>so sei du, g\u00f6ttliches Blut, f\u00fcr uns der Schl\u00fcssel des Himmels und das Unterpfand unserer ewigen Gl\u00fcckseligkeit.<br><br>Gebet des heiligen Albertus Magnus (+1280)<\/p>\n","protected":false},"excerpt":{"rendered":"<p>Wir beten dich an, Kostbares Blut Jesu Christi.Du bist die Bl\u00fcte der Sch\u00f6pfung, die Frucht der Jungfr\u00e4ulichkeit und das unbeschreibbare Werkzeug des Heiligen Geistes.Gro\u00df ist unsere Freude, wenn wir daran denken, dass du durch das Wirken der ewigen Liebe aus &hellip; <a href=\"https:\/\/ecclesiae.de\/blog\/?page_id=10905\">Weiterlesen <span class=\"meta-nav\">&rarr;<\/span><\/a><\/p>\n","protected":false},"author":3,"featured_media":0,"parent":10545,"menu_order":0,"comment_status":"closed","ping_status":"closed","template":"","meta":{"footnotes":""},"class_list":["post-10905","page","type-page","status-publish","hentry"],"_links":{"self":[{"href":"https:\/\/ecclesiae.de\/blog\/index.php?rest_route=\/wp\/v2\/pages\/10905","targetHints":{"allow":["GET"]}}],"collection":[{"href":"https:\/\/ecclesiae.de\/blog\/index.php?rest_route=\/wp\/v2\/pages"}],"about":[{"href":"https:\/\/ecclesiae.de\/blog\/index.php?rest_route=\/wp\/v2\/types\/page"}],"author":[{"embeddable":true,"href":"https:\/\/ecclesiae.de\/blog\/index.php?rest_route=\/wp\/v2\/users\/3"}],"replies":[{"embeddable":true,"href":"https:\/\/ecclesiae.de\/blog\/index.php?rest_route=%2Fwp%2Fv2%2Fcomments&post=10905"}],"version-history":[{"count":1,"href":"https:\/\/ecclesiae.de\/blog\/index.php?rest_route=\/wp\/v2\/pages\/10905\/revisions"}],"predecessor-version":[{"id":10906,"href":"https:\/\/ecclesiae.de\/blog\/index.php?rest_route=\/wp\/v2\/pages\/10905\/revisions\/10906"}],"up":[{"embeddable":true,"href":"https:\/\/ecclesiae.de\/blog\/index.php?rest_route=\/wp\/v2\/pages\/10545"}],"wp:attachment":[{"href":"https:\/\/ecclesiae.de\/blog\/index.php?rest_route=%2Fwp%2Fv2%2Fmedia&parent=10905"}],"curies":[{"name":"wp","href":"https:\/\/api.w.org\/{rel}","templated":true}]}}