{"id":10917,"date":"2022-07-25T11:02:12","date_gmt":"2022-07-25T11:02:12","guid":{"rendered":"http:\/\/ecclesiae.de\/blog\/?page_id=10917"},"modified":"2022-07-25T11:02:12","modified_gmt":"2022-07-25T11:02:12","slug":"sturmgebet","status":"publish","type":"page","link":"https:\/\/ecclesiae.de\/blog\/?page_id=10917","title":{"rendered":"Sturmgebet"},"content":{"rendered":"\n<p>Ewiger Vater, schau voll Erbarmen auf die Not und Bedr\u00e4ngnis Deiner Kinder!<br>Wenn Du uns nicht hilfst Gott der Erbarmungen und allen Trostes, werden wir alle zugrunde gehen!<br>Lass daher in Deiner endlosen Barmherzigkeit die neun Ch\u00f6re der seligen Geister, alle Heiligen und Seligen des Himmels<br>und alle armen Seelen des Fegfeuers unter der F\u00fchrung des hl. Erzengels Michael und des hl. Josef, des Schutzherrn der hl. Kirche, ausziehen in alle Welt,<br>damit sie im Namen und in der Autorit\u00e4t des Unbefleckten Herzens Mariens, der K\u00f6nigin des Weltalls, der Siegerin in allen Schlachten Gottes,<br>durch die Kraft des Kostbaren Blutes Jesu, Deines vielgeliebten Sohnes, alle b\u00f6sen Geister in die H\u00f6lle hinabsto\u00dfen!<br>Lass sie ausziehen in alle Welt, damit sie alle b\u00f6sen Menschen, alle Feinde Gottes, der heiligen Kirche, der Menschenseelen,<br>der Menschlichkeit, der Tabernakel und der Heiligt\u00fcmer hilflos und ohnm\u00e4chtig und alle ihre b\u00f6sen Pl\u00e4ne und Werke zunichte machen!<br>Darum bitten wir Dich durch Jesus Christus unseren Herrn und durch das Unbefleckte Herz Mariens, Deiner heiligsten Tochter. Amen.<br><br>Q: Die Armee vom kostbaren Blut v. Rudolf Schaffer (mit Erlaubnis)<\/p>\n","protected":false},"excerpt":{"rendered":"<p>Ewiger Vater, schau voll Erbarmen auf die Not und Bedr\u00e4ngnis Deiner Kinder!Wenn Du uns nicht hilfst Gott der Erbarmungen und allen Trostes, werden wir alle zugrunde gehen!Lass daher in Deiner endlosen Barmherzigkeit die neun Ch\u00f6re der seligen Geister, alle Heiligen &hellip; <a href=\"https:\/\/ecclesiae.de\/blog\/?page_id=10917\">Weiterlesen <span class=\"meta-nav\">&rarr;<\/span><\/a><\/p>\n","protected":false},"author":3,"featured_media":0,"parent":10545,"menu_order":0,"comment_status":"closed","ping_status":"closed","template":"","meta":{"footnotes":""},"class_list":["post-10917","page","type-page","status-publish","hentry"],"_links":{"self":[{"href":"https:\/\/ecclesiae.de\/blog\/index.php?rest_route=\/wp\/v2\/pages\/10917","targetHints":{"allow":["GET"]}}],"collection":[{"href":"https:\/\/ecclesiae.de\/blog\/index.php?rest_route=\/wp\/v2\/pages"}],"about":[{"href":"https:\/\/ecclesiae.de\/blog\/index.php?rest_route=\/wp\/v2\/types\/page"}],"author":[{"embeddable":true,"href":"https:\/\/ecclesiae.de\/blog\/index.php?rest_route=\/wp\/v2\/users\/3"}],"replies":[{"embeddable":true,"href":"https:\/\/ecclesiae.de\/blog\/index.php?rest_route=%2Fwp%2Fv2%2Fcomments&post=10917"}],"version-history":[{"count":1,"href":"https:\/\/ecclesiae.de\/blog\/index.php?rest_route=\/wp\/v2\/pages\/10917\/revisions"}],"predecessor-version":[{"id":10918,"href":"https:\/\/ecclesiae.de\/blog\/index.php?rest_route=\/wp\/v2\/pages\/10917\/revisions\/10918"}],"up":[{"embeddable":true,"href":"https:\/\/ecclesiae.de\/blog\/index.php?rest_route=\/wp\/v2\/pages\/10545"}],"wp:attachment":[{"href":"https:\/\/ecclesiae.de\/blog\/index.php?rest_route=%2Fwp%2Fv2%2Fmedia&parent=10917"}],"curies":[{"name":"wp","href":"https:\/\/api.w.org\/{rel}","templated":true}]}}