{"id":10919,"date":"2022-07-25T11:03:10","date_gmt":"2022-07-25T11:03:10","guid":{"rendered":"http:\/\/ecclesiae.de\/blog\/?page_id=10919"},"modified":"2022-07-25T11:03:10","modified_gmt":"2022-07-25T11:03:10","slug":"schweigegebet","status":"publish","type":"page","link":"https:\/\/ecclesiae.de\/blog\/?page_id=10919","title":{"rendered":"Schweigegebet"},"content":{"rendered":"\n<p>In tiefster Not ruf ich zu Dir,<br>mein Jesus, lehr&#8216; mich schweigen,<br>in Liebe und Barmherzigkeit<br>verzeih&#8217;n will ich den Deinen.<br>In Tr\u00fcbsal und in Schmerzen<br>schwiegst Du mit liebem Herzen.<br>Lass durch die S\u00fchnkraft Deiner Pein<br>Dein Schweigen mir zu eigen sein.<br>Gib Kraft, o Jesus, meiner Seel,<br>dass nie mehr \u00fcber andrer Fehl<br>ich unn\u00fctz denke, rede.<br>Verzeih ich allen liebevoll,<br>wirst Du auch mir verzeihen,<br>barmherziglich in Gnad und Huld<br>mich ewiglich erfreuen.<br>Erleuchtest mich und hilfst mir allzeit schweigen,<br>so will ich danken sehr;<br>mein Dank soll nie mehr enden,<br>bis ich Dich ewig seh. Amen.<br><br>Q: Herr lehre uns beten (vergriffen)<\/p>\n","protected":false},"excerpt":{"rendered":"<p>In tiefster Not ruf ich zu Dir,mein Jesus, lehr&#8216; mich schweigen,in Liebe und Barmherzigkeitverzeih&#8217;n will ich den Deinen.In Tr\u00fcbsal und in Schmerzenschwiegst Du mit liebem Herzen.Lass durch die S\u00fchnkraft Deiner PeinDein Schweigen mir zu eigen sein.Gib Kraft, o Jesus, meiner &hellip; <a href=\"https:\/\/ecclesiae.de\/blog\/?page_id=10919\">Weiterlesen <span class=\"meta-nav\">&rarr;<\/span><\/a><\/p>\n","protected":false},"author":3,"featured_media":0,"parent":10545,"menu_order":0,"comment_status":"closed","ping_status":"closed","template":"","meta":{"footnotes":""},"class_list":["post-10919","page","type-page","status-publish","hentry"],"_links":{"self":[{"href":"https:\/\/ecclesiae.de\/blog\/index.php?rest_route=\/wp\/v2\/pages\/10919","targetHints":{"allow":["GET"]}}],"collection":[{"href":"https:\/\/ecclesiae.de\/blog\/index.php?rest_route=\/wp\/v2\/pages"}],"about":[{"href":"https:\/\/ecclesiae.de\/blog\/index.php?rest_route=\/wp\/v2\/types\/page"}],"author":[{"embeddable":true,"href":"https:\/\/ecclesiae.de\/blog\/index.php?rest_route=\/wp\/v2\/users\/3"}],"replies":[{"embeddable":true,"href":"https:\/\/ecclesiae.de\/blog\/index.php?rest_route=%2Fwp%2Fv2%2Fcomments&post=10919"}],"version-history":[{"count":1,"href":"https:\/\/ecclesiae.de\/blog\/index.php?rest_route=\/wp\/v2\/pages\/10919\/revisions"}],"predecessor-version":[{"id":10920,"href":"https:\/\/ecclesiae.de\/blog\/index.php?rest_route=\/wp\/v2\/pages\/10919\/revisions\/10920"}],"up":[{"embeddable":true,"href":"https:\/\/ecclesiae.de\/blog\/index.php?rest_route=\/wp\/v2\/pages\/10545"}],"wp:attachment":[{"href":"https:\/\/ecclesiae.de\/blog\/index.php?rest_route=%2Fwp%2Fv2%2Fmedia&parent=10919"}],"curies":[{"name":"wp","href":"https:\/\/api.w.org\/{rel}","templated":true}]}}