{"id":10921,"date":"2022-07-25T11:04:15","date_gmt":"2022-07-25T11:04:15","guid":{"rendered":"http:\/\/ecclesiae.de\/blog\/?page_id=10921"},"modified":"2022-07-25T11:04:15","modified_gmt":"2022-07-25T11:04:15","slug":"todesnot-jesu-rosenkranz","status":"publish","type":"page","link":"https:\/\/ecclesiae.de\/blog\/?page_id=10921","title":{"rendered":"Todesnot Jesu- Rosenkranz"},"content":{"rendered":"\n<p><strong>Jesus der am Kreuz dich zur Mutter gegeben hat.<br>Jesus der am Kreuz dem Sch\u00e4cher das Paradies verheissen hat.<br>Jesus der am Kreuz Gottverlassenheit f\u00fcr uns erduldet hat.<br>Jesus der am Kreuz Todesqual f\u00fcr uns erlitten hat.<br>Jesus der am Kreuz in Vaters H\u00e4nde seinen Geist gegeben hat.<\/strong><br>Pater Prosper Wagner OFMCap<\/p>\n","protected":false},"excerpt":{"rendered":"<p>Jesus der am Kreuz dich zur Mutter gegeben hat.Jesus der am Kreuz dem Sch\u00e4cher das Paradies verheissen hat.Jesus der am Kreuz Gottverlassenheit f\u00fcr uns erduldet hat.Jesus der am Kreuz Todesqual f\u00fcr uns erlitten hat.Jesus der am Kreuz in Vaters H\u00e4nde &hellip; <a href=\"https:\/\/ecclesiae.de\/blog\/?page_id=10921\">Weiterlesen <span class=\"meta-nav\">&rarr;<\/span><\/a><\/p>\n","protected":false},"author":3,"featured_media":0,"parent":10364,"menu_order":0,"comment_status":"closed","ping_status":"closed","template":"","meta":{"footnotes":""},"class_list":["post-10921","page","type-page","status-publish","hentry"],"_links":{"self":[{"href":"https:\/\/ecclesiae.de\/blog\/index.php?rest_route=\/wp\/v2\/pages\/10921","targetHints":{"allow":["GET"]}}],"collection":[{"href":"https:\/\/ecclesiae.de\/blog\/index.php?rest_route=\/wp\/v2\/pages"}],"about":[{"href":"https:\/\/ecclesiae.de\/blog\/index.php?rest_route=\/wp\/v2\/types\/page"}],"author":[{"embeddable":true,"href":"https:\/\/ecclesiae.de\/blog\/index.php?rest_route=\/wp\/v2\/users\/3"}],"replies":[{"embeddable":true,"href":"https:\/\/ecclesiae.de\/blog\/index.php?rest_route=%2Fwp%2Fv2%2Fcomments&post=10921"}],"version-history":[{"count":1,"href":"https:\/\/ecclesiae.de\/blog\/index.php?rest_route=\/wp\/v2\/pages\/10921\/revisions"}],"predecessor-version":[{"id":10922,"href":"https:\/\/ecclesiae.de\/blog\/index.php?rest_route=\/wp\/v2\/pages\/10921\/revisions\/10922"}],"up":[{"embeddable":true,"href":"https:\/\/ecclesiae.de\/blog\/index.php?rest_route=\/wp\/v2\/pages\/10364"}],"wp:attachment":[{"href":"https:\/\/ecclesiae.de\/blog\/index.php?rest_route=%2Fwp%2Fv2%2Fmedia&parent=10921"}],"curies":[{"name":"wp","href":"https:\/\/api.w.org\/{rel}","templated":true}]}}