{"id":10923,"date":"2022-07-25T11:05:39","date_gmt":"2022-07-25T11:05:39","guid":{"rendered":"http:\/\/ecclesiae.de\/blog\/?page_id=10923"},"modified":"2022-07-25T11:05:39","modified_gmt":"2022-07-25T11:05:39","slug":"trostreiches-gebet","status":"publish","type":"page","link":"https:\/\/ecclesiae.de\/blog\/?page_id=10923","title":{"rendered":"Trostreiches Gebet \u00a0"},"content":{"rendered":"\n<p>Gott der Liebe und unversiegbare Quelle der Barmherzigkeit, Heiliger Geist!<br>Mit Demut und kindlichem Vertrauen nahe ich Deinem Throne, um in meiner bedr\u00e4ngnisvollen Lage Trost und Hilfe von Dir zu erflehen.<br>Ich danke Dir von ganzem Herzen f\u00fcr die zahllosen bisher empfangenen Wohltaten<br>und bitte dem\u00fctig um Verzeihung, dass ich Deine Gnade so oft missbraucht und Deine Liebe mit Undank vergolten habe.<br>Ich verdiene nicht, von Dir erh\u00f6rt zu werden; aber meine Hoffnung st\u00fctzt sich auch nicht auf meine Verdienste,<br>sondern einzig und allein auf Deine unbegrenzte G\u00fcte und Erbarmung. Auf diese setze ich mein festes Vertrauen, und so klage ich Dir mit voller Zuversicht meine Not.<br>O Heiliger Geist, um der Liebe willen, die Dich mit dem Sohne verbindet; um der Liebe willen,<br>mit der Du zu unserer Erl\u00f6sung und Rettung das Geheimnis der Menschwerdung des Sohnes Gottes gewirkt hast;<br>um der Liebe willen, mit der Du unausgesetzt Str\u00f6me von Gnaden \u00fcber uns arme Menschen ausgie\u00dfest,<br>rufe ich zu Dir aus tiefstem Herzensgrund um Hilfe in meiner Bedr\u00e4ngnis.<br>Du wirst ja vorzugsweise der Tr\u00f6ster genannt; so la\u00df mich doch nicht ohne Trost von Dir gehen.<br>Du wirst genannt der Vater der Armen; so habe doch Mitleid mit Deinem armen, hilfsbed\u00fcrftigen Kinde.<br>Du hei\u00dfest der s\u00fc\u00dfe Gast der Seelen, die s\u00fc\u00dfe Erquickung; so f\u00fchre mich huldvoll heim, erquicke und richte meine niedergebeugte Seele auf.<br>Dich nennt die Kirche die Ruhe in der M\u00fchsal, die K\u00fchlung in der Hitze, den Trost in Tr\u00e4nen; so la\u00df doch alle diese trostreichen Eigenschaften sich jetzt an mir bew\u00e4hren.<br>O ewige Liebe, Heiliger Geist, erbarme Dich meiner! Wenn Du mich nicht erh\u00f6rst, zu wem soll ich gehen? Wenn Du mir nicht hilfst, von wem kann ich dann Hilfe erhoffen?<br>Unz\u00e4hlige Male in meinem Leben hast Du so huld- und liebevoll an mir gehandelt!<br>Verlass mich auch jetzt nicht, wo ich Deines Trostes und Beistandes so sehr bedarf.<br>Die Wohltat, die Du mir spenden wirst, wird mich nicht undankbar finden, nein, ich will von Herzen dankbar sein.<br>Ich will Deine G\u00fcte preisen, Dich lieben und Deine Verehrung nach Kr\u00e4ften bef\u00f6rdern.<br>Vor allem aber will ich mich bestreben, durch bereitwilligen Gehorsam gegen Deine Einsprechungen,<br>durch gewissenhafte Benutzung Deiner Gnaden, durch standhafte Erf\u00fcllung meiner Pflichten zu beweisen,<br>wie sehr ich von Deiner gro\u00dfen Huld begl\u00fcckt und von dankbarer Liebe gegen Dich durchdrungen bin.<br>Allerseligste Jungfrau Maria, Du reinste Braut des Heiligen Geistes; alle heiligen Engel und Heiligen,<br>die ihr den Thron seiner g\u00f6ttlichen Majest\u00e4t umgebt, unterst\u00fctzt mein schwaches, unw\u00fcrdiges Gebet durch eure wirksame F\u00fcrbitte. Amen.<br>Vater unser&#8230; Ave Maria&#8230; Ehre sei&#8230;<br><br>Q: Herr lehre uns beten (vergriffen)<\/p>\n","protected":false},"excerpt":{"rendered":"<p>Gott der Liebe und unversiegbare Quelle der Barmherzigkeit, Heiliger Geist!Mit Demut und kindlichem Vertrauen nahe ich Deinem Throne, um in meiner bedr\u00e4ngnisvollen Lage Trost und Hilfe von Dir zu erflehen.Ich danke Dir von ganzem Herzen f\u00fcr die zahllosen bisher empfangenen &hellip; <a href=\"https:\/\/ecclesiae.de\/blog\/?page_id=10923\">Weiterlesen <span class=\"meta-nav\">&rarr;<\/span><\/a><\/p>\n","protected":false},"author":3,"featured_media":0,"parent":10545,"menu_order":0,"comment_status":"closed","ping_status":"closed","template":"","meta":{"footnotes":""},"class_list":["post-10923","page","type-page","status-publish","hentry"],"_links":{"self":[{"href":"https:\/\/ecclesiae.de\/blog\/index.php?rest_route=\/wp\/v2\/pages\/10923","targetHints":{"allow":["GET"]}}],"collection":[{"href":"https:\/\/ecclesiae.de\/blog\/index.php?rest_route=\/wp\/v2\/pages"}],"about":[{"href":"https:\/\/ecclesiae.de\/blog\/index.php?rest_route=\/wp\/v2\/types\/page"}],"author":[{"embeddable":true,"href":"https:\/\/ecclesiae.de\/blog\/index.php?rest_route=\/wp\/v2\/users\/3"}],"replies":[{"embeddable":true,"href":"https:\/\/ecclesiae.de\/blog\/index.php?rest_route=%2Fwp%2Fv2%2Fcomments&post=10923"}],"version-history":[{"count":1,"href":"https:\/\/ecclesiae.de\/blog\/index.php?rest_route=\/wp\/v2\/pages\/10923\/revisions"}],"predecessor-version":[{"id":10924,"href":"https:\/\/ecclesiae.de\/blog\/index.php?rest_route=\/wp\/v2\/pages\/10923\/revisions\/10924"}],"up":[{"embeddable":true,"href":"https:\/\/ecclesiae.de\/blog\/index.php?rest_route=\/wp\/v2\/pages\/10545"}],"wp:attachment":[{"href":"https:\/\/ecclesiae.de\/blog\/index.php?rest_route=%2Fwp%2Fv2%2Fmedia&parent=10923"}],"curies":[{"name":"wp","href":"https:\/\/api.w.org\/{rel}","templated":true}]}}