{"id":10929,"date":"2022-07-25T11:11:41","date_gmt":"2022-07-25T11:11:41","guid":{"rendered":"http:\/\/ecclesiae.de\/blog\/?page_id=10929"},"modified":"2022-07-25T11:11:41","modified_gmt":"2022-07-25T11:11:41","slug":"weltweihe-an-die-mutter-gottes-von-papst-franziskus","status":"publish","type":"page","link":"https:\/\/ecclesiae.de\/blog\/?page_id=10929","title":{"rendered":"Weltweihe an die Mutter Gottes von Papst Franziskus"},"content":{"rendered":"\n<p>Selige Jungfrau Maria von Fatima,<br>stets dankbar f\u00fcr deine m\u00fctterliche Gegenwart<br>vereinen sich unsere Stimmen mit denen aller Generationen,<br>die dich selig preisen.<br><br>Wir feiern in dir die gro\u00dfen Werke Gottes,<br>der nicht m\u00fcde wird, sich barmherzig der Menschheit zuzuneigen,<br>die vom B\u00f6sen bedr\u00e4ngt und von der S\u00fcnde verwundet ist,<br>um sie zu heilen und zu retten.<br><br>Nimm in m\u00fctterlicher G\u00fcte<br>den Weiheakt an, den wir heute voller Vertrauen vollziehen,<br>im Angesicht Deines Bildes, das uns so teuer ist.<br><br>Wir sind sicher, dass ein jeder von uns in deinen Augen wertvoll ist<br>und dass dir nichts von dem fremd ist, was in unseren Herzen ist.<br>Wir lassen uns von deinem liebevollen Blick ber\u00fchren<br>und wir empfangen die tr\u00f6stende Z\u00e4rtlichkeit Deines L\u00e4chelns.<br><br>Berge unser Leben in deinen Armen:<br>Segne und st\u00e4rke jedes Verlangen nach Gutem;<br>St\u00e4rke und n\u00e4hre den Glauben;<br>Erhalte und erleuchte die Hoffnung,<br>Erwecke und belebe die Liebe<br>F\u00fchre uns alle auf dem Weg der Heiligkeit.<br><br>Lehre uns die besondere Liebe<br>f\u00fcr die Kleinen und Armen,<br>f\u00fcr die Ausgeschlossenen und die Leidenden,<br>f\u00fcr die S\u00fcnder und die im Herzen Verwirrten:<br>Sammle alle unter deinem Schutz<br>und vertrau sie deinem geliebten Sohn an, unserm Herrn Jesus.<br><br>Amen.<br>Arbeits\u00fcbersetzung: Radio Vatikan<br><br><br><strong>Die Weihe der Welt an das Unbefleckte Herz Mariens durch Papst Johannes Paul II am 25. M\u00e4rz 1984<\/strong><br><br>O Unbeflecktes Herz, hilf uns, die Gefahr des B\u00f6sen zu \u00fcberwinden, das so leicht in den Herzen der heutigen Menschen Wurzel fasst und dessen unermessliche Auswirkungen \u00fcber dem heutigen Leben lasten und den Weg in die Zukunft zu versperren scheinen.<br>Von Hunger und Krieg:<br>befreie uns!<br>Von Atomkrieg, unkontrollierter Selbstzerst\u00f6rung und jeder Art des Krieges:<br>befreie uns!<br>Von den S\u00fcnden gegen das Leben des Menschen von seinen Anfangen an:<br>befreie uns!<br>Vom Hass und von der Missachtung der W\u00fcrde der Kinder Gottes:<br>befreie uns!<br>Von jeder Ungerechtigkeit im sozialen, nationalen und internationalen Leben:<br>befreie uns!<br>Von leichtfertiger \u00dcbertretung der Gebote Gottes:<br>befreie uns!<br>Vom Versuch, in den Herzen der Menschen sogar die Wahrheit von Gott zu ersticken:<br>befreie uns!<br>Vom Verlust des Bewusstseins von Gut und B\u00f6se:<br>befreie uns!<br>Von den S\u00fcnden gegen den Heiligen Geist:<br>befreie uns!<br>H\u00f6re, Mutter Christi, diesen Hilfeschrei, in welchem das Leid aller Menschen zu dir ruft, das Leid ganzer V\u00f6lker!<br>Hilf uns mit der Kraft des Heiligen Geistes, alle S\u00fcnde zu besiegen: die S\u00fcnde des Menschen und die S\u00fcnde der Welt, die S\u00fcnde in jeglicher Form. Noch einmal zeige sich in der Geschichte der Welt die unermessliche Heilskraft der Erl\u00f6sung, die Macht der erbarmenden Liebe! M\u00f6ge sie dem B\u00f6sen Einhalt gebieten! M\u00f6ge sie die Gewissen wandeln!<br>In deinem Unbefleckten Herzen offenbare sich allen das Licht der Hoffnung! Darum bitten wir Dich, Gott, allm\u00e4chtiger Vater, erh\u00f6re unser Gebet auf die F\u00fcrsprache der seligen Jungfrau und Gottesmutter Maria und Deines Sohnes, unseres Herrn und Bruders Jesus Christus, der mit Dir in der Einheit des Heiligen Geistes lebt und herrscht, jetzt und allezeit und in Ewigkeit. Amen.<\/p>\n","protected":false},"excerpt":{"rendered":"<p>Selige Jungfrau Maria von Fatima,stets dankbar f\u00fcr deine m\u00fctterliche Gegenwartvereinen sich unsere Stimmen mit denen aller Generationen,die dich selig preisen. Wir feiern in dir die gro\u00dfen Werke Gottes,der nicht m\u00fcde wird, sich barmherzig der Menschheit zuzuneigen,die vom B\u00f6sen bedr\u00e4ngt und &hellip; <a href=\"https:\/\/ecclesiae.de\/blog\/?page_id=10929\">Weiterlesen <span class=\"meta-nav\">&rarr;<\/span><\/a><\/p>\n","protected":false},"author":3,"featured_media":0,"parent":10378,"menu_order":0,"comment_status":"closed","ping_status":"closed","template":"","meta":{"footnotes":""},"class_list":["post-10929","page","type-page","status-publish","hentry"],"_links":{"self":[{"href":"https:\/\/ecclesiae.de\/blog\/index.php?rest_route=\/wp\/v2\/pages\/10929","targetHints":{"allow":["GET"]}}],"collection":[{"href":"https:\/\/ecclesiae.de\/blog\/index.php?rest_route=\/wp\/v2\/pages"}],"about":[{"href":"https:\/\/ecclesiae.de\/blog\/index.php?rest_route=\/wp\/v2\/types\/page"}],"author":[{"embeddable":true,"href":"https:\/\/ecclesiae.de\/blog\/index.php?rest_route=\/wp\/v2\/users\/3"}],"replies":[{"embeddable":true,"href":"https:\/\/ecclesiae.de\/blog\/index.php?rest_route=%2Fwp%2Fv2%2Fcomments&post=10929"}],"version-history":[{"count":1,"href":"https:\/\/ecclesiae.de\/blog\/index.php?rest_route=\/wp\/v2\/pages\/10929\/revisions"}],"predecessor-version":[{"id":10930,"href":"https:\/\/ecclesiae.de\/blog\/index.php?rest_route=\/wp\/v2\/pages\/10929\/revisions\/10930"}],"up":[{"embeddable":true,"href":"https:\/\/ecclesiae.de\/blog\/index.php?rest_route=\/wp\/v2\/pages\/10378"}],"wp:attachment":[{"href":"https:\/\/ecclesiae.de\/blog\/index.php?rest_route=%2Fwp%2Fv2%2Fmedia&parent=10929"}],"curies":[{"name":"wp","href":"https:\/\/api.w.org\/{rel}","templated":true}]}}