{"id":10931,"date":"2022-07-25T11:13:07","date_gmt":"2022-07-25T11:13:07","guid":{"rendered":"http:\/\/ecclesiae.de\/blog\/?page_id=10931"},"modified":"2022-07-25T11:13:07","modified_gmt":"2022-07-25T11:13:07","slug":"taegliches-gebet-um-priester-und-ordensberufe","status":"publish","type":"page","link":"https:\/\/ecclesiae.de\/blog\/?page_id=10931","title":{"rendered":"T\u00e4gliches Gebet um Priester und Ordensberufe"},"content":{"rendered":"\n<p><br>V. Jesus guter Hirt, du bist gekommen, um zu suchen und selig zu machen, was verloren war.<br>Du hast das Priestertum der Kirche gestiftet, das dein Werk f\u00fcr alle Zeiten fortsetzen soll.<br>Wir flehen inst\u00e4ndig zu Dir:<br>Sende Arbeiter in Deinen Weinberg!<br>Sende w\u00fcrdige Priester in Deine hl. Kirche!<br>Wir bitten auch um Ordenschwestern sowie um Ordensbr\u00fcder, besonders f\u00fcr die Mission.<br>Gib, dass alle, die Du von Ewigkeit her zu Deinem Dienste auserw\u00e4hlt hast, Deinem Rufen zu folgen<br>und treu darin befunden werden, dass aber kein Unberufener sich in Dein Heiligtum eindr\u00e4nge.<br><br>A. \u00a0St\u00e4rke alle Priester und Ordensleute im Heiligen Geiste \/ und segne ihre M\u00fchen und Arbeiten! \/<br>Lass sie sein das Salz der Erde, das alle Verderbnis verh\u00fctet, \/<br>das Licht der Welt, \/ das allen Gl\u00e4ubigen durch Wort und Beispiel voranleuchtet. \/<br>Verleihe ihnen Weisheit, \u00a0Geduld und Festigkeit, \/ damit sie Deine Ehre f\u00f6rdern, \/<br>Dein Reich in den Herzen der Menschen ausbreiten \/<br>und die ihnen anvertrauten Seelen zum ewigen Leben f\u00fchren. \/ Amen.<br>Maria, K\u00f6nigin der Apostel, bitte f\u00fcr uns!<br>Imprimatur 1958<\/p>\n","protected":false},"excerpt":{"rendered":"<p>V. Jesus guter Hirt, du bist gekommen, um zu suchen und selig zu machen, was verloren war.Du hast das Priestertum der Kirche gestiftet, das dein Werk f\u00fcr alle Zeiten fortsetzen soll.Wir flehen inst\u00e4ndig zu Dir:Sende Arbeiter in Deinen Weinberg!Sende w\u00fcrdige &hellip; <a href=\"https:\/\/ecclesiae.de\/blog\/?page_id=10931\">Weiterlesen <span class=\"meta-nav\">&rarr;<\/span><\/a><\/p>\n","protected":false},"author":3,"featured_media":0,"parent":10545,"menu_order":0,"comment_status":"closed","ping_status":"closed","template":"","meta":{"footnotes":""},"class_list":["post-10931","page","type-page","status-publish","hentry"],"_links":{"self":[{"href":"https:\/\/ecclesiae.de\/blog\/index.php?rest_route=\/wp\/v2\/pages\/10931","targetHints":{"allow":["GET"]}}],"collection":[{"href":"https:\/\/ecclesiae.de\/blog\/index.php?rest_route=\/wp\/v2\/pages"}],"about":[{"href":"https:\/\/ecclesiae.de\/blog\/index.php?rest_route=\/wp\/v2\/types\/page"}],"author":[{"embeddable":true,"href":"https:\/\/ecclesiae.de\/blog\/index.php?rest_route=\/wp\/v2\/users\/3"}],"replies":[{"embeddable":true,"href":"https:\/\/ecclesiae.de\/blog\/index.php?rest_route=%2Fwp%2Fv2%2Fcomments&post=10931"}],"version-history":[{"count":1,"href":"https:\/\/ecclesiae.de\/blog\/index.php?rest_route=\/wp\/v2\/pages\/10931\/revisions"}],"predecessor-version":[{"id":10932,"href":"https:\/\/ecclesiae.de\/blog\/index.php?rest_route=\/wp\/v2\/pages\/10931\/revisions\/10932"}],"up":[{"embeddable":true,"href":"https:\/\/ecclesiae.de\/blog\/index.php?rest_route=\/wp\/v2\/pages\/10545"}],"wp:attachment":[{"href":"https:\/\/ecclesiae.de\/blog\/index.php?rest_route=%2Fwp%2Fv2%2Fmedia&parent=10931"}],"curies":[{"name":"wp","href":"https:\/\/api.w.org\/{rel}","templated":true}]}}