{"id":10933,"date":"2022-07-25T11:13:58","date_gmt":"2022-07-25T11:13:58","guid":{"rendered":"http:\/\/ecclesiae.de\/blog\/?page_id=10933"},"modified":"2022-07-25T11:13:58","modified_gmt":"2022-07-25T11:13:58","slug":"suehnegebet-zum-heiligsten-herzen-jesu","status":"publish","type":"page","link":"https:\/\/ecclesiae.de\/blog\/?page_id=10933","title":{"rendered":"S\u00fchnegebet zum heiligsten Herzen Jesu"},"content":{"rendered":"\n<figure class=\"wp-block-table\"><table><tbody><tr><td><br>(von Papst Pius XI. zum Herz-Jesu-Fest)<br><br>G\u00fctigster Jesus, Deine \u00fcbergro\u00dfe Liebe zu uns Menschen wird mit so viel Verachtung, Nachl\u00e4ssigkeit, Gleichg\u00fcltigkeit<br>und mit schmachvollem Undank vergolten.<br>Siehe, wir werfen uns vor Deinem Altare nieder, um die s\u00fcndhafte Lauheit der Menschen und das Unrecht,<br>das sie Deinem liebevollen Herzen \u00fcberall zuf\u00fcgen, durch eine besondere Huldigung zu s\u00fchnen.<br><br>Eingedenk jedoch, dass auch wir einst zur Zahl dieser Unw\u00fcrdigen geh\u00f6rten, und durchdrungen von hei\u00dfem Reueschmerz,<br>erflehen wir Deine Barmherzigkeit vor allem f\u00fcr uns selber.<br>Wir sind bereit, nicht nur unsere eigenen S\u00fcnden durch freiwillige Bu\u00dfe zu s\u00fchnen, sondern auch die S\u00fcnden jener,<br>die weit vom Wege des Heiles abirren, die, in Unglauben verstockt, Dir als ihrem Hirten und F\u00fchrer nicht folgen wollen,<br>oder ihre Taufgel\u00fcbde treulos missachten und das s\u00fc\u00dfe Joch Deines Gesetzes zu tragen sich weigern.<br><br>Wir nehmen uns fest vor, all diese beklagenswerten Vergehen zu s\u00fchnen. Insbesondere wollen wir wiedergutmachen<br>alle Unehrbarkeit und Schamlosigkeit in Lebensweise und Kleidung, die freche Verf\u00fchrung unschuldiger Seelen,<br>die Entheiligung der Sonn- und Feiertage, die schrecklichen Fluchworte gegen Dich und Deine Heiligen, die Schm\u00e4hungen Deines Stellvertreters und des Priesterstandes,<br>die Verachtung des Sakramentes Deiner Liebe und seine Entweihung durch sch\u00e4ndlichen Gottesraub,<br>sowie die \u00f6ffentlichen Verbrechen der V\u00f6lker, die sich den Rechten und Lehren der von Dir gegr\u00fcndeten Kirche widersetzen.<br><br>K\u00f6nnten wir doch diese Frevel mit unserm eigenen Blute tilgen.<br>Um aber Deiner verletzten g\u00f6ttlichen Ehre S\u00fchne zu leisten, opfern wir Dir jene Genugtuung auf,<br>die Du einst am Kreuze Deinem Vater dargebracht hast, und noch t\u00e4glich auf unsern Alt\u00e4ren erneuerst.<br>Wir vereinigen sie mit der S\u00fchne, die Deine jungfr\u00e4uliche Mutter, alle Heiligen und frommen Christgl\u00e4ubigen Dir jemals geleistet haben.<br>Von Herzen geloben wir, die eigenen und fremden S\u00fcnden und Deine verachtete und verschm\u00e4hte unfassbare Liebe,<br>so viel an uns liegt, mit Deiner Gnade wieder gutzumachen durch Treue im Glauben, Reinheit der Sitten<br>und vollkommene Befolgung der Lehren des Evangeliums, besonders des Gebotes der Liebe.<br>Auch wollen wir uns nach Kr\u00e4ften bem\u00fchen, weitere Beleidigungen gegen Dich zu verhindern und m\u00f6glichst viele Menschen zu Deiner Nachfolge zu bewegen.<br><br>Wir bitten Dich, g\u00fctigster Jesus: Du wollest durch die F\u00fcrsprache der allerseligsten Jungfrau Maria<br>dieses freie Angebot unseres Ehrenersatzes wohlgef\u00e4llig aufnehmen und uns durch die gro\u00dfe Gnade der Beharrlichkeit<br>in der treuen Hingabe an Deinen Dienst bewahren, bis wir endlich alle zu jenem Vaterland gelangen,<br>wo Du mit dem Vater und dem Heiligen Geist lebst und herrschest, Gott, von Ewigkeit zu Ewigkeit.<br>Amen.<\/td><\/tr><tr><td><\/td><\/tr><\/tbody><\/table><\/figure>\n","protected":false},"excerpt":{"rendered":"<p>(von Papst Pius XI. zum Herz-Jesu-Fest) G\u00fctigster Jesus, Deine \u00fcbergro\u00dfe Liebe zu uns Menschen wird mit so viel Verachtung, Nachl\u00e4ssigkeit, Gleichg\u00fcltigkeitund mit schmachvollem Undank vergolten.Siehe, wir werfen uns vor Deinem Altare nieder, um die s\u00fcndhafte Lauheit der Menschen und das &hellip; <a href=\"https:\/\/ecclesiae.de\/blog\/?page_id=10933\">Weiterlesen <span class=\"meta-nav\">&rarr;<\/span><\/a><\/p>\n","protected":false},"author":3,"featured_media":0,"parent":10545,"menu_order":0,"comment_status":"closed","ping_status":"closed","template":"","meta":{"footnotes":""},"class_list":["post-10933","page","type-page","status-publish","hentry"],"_links":{"self":[{"href":"https:\/\/ecclesiae.de\/blog\/index.php?rest_route=\/wp\/v2\/pages\/10933","targetHints":{"allow":["GET"]}}],"collection":[{"href":"https:\/\/ecclesiae.de\/blog\/index.php?rest_route=\/wp\/v2\/pages"}],"about":[{"href":"https:\/\/ecclesiae.de\/blog\/index.php?rest_route=\/wp\/v2\/types\/page"}],"author":[{"embeddable":true,"href":"https:\/\/ecclesiae.de\/blog\/index.php?rest_route=\/wp\/v2\/users\/3"}],"replies":[{"embeddable":true,"href":"https:\/\/ecclesiae.de\/blog\/index.php?rest_route=%2Fwp%2Fv2%2Fcomments&post=10933"}],"version-history":[{"count":1,"href":"https:\/\/ecclesiae.de\/blog\/index.php?rest_route=\/wp\/v2\/pages\/10933\/revisions"}],"predecessor-version":[{"id":10934,"href":"https:\/\/ecclesiae.de\/blog\/index.php?rest_route=\/wp\/v2\/pages\/10933\/revisions\/10934"}],"up":[{"embeddable":true,"href":"https:\/\/ecclesiae.de\/blog\/index.php?rest_route=\/wp\/v2\/pages\/10545"}],"wp:attachment":[{"href":"https:\/\/ecclesiae.de\/blog\/index.php?rest_route=%2Fwp%2Fv2%2Fmedia&parent=10933"}],"curies":[{"name":"wp","href":"https:\/\/api.w.org\/{rel}","templated":true}]}}