{"id":10941,"date":"2022-07-25T12:46:33","date_gmt":"2022-07-25T12:46:33","guid":{"rendered":"http:\/\/ecclesiae.de\/blog\/?page_id=10941"},"modified":"2022-07-25T12:46:55","modified_gmt":"2022-07-25T12:46:55","slug":"gebet-vor-dem-eucharistischen-herrn-von-hl-pius-x","status":"publish","type":"page","link":"https:\/\/ecclesiae.de\/blog\/?page_id=10941","title":{"rendered":"Gebet vor dem eucharistischen Herrn von Hl. Pius X."},"content":{"rendered":"\n<p>O Quell ewiger Liebe \u2013 Herz Jesu im Heiligsten Sakrament, &nbsp;<br>Du bist der Mittelpunkt der h\u00f6chsten Liebe unsres Herrn Jesus Christus. &nbsp;<br>Du hast das hochheilige Sakrament eingesetzt, um hier mitten &nbsp;unter uns zu wohnen, &nbsp;<br>um unsren Seelen Dein Fleisch als Speise, Dein Blut als himmlischen Trank zu reichen. &nbsp;<br>Herr Jesus, wir glauben fest an Deine gro\u00dfe Liebe; &nbsp;<br>sie hat dieses heilige Sakrament eingesetzt. &nbsp;<br>Hier vor dieser heiligen Hostie beten wir, wie es sich geb\u00fchrt, Deine Liebe an. &nbsp;<br>Wir wissen es und bekennen es freudig, das ist der heilige Quell, &nbsp;<br>dem das Leben Deiner Kirche entstr\u00f6mt. &nbsp;<br>Deine Liebe ist f\u00fcr uns eine dringende Einladung. Es ist, als w\u00fcrdest du uns zurufen: &nbsp;<br>Seht, wie ich euch liebe! &nbsp;<br>Ich reiche euch mein Fleisch als Speise, mein Blut als Trank. &nbsp;<br>Durch diese Vereinigung will ich die Liebe in euch entz\u00fcnden, will euch verbinden mit mir. &nbsp;<br>Ich will eure Seelen mir, dem Gekreuzigten, dem Brot des ewigen Lebens, \u00e4hnlich gestalten. &nbsp;<br>Schenkt mir eure Herzen, lebet in mir und ihr werdet leben in Gott.<br>Ja, Herr, das ist der Ruf Deines eucharistischen Herzens; wir wissen es, wir danken dir daf\u00fcr. &nbsp;<br>Wir wollen ihm folgen, ja, wir wollen ihm folgen. &nbsp;<br>Gib, dass diese h\u00f6chste Liebe uns ganz durchdringt. &nbsp;<br>In dieser Liebe hast Du unmittelbar von Deinem Leiden uns eingeladen, &nbsp;<br>Deinen heiligen Leib zu empfangen und zu genie\u00dfen. &nbsp;<br>Pr\u00e4ge unsrem Herzen tief den festen Vorsatz ein, dieser Einladung treu zu folgen! &nbsp;<br>Gib uns eine rechte Andacht und Ehrfurcht, &nbsp;<br>um das Geschenk Deiner Liebe bis ans Ende, geb\u00fchrend zu ehren und w\u00fcrdig zu empfangen. &nbsp;<br>Gib, dass wir so mit Deiner Gnade wirksam das Andenken an Dein Leiden feiern, &nbsp;<br>dass wir unsere S\u00fcnden und unsere Gleichg\u00fcltigkeit wieder gutmachen, &nbsp;<br>dass wir die Liebe zu Dir in uns n\u00e4hren und st\u00e4rken &nbsp;<br>und das Unterpfand einer seligen Unsterblichkeit stets in unsrem Herzen lebendig erhalten.<br>Amen.<\/p>\n\n\n\n<p><\/p>\n","protected":false},"excerpt":{"rendered":"<p>O Quell ewiger Liebe \u2013 Herz Jesu im Heiligsten Sakrament, &nbsp;Du bist der Mittelpunkt der h\u00f6chsten Liebe unsres Herrn Jesus Christus. &nbsp;Du hast das hochheilige Sakrament eingesetzt, um hier mitten &nbsp;unter uns zu wohnen, &nbsp;um unsren Seelen Dein Fleisch als &hellip; <a href=\"https:\/\/ecclesiae.de\/blog\/?page_id=10941\">Weiterlesen <span class=\"meta-nav\">&rarr;<\/span><\/a><\/p>\n","protected":false},"author":3,"featured_media":0,"parent":10768,"menu_order":0,"comment_status":"closed","ping_status":"closed","template":"","meta":{"footnotes":""},"class_list":["post-10941","page","type-page","status-publish","hentry"],"_links":{"self":[{"href":"https:\/\/ecclesiae.de\/blog\/index.php?rest_route=\/wp\/v2\/pages\/10941","targetHints":{"allow":["GET"]}}],"collection":[{"href":"https:\/\/ecclesiae.de\/blog\/index.php?rest_route=\/wp\/v2\/pages"}],"about":[{"href":"https:\/\/ecclesiae.de\/blog\/index.php?rest_route=\/wp\/v2\/types\/page"}],"author":[{"embeddable":true,"href":"https:\/\/ecclesiae.de\/blog\/index.php?rest_route=\/wp\/v2\/users\/3"}],"replies":[{"embeddable":true,"href":"https:\/\/ecclesiae.de\/blog\/index.php?rest_route=%2Fwp%2Fv2%2Fcomments&post=10941"}],"version-history":[{"count":2,"href":"https:\/\/ecclesiae.de\/blog\/index.php?rest_route=\/wp\/v2\/pages\/10941\/revisions"}],"predecessor-version":[{"id":10943,"href":"https:\/\/ecclesiae.de\/blog\/index.php?rest_route=\/wp\/v2\/pages\/10941\/revisions\/10943"}],"up":[{"embeddable":true,"href":"https:\/\/ecclesiae.de\/blog\/index.php?rest_route=\/wp\/v2\/pages\/10768"}],"wp:attachment":[{"href":"https:\/\/ecclesiae.de\/blog\/index.php?rest_route=%2Fwp%2Fv2%2Fmedia&parent=10941"}],"curies":[{"name":"wp","href":"https:\/\/api.w.org\/{rel}","templated":true}]}}