{"id":10944,"date":"2022-07-25T12:47:44","date_gmt":"2022-07-25T12:47:44","guid":{"rendered":"http:\/\/ecclesiae.de\/blog\/?page_id=10944"},"modified":"2023-05-02T12:04:03","modified_gmt":"2023-05-02T12:04:03","slug":"weihe-an-jesus-im-heiligsten-sakrament-von-papst-leo-xiii","status":"publish","type":"page","link":"https:\/\/ecclesiae.de\/blog\/?page_id=10944","title":{"rendered":"Weihe an Jesus im heiligsten Sakrament von Papst Leo XIII."},"content":{"rendered":"\n<p>Jesus, anbetungsw\u00fcrdiger Meister! &nbsp;<br>Du wohnst verborgen im Sakramente Deiner Liebe, &nbsp;<br>Du weilst hier bei mir, um die Verbannung zu erleichtern. &nbsp;<br>K\u00f6nnte ich Dich nicht etwas tr\u00f6sten in Deiner Verlassenheit? &nbsp;<br>Du schenkst mir Dein Herz; k\u00f6nnte ich Dir nicht das meine schenken?<br>Mich Dir schenken, das ist in Wahrheit ein Gewinn f\u00fcr mich. &nbsp;<br>Da finde ich einen unendlich kostbaren Schatz, ein liebevolles, selbstloses treues Herz. &nbsp;<br>So sollte das meine sein. Solcher Art kann ich Dir nichts bieten; &nbsp;<br>ich empfange nur immer von Dir. Herr an Gro\u00dfmut kann ich mich nicht messen mit Dir; &nbsp;<br>doch ich liebe Dich. Nimm mein armes Herz huldvoll an! &nbsp;<br>Bis jetzt ist es nichts; doch Du liebst es und durch Dich wird es etwas werden. &nbsp;<br>Mach es gut, nimm Dich seiner an!<br>Herz Jesu im heiligen Sakrament, Dir weihe ich alle F\u00e4higkeiten meiner Seele, &nbsp;<br>alle Kr\u00e4fte meines Leibes. Ich will mich bem\u00fchen, Dich immer besser kennen zulernen &nbsp;<br>und immer mehr zu lieben. Dann will ich auch mithelfen, &nbsp;<br>dass die anderen immer besser Dich erkennen und immer mehr Dich lieben. &nbsp;<br>Ich will nur arbeiten zu Deiner Ehre und will nur den Willen Deines Vaters tun. &nbsp;<br>Dir weihe ich jeden Augenblick meines Lebens. &nbsp;<br>Ich will Dich anbeten in Deiner wirklichen Gegenwart, &nbsp;<br>will Dir Dank sagen f\u00fcr dieses unvergleichliche Gnadengeschenk, &nbsp;<br>will Dir S\u00fchne leisten f\u00fcr unsere herzlose Gleichg\u00fcltigkeit, &nbsp;<br>will ohne Unterlass zu Dir flehen. &nbsp;<br>Durch Dich, mit Dir und in Dir senden wir unsere Gebete empor. &nbsp;<br>Gel\u00e4utert und gesegnet m\u00f6gen sie sich emporschwingen &nbsp;<br>zum Throne der g\u00f6ttlichen Erbarmung zu Gottes ewiger Ehre. Amen.<\/p>\n","protected":false},"excerpt":{"rendered":"<p>Jesus, anbetungsw\u00fcrdiger Meister! &nbsp;Du wohnst verborgen im Sakramente Deiner Liebe, &nbsp;Du weilst hier bei mir, um die Verbannung zu erleichtern. &nbsp;K\u00f6nnte ich Dich nicht etwas tr\u00f6sten in Deiner Verlassenheit? &nbsp;Du schenkst mir Dein Herz; k\u00f6nnte ich Dir nicht das meine &hellip; <a href=\"https:\/\/ecclesiae.de\/blog\/?page_id=10944\">Weiterlesen <span class=\"meta-nav\">&rarr;<\/span><\/a><\/p>\n","protected":false},"author":3,"featured_media":0,"parent":10378,"menu_order":0,"comment_status":"closed","ping_status":"closed","template":"","meta":{"footnotes":""},"class_list":["post-10944","page","type-page","status-publish","hentry"],"_links":{"self":[{"href":"https:\/\/ecclesiae.de\/blog\/index.php?rest_route=\/wp\/v2\/pages\/10944","targetHints":{"allow":["GET"]}}],"collection":[{"href":"https:\/\/ecclesiae.de\/blog\/index.php?rest_route=\/wp\/v2\/pages"}],"about":[{"href":"https:\/\/ecclesiae.de\/blog\/index.php?rest_route=\/wp\/v2\/types\/page"}],"author":[{"embeddable":true,"href":"https:\/\/ecclesiae.de\/blog\/index.php?rest_route=\/wp\/v2\/users\/3"}],"replies":[{"embeddable":true,"href":"https:\/\/ecclesiae.de\/blog\/index.php?rest_route=%2Fwp%2Fv2%2Fcomments&post=10944"}],"version-history":[{"count":2,"href":"https:\/\/ecclesiae.de\/blog\/index.php?rest_route=\/wp\/v2\/pages\/10944\/revisions"}],"predecessor-version":[{"id":11847,"href":"https:\/\/ecclesiae.de\/blog\/index.php?rest_route=\/wp\/v2\/pages\/10944\/revisions\/11847"}],"up":[{"embeddable":true,"href":"https:\/\/ecclesiae.de\/blog\/index.php?rest_route=\/wp\/v2\/pages\/10378"}],"wp:attachment":[{"href":"https:\/\/ecclesiae.de\/blog\/index.php?rest_route=%2Fwp%2Fv2%2Fmedia&parent=10944"}],"curies":[{"name":"wp","href":"https:\/\/api.w.org\/{rel}","templated":true}]}}