{"id":10950,"date":"2022-07-25T12:51:58","date_gmt":"2022-07-25T12:51:58","guid":{"rendered":"http:\/\/ecclesiae.de\/blog\/?page_id=10950"},"modified":"2022-07-25T12:51:58","modified_gmt":"2022-07-25T12:51:58","slug":"stossgebete-zur-anbetung","status":"publish","type":"page","link":"https:\/\/ecclesiae.de\/blog\/?page_id=10950","title":{"rendered":"Sto\u00dfgebete zur Anbetung"},"content":{"rendered":"\n<p><strong>Sto\u00dfgebete und Anrufungen<\/strong><br>Eucharistisches Herz Jesu, Du gl\u00fchst von Liebe zu uns; entz\u00fcnde auch unsre Herzen in Liebe zu Dir!<br>(Leo XIII.)<br>Mit Maria, der Makellosen, wollen wir anbeten, preisen, anrufen und tr\u00f6sten das heiligste und liebensw\u00fcrdigste Herz Jesu im Sakramente des Altars.<br>(Hl. Pius X.)<br>Gepriesen sei das heiligste Herz Jesu im hochheiligen Sakramente des Altars.<br>(Hl. Pius X.)<br>Eucharistisches Herz Jesu, Du Vorbild des Priesterherzens, erbarme Dich unser!<br>(Hl. Pius X.)<br>Eucharistisches Herz Jesu, hab\u2019 Mitleid mit uns!<br>(Hl. Pius X.)<br>Lob und Preis sei dem heiligen Herzen und dem Kostbaren Blute Jesu im hochheiligen Sakramente des Altars!<br>(Hl. Pius X.)<br>Gelobt sei das heiligste Herz Jesu im hochheiligen Sakrament!<br>(Hl. Pius X.)<br>Eucharistisches Herz Jesu, mehre in uns den Glauben, die Hoffnung und die Liebe!<br>(Benedikt XV.)<br>Eucharistisches Herz Jesu, Du Mittelpunkt der Gottesliebe, schenke der Welt den Frieden!<br>(Pius XI.)<br>Heiliges Herz Jesu im hochheiligen Sakrament, ich bete Dich an.<br>(Benedikt XV.)<br>Liebe, Ehre und Ruhm sei dem eucharistischen Herzen Jesu!<br>(Pius XI.)<br>Lob und Anbetung, Liebe und Dank sei dem eucharistischen Herzen Jesu in allen Tabernakeln der Welt ohne Unterlass bis ans Ende der Zeiten! Amen.<br>(Pius IX.)<br><br><\/p>\n","protected":false},"excerpt":{"rendered":"<p>Sto\u00dfgebete und AnrufungenEucharistisches Herz Jesu, Du gl\u00fchst von Liebe zu uns; entz\u00fcnde auch unsre Herzen in Liebe zu Dir!(Leo XIII.)Mit Maria, der Makellosen, wollen wir anbeten, preisen, anrufen und tr\u00f6sten das heiligste und liebensw\u00fcrdigste Herz Jesu im Sakramente des Altars.(Hl. &hellip; <a href=\"https:\/\/ecclesiae.de\/blog\/?page_id=10950\">Weiterlesen <span class=\"meta-nav\">&rarr;<\/span><\/a><\/p>\n","protected":false},"author":3,"featured_media":0,"parent":10768,"menu_order":0,"comment_status":"closed","ping_status":"closed","template":"","meta":{"footnotes":""},"class_list":["post-10950","page","type-page","status-publish","hentry"],"_links":{"self":[{"href":"https:\/\/ecclesiae.de\/blog\/index.php?rest_route=\/wp\/v2\/pages\/10950","targetHints":{"allow":["GET"]}}],"collection":[{"href":"https:\/\/ecclesiae.de\/blog\/index.php?rest_route=\/wp\/v2\/pages"}],"about":[{"href":"https:\/\/ecclesiae.de\/blog\/index.php?rest_route=\/wp\/v2\/types\/page"}],"author":[{"embeddable":true,"href":"https:\/\/ecclesiae.de\/blog\/index.php?rest_route=\/wp\/v2\/users\/3"}],"replies":[{"embeddable":true,"href":"https:\/\/ecclesiae.de\/blog\/index.php?rest_route=%2Fwp%2Fv2%2Fcomments&post=10950"}],"version-history":[{"count":1,"href":"https:\/\/ecclesiae.de\/blog\/index.php?rest_route=\/wp\/v2\/pages\/10950\/revisions"}],"predecessor-version":[{"id":10951,"href":"https:\/\/ecclesiae.de\/blog\/index.php?rest_route=\/wp\/v2\/pages\/10950\/revisions\/10951"}],"up":[{"embeddable":true,"href":"https:\/\/ecclesiae.de\/blog\/index.php?rest_route=\/wp\/v2\/pages\/10768"}],"wp:attachment":[{"href":"https:\/\/ecclesiae.de\/blog\/index.php?rest_route=%2Fwp%2Fv2%2Fmedia&parent=10950"}],"curies":[{"name":"wp","href":"https:\/\/api.w.org\/{rel}","templated":true}]}}