{"id":10952,"date":"2022-07-25T12:52:58","date_gmt":"2022-07-25T12:52:58","guid":{"rendered":"http:\/\/ecclesiae.de\/blog\/?page_id=10952"},"modified":"2022-07-25T12:52:58","modified_gmt":"2022-07-25T12:52:58","slug":"so-vergessen-im-heiligsten-sakrament","status":"publish","type":"page","link":"https:\/\/ecclesiae.de\/blog\/?page_id=10952","title":{"rendered":"So vergessen im heiligsten Sakrament"},"content":{"rendered":"\n<p>Herz Jesu im heiligsten Sakrament! Liebevoll teilst Du mit uns das Los der Verbannung.<br>Ich bete Dich an. Herz Jesu im heiligsten Sakrament, Du bist so einsam, so sehr verdem\u00fctigt, so verlassen, so vergessen, so missachtet.<br>Du wirst so viel geschm\u00e4ht, so viel verkannt von den Menschen. Du liebst unsre Herzen und wirbst um unsre Liebe.<br>Du wartest geduldig auf uns, willst uns erh\u00f6ren. Dein Wunsch ist es, dass wir zu Dir beten. Du bist der Quell neuer Gnaden.<br>Du bist so schweigsam und m\u00f6chtest doch reden zu den Seelen. Du bist der beste Schutz f\u00fcr das innere Leben, Du lehrst uns die Geheimnisse der Vereinigung mit Gott.<br>Du bist das Herz dessen, der schl\u00e4ft und doch immer wacht. Herz Jesu im heiligen Sakrament, hab\u2019 Mitleid mit uns!<br>Jesus, Du Opfer1amm, ich will Dich tr\u00f6sten. Ich vereinige mich mit Dir, ich opfere mich mit Dir, ich verdem\u00fctige mich vor Dir.<br>Ich m\u00f6chte auch mich vergessen, um nur an Dich zu denken; ich m\u00f6chte vergessen und verachtet sein aus Liebe zu Dir. Nur von Dir will ich verstanden und geliebt werden.<br>Schweigen will ich und nur auf Dich h\u00f6ren. Mich selbst will ich aufgeben und ganz mich verlieren in Dich.<br>Du allein sollst leben in mir. Gib, dass ich so Deinen Durst nach meinem Heile stille, Deinen brennenden Durst nach meiner Heiligung, dass ich rein werde und Dir eine lautere, echte Liebe schenke.<br>Ich will Dich nicht l\u00e4nger mehr warten lassen; nimm mich hin, ich schenke mich Dir. Dir weihe ich mein ganzes Tun.<br>Dir \u00fcbergebe ich meinen Geist, dass Du ihn erleuchtest, mein Herz, damit Du es leitest, meinen Willen, dass Du ihn festigst, mein Elend, dass Du es linderst, meine Seele und meinen Leib, damit Du sie n\u00e4hrst.<br>Herz meines Jesus im heiligsten Sakrament, Dein Blut ist das Leben meiner Seele. Ich will nicht mehr selbst leben,<br>Du allein sollst leben in mir. Amen. (Leo XIII., Breve 6.2.1899)<\/p>\n","protected":false},"excerpt":{"rendered":"<p>Herz Jesu im heiligsten Sakrament! Liebevoll teilst Du mit uns das Los der Verbannung.Ich bete Dich an. Herz Jesu im heiligsten Sakrament, Du bist so einsam, so sehr verdem\u00fctigt, so verlassen, so vergessen, so missachtet.Du wirst so viel geschm\u00e4ht, so &hellip; <a href=\"https:\/\/ecclesiae.de\/blog\/?page_id=10952\">Weiterlesen <span class=\"meta-nav\">&rarr;<\/span><\/a><\/p>\n","protected":false},"author":3,"featured_media":0,"parent":10768,"menu_order":0,"comment_status":"closed","ping_status":"closed","template":"","meta":{"footnotes":""},"class_list":["post-10952","page","type-page","status-publish","hentry"],"_links":{"self":[{"href":"https:\/\/ecclesiae.de\/blog\/index.php?rest_route=\/wp\/v2\/pages\/10952","targetHints":{"allow":["GET"]}}],"collection":[{"href":"https:\/\/ecclesiae.de\/blog\/index.php?rest_route=\/wp\/v2\/pages"}],"about":[{"href":"https:\/\/ecclesiae.de\/blog\/index.php?rest_route=\/wp\/v2\/types\/page"}],"author":[{"embeddable":true,"href":"https:\/\/ecclesiae.de\/blog\/index.php?rest_route=\/wp\/v2\/users\/3"}],"replies":[{"embeddable":true,"href":"https:\/\/ecclesiae.de\/blog\/index.php?rest_route=%2Fwp%2Fv2%2Fcomments&post=10952"}],"version-history":[{"count":1,"href":"https:\/\/ecclesiae.de\/blog\/index.php?rest_route=\/wp\/v2\/pages\/10952\/revisions"}],"predecessor-version":[{"id":10953,"href":"https:\/\/ecclesiae.de\/blog\/index.php?rest_route=\/wp\/v2\/pages\/10952\/revisions\/10953"}],"up":[{"embeddable":true,"href":"https:\/\/ecclesiae.de\/blog\/index.php?rest_route=\/wp\/v2\/pages\/10768"}],"wp:attachment":[{"href":"https:\/\/ecclesiae.de\/blog\/index.php?rest_route=%2Fwp%2Fv2%2Fmedia&parent=10952"}],"curies":[{"name":"wp","href":"https:\/\/api.w.org\/{rel}","templated":true}]}}