{"id":10954,"date":"2022-07-25T12:56:00","date_gmt":"2022-07-25T12:56:00","guid":{"rendered":"http:\/\/ecclesiae.de\/blog\/?page_id=10954"},"modified":"2022-07-25T12:56:00","modified_gmt":"2022-07-25T12:56:00","slug":"priesterdonnerstagsgebete","status":"publish","type":"page","link":"https:\/\/ecclesiae.de\/blog\/?page_id=10954","title":{"rendered":"Priesterdonnerstagsgebete"},"content":{"rendered":"\n<p><strong>Kirchengebet f\u00fcr den Papst<\/strong><br><br>O Gott, all Deiner Gl\u00e4ubigen Hirt und Vater, sieh gn\u00e4dig herab auf Deinen Diener Papst Franziskus den Du zum Oberhirten Deiner Kirche gesetzt hast<br>und la\u00df ihn seinen Untergebenen durch Wort und Beispiel zum Segen werden, damit er samt seiner ihm anvertrauten Herde das ewige Leben erlange.<br>Durch Christum, unsern Herrn. Amen.<br><br><strong>Gebet f\u00fcr den Bischof.<\/strong><br><br>Jesus, F\u00fcrst der Hirten, Hirt unserer Seelen, gib dem Bischof unseres Kirchensprengels alle jene Tugenden, die zu seiner und zu unserer Heiligung notwendig sind. &nbsp;<br>La\u00df ihn \u00fcber die ganze Herde, \u00fcber die ihn Dein Heiliger Geist gesetzt hat, wachen. Sei Du ihm das Muster, nach welchem er sich bilde, damit auch wir nach Ihm gebildet werden.<br>Erf\u00fclle ihn ganz mit Deinem Geiste, gib ihm Glauben, Liebe, Weisheit und Kraft,<br>sende ihm treue Mitarbeiter in dem wichtigen Gesch\u00e4fte unserer Seelenleitung, mache ihn zu einem Hirten nach Deinem Herzen, der nur f\u00fcr sein Amt lebt,<br>der nichts hofft und nichts f\u00fcrchtet, als Dich, damit, wenn Du kommen wirst, die Hirten und ihre Herden zu richten, wir seine Krone und seine Freude seien,<br>er aber die unverwelkliche Krone des ewigen Lebens erlange. Amen.<br><br><strong>Gebet f\u00fcr den Seelsorger.<\/strong><br><br>Jesus, Du hast Deiner Kirche Seelsorger gegeben, damit sie die Gl\u00e4ubigen zur Vollkommenheit f\u00fchren.<br>Gib ihnen die Gnade, dass sie die Wichtigkeit ihres Standes erkennen und dein Wort uns eifrig verk\u00fcnden.<br>La\u00df sie unsere F\u00fcrsprecher bei Dir werden, die durch ihr Gebet und ihr frommes Leben Deinen Zorn von uns abwenden.<br>Lasse sie als Muster der Tugend uns voranleuchten.<br>Gib, dass wir ihre guten Beispiele nachahmen. Segne sie und belohne sie f\u00fcr ihre Arbeiten hundertf\u00e4ltig.<br>Sie wachen \u00fcber unsere Seelen und m\u00fcssen Dir f\u00fcr dieselben Rechenschaft ablegen.<br>La\u00df uns deshalb ihre Lehren wie Deine Lehren zu &nbsp;Deiner Ehre, zu ihrem Troste und zu unserem Heile befolgen. Amen.<br><br><strong>Gebet f\u00fcr den Beichtvater.<\/strong><br><br>O Gott, la\u00df meinen Beichtvater mir das sein, was Annanias dem Saulus war, damit ich sehe, was ich tun soll und den heiligen Geist empfange.<br>La\u00df ihn bei meiner Leitung durchaus den Grunds\u00e4tzen des Evangeliums folgen.<br>Gib ihm Geduld mit meinen Schwachheiten, aber auch festen Sinn, um sich meinen unordentlichen Neigungen zu widersetzen.<br>Mir aber fl\u00f6\u00dfe Ehrfurcht, Gelehrigkeit, Demut und das n\u00f6tige Zutrauen zu ihm ein.<br>La\u00df mich in seiner Person Dich sehen, um von ihm gl\u00fccklich gef\u00fchrt zu werden. Ich bitte Dich darum durch Jesus Christus, unsern Herrn. Amen.<br><br><strong>Gebet um gute Priester.<\/strong><br><br>O Gott, der Du zur Erhaltung und Verbreitung Deiner Kirche das Priestertum eingesetzt hast, wir bitten Dich, gib uns w\u00fcrdige Priester.<br>Du wei\u00dft, o Herr, wie gro\u00df die Ernte ist, wie wenige Arbeiter sind. Sende Arbeiter in Deinen Weinberg. La\u00df keinen aus ihnen unberufen zum Hirtenamte gelangen.<br>Bilde zu selbst durch Deine Gnade diejenigen vor, welche Du zu dem so wichtigen Amte eines Dieners Deiner Kirche w\u00e4hlst.<br>La\u00df sie einst Deine heilige Lehre mit Eifer und Segen uns verk\u00fcnden. La\u00df die Tugend mit Wissenschaft verbinden; fl\u00f6\u00dfe ihnen Liebe zu Dir und Deiner Kirche ein;<br>gib, dass sie unerm\u00fcdet in Deinem Weinberge arbeiten; erf\u00fclle sie mit klugem, beharrlichem Eifer;<br>gib ihnen Demut, Sanftmut und Mitleid mit Irrenden und Schwachen; la\u00df sie durch Wort, Beispiel und Gebet ihrer Herde recht n\u00fctzlich werden.<br>Um dies bitten wir Dich durch den h\u00f6chsten Hirten unserer Seelen, Jesum Christum, unsern Herrn. Amen.<br>Nach dem hl. Alfons M. Liguori<br>Q: Gebetbuch &#8211; Maria meine Zuflucht &nbsp;Impr. 1917<\/p>\n","protected":false},"excerpt":{"rendered":"<p>Kirchengebet f\u00fcr den Papst O Gott, all Deiner Gl\u00e4ubigen Hirt und Vater, sieh gn\u00e4dig herab auf Deinen Diener Papst Franziskus den Du zum Oberhirten Deiner Kirche gesetzt hastund la\u00df ihn seinen Untergebenen durch Wort und Beispiel zum Segen werden, damit &hellip; <a href=\"https:\/\/ecclesiae.de\/blog\/?page_id=10954\">Weiterlesen <span class=\"meta-nav\">&rarr;<\/span><\/a><\/p>\n","protected":false},"author":3,"featured_media":0,"parent":10545,"menu_order":0,"comment_status":"closed","ping_status":"closed","template":"","meta":{"footnotes":""},"class_list":["post-10954","page","type-page","status-publish","hentry"],"_links":{"self":[{"href":"https:\/\/ecclesiae.de\/blog\/index.php?rest_route=\/wp\/v2\/pages\/10954","targetHints":{"allow":["GET"]}}],"collection":[{"href":"https:\/\/ecclesiae.de\/blog\/index.php?rest_route=\/wp\/v2\/pages"}],"about":[{"href":"https:\/\/ecclesiae.de\/blog\/index.php?rest_route=\/wp\/v2\/types\/page"}],"author":[{"embeddable":true,"href":"https:\/\/ecclesiae.de\/blog\/index.php?rest_route=\/wp\/v2\/users\/3"}],"replies":[{"embeddable":true,"href":"https:\/\/ecclesiae.de\/blog\/index.php?rest_route=%2Fwp%2Fv2%2Fcomments&post=10954"}],"version-history":[{"count":1,"href":"https:\/\/ecclesiae.de\/blog\/index.php?rest_route=\/wp\/v2\/pages\/10954\/revisions"}],"predecessor-version":[{"id":10955,"href":"https:\/\/ecclesiae.de\/blog\/index.php?rest_route=\/wp\/v2\/pages\/10954\/revisions\/10955"}],"up":[{"embeddable":true,"href":"https:\/\/ecclesiae.de\/blog\/index.php?rest_route=\/wp\/v2\/pages\/10545"}],"wp:attachment":[{"href":"https:\/\/ecclesiae.de\/blog\/index.php?rest_route=%2Fwp%2Fv2%2Fmedia&parent=10954"}],"curies":[{"name":"wp","href":"https:\/\/api.w.org\/{rel}","templated":true}]}}