{"id":10956,"date":"2022-07-25T13:00:40","date_gmt":"2022-07-25T13:00:40","guid":{"rendered":"http:\/\/ecclesiae.de\/blog\/?page_id=10956"},"modified":"2022-07-25T13:00:40","modified_gmt":"2022-07-25T13:00:40","slug":"kommuniongebet","status":"publish","type":"page","link":"https:\/\/ecclesiae.de\/blog\/?page_id=10956","title":{"rendered":"Kommuniongebet"},"content":{"rendered":"\n<figure class=\"wp-block-table\"><table><tbody><tr><td><\/td><td>&nbsp;<\/td><\/tr><tr><td>Oh mein Herr und Gott im heiligsten Sakrament!<br>Du bist die ewige Wahrheit und die g\u00f6ttliche Allmacht.<br>Daher glaube ich fest und unersch\u00fctterlich, dass du zur Nahrung unser Seele<br>hier unter den Gestalten des Brotes wahrhaft, wirklich und wesentlich gegenw\u00e4rtig bist als Gott und Mensch.<br>Ich glaube es, denn du hast gesagt: \u201eNehmet hin und esset, dies ist mein Leib\u201c,<br>und als Gott bist du m\u00e4chtig genug, auch das zu bewirken, was wir Menschen nicht sehen und&nbsp; begreifen.<br>O Jesus, st\u00e4rke, erhalte und vermehre meinen Glauben!<br>In demselben will ich leben und sterben.<br><br>O mein Herr und Gott im heiligsten Sakramente!<br>Du bist die Barmherzigkeit und die Treue selbst.<br>Du hast gesagt \u201eWer mein Fleisch isst und mein Blut trinkt, der hat das ewige Leben<br>und ich werde ihn auferwecken am j\u00fcngsten Tage.\u201c<br>Daher hoffe ich voll freudiger Zuversicht, dass du mir in diesem heiligen Sakrament<br>reiche Gnade schenkest und meine Seele reinigest und heiligest,<br>n\u00e4hrest und st\u00e4rkest zur einstigen Erlangung des ewigen Lebens.<br>O st\u00e4rke und erf\u00fclle diese meine Hoffnung!<br>In ihr will ich leben und sterben.<br><br>O mein Herr und Gott im heiligsten Sakrament!<br>Aus unendlicher Liebe zu uns hast du dieses Geheimnis und Wunder der Liebe eingesetzt.<br>Aus Liebe weilst du immerdar in unserer Mitte, selbst im \u00e4rmsten und verlassensten Kirchlein.<br>Aus Liebe kehrst du ein in jedes Herz, mag es noch so schwach und d\u00fcrftig sein.<br>O Jesus! Ich m\u00f6chte diese deine Liebe von ganzer Seele erwidern,<br>ich will dich lieben \u00fcber alles als mein h\u00f6chstes und einzig wahres Gut.<br>In dieser Liebe will ich leben und sterben.<br><br>+ O mein liebensw\u00fcrdiger Jesus, zum Beweise meiner Dankbarkeit<br>und zum Ersatz f\u00fcr meine vielfache Untreue schenke ich dir mein Herz,<br>weihe mich dir ganz und nehme mir mit deiner Gnade vor, dich nie mehr zu beleidigen.<br>(100 Tage Ablass) Gottesdienst 1928<\/td><\/tr><tr><td><\/td><\/tr><\/tbody><\/table><\/figure>\n","protected":false},"excerpt":{"rendered":"<p>&nbsp; Oh mein Herr und Gott im heiligsten Sakrament!Du bist die ewige Wahrheit und die g\u00f6ttliche Allmacht.Daher glaube ich fest und unersch\u00fctterlich, dass du zur Nahrung unser Seelehier unter den Gestalten des Brotes wahrhaft, wirklich und wesentlich gegenw\u00e4rtig bist als &hellip; <a href=\"https:\/\/ecclesiae.de\/blog\/?page_id=10956\">Weiterlesen <span class=\"meta-nav\">&rarr;<\/span><\/a><\/p>\n","protected":false},"author":3,"featured_media":0,"parent":10545,"menu_order":0,"comment_status":"closed","ping_status":"closed","template":"","meta":{"footnotes":""},"class_list":["post-10956","page","type-page","status-publish","hentry"],"_links":{"self":[{"href":"https:\/\/ecclesiae.de\/blog\/index.php?rest_route=\/wp\/v2\/pages\/10956","targetHints":{"allow":["GET"]}}],"collection":[{"href":"https:\/\/ecclesiae.de\/blog\/index.php?rest_route=\/wp\/v2\/pages"}],"about":[{"href":"https:\/\/ecclesiae.de\/blog\/index.php?rest_route=\/wp\/v2\/types\/page"}],"author":[{"embeddable":true,"href":"https:\/\/ecclesiae.de\/blog\/index.php?rest_route=\/wp\/v2\/users\/3"}],"replies":[{"embeddable":true,"href":"https:\/\/ecclesiae.de\/blog\/index.php?rest_route=%2Fwp%2Fv2%2Fcomments&post=10956"}],"version-history":[{"count":1,"href":"https:\/\/ecclesiae.de\/blog\/index.php?rest_route=\/wp\/v2\/pages\/10956\/revisions"}],"predecessor-version":[{"id":10957,"href":"https:\/\/ecclesiae.de\/blog\/index.php?rest_route=\/wp\/v2\/pages\/10956\/revisions\/10957"}],"up":[{"embeddable":true,"href":"https:\/\/ecclesiae.de\/blog\/index.php?rest_route=\/wp\/v2\/pages\/10545"}],"wp:attachment":[{"href":"https:\/\/ecclesiae.de\/blog\/index.php?rest_route=%2Fwp%2Fv2%2Fmedia&parent=10956"}],"curies":[{"name":"wp","href":"https:\/\/api.w.org\/{rel}","templated":true}]}}