{"id":10958,"date":"2022-07-25T13:01:53","date_gmt":"2022-07-25T13:01:53","guid":{"rendered":"http:\/\/ecclesiae.de\/blog\/?page_id=10958"},"modified":"2022-07-25T13:01:53","modified_gmt":"2022-07-25T13:01:53","slug":"komm-heiliger-geist","status":"publish","type":"page","link":"https:\/\/ecclesiae.de\/blog\/?page_id=10958","title":{"rendered":"Komm, Heiliger Geist"},"content":{"rendered":"\n<p>Komm, Heiliger Geist, erw\u00e4hle meinen Leib zu Deinem Tempel!<br>Komm und bleibe bei mir immerdar!<br>Gib mir eine innige Liebe zum heiligsten Herzen Jesu, auf dass ich Ihm diene mit ganzem Herzen,<br>mit ganzer Seele, mit ganzem Gem\u00fcte und aus allen meinen Kr\u00e4ften.<br>Dir schenke ich alle F\u00e4higkeiten meines Leibes und meiner Seele.<br>Beherrsche alle meine Leidenschaften, Gef\u00fchle und Regungen.<br>Nimm hin meinen Verstand und meinen Willen, mein Ged\u00e4chtnis und meine Phantasie.<br>0 Heiliger Geist der Liebe, gib mir ein reiches Mass Deiner wirksamen Gnade.<br>Gib mir die F\u00fclle aller Tugenden; vermehre meinen Glauben, st\u00e4rke meine Hoffnung,<br>vermehre mein Vertrauen und entz\u00fcnde meine Liebe.<br>Verleihe mir die F\u00fclle Deiner sieben Gaben, Deiner Fr\u00fcchte und Seligkeiten.<br>Allerheiligste Dreifaltigkeit, m\u00f6ge meine Seele Dein Heiligtum sein. Amen.<br>(Pius XII.)<\/p>\n","protected":false},"excerpt":{"rendered":"<p>Komm, Heiliger Geist, erw\u00e4hle meinen Leib zu Deinem Tempel!Komm und bleibe bei mir immerdar!Gib mir eine innige Liebe zum heiligsten Herzen Jesu, auf dass ich Ihm diene mit ganzem Herzen,mit ganzer Seele, mit ganzem Gem\u00fcte und aus allen meinen Kr\u00e4ften.Dir &hellip; <a href=\"https:\/\/ecclesiae.de\/blog\/?page_id=10958\">Weiterlesen <span class=\"meta-nav\">&rarr;<\/span><\/a><\/p>\n","protected":false},"author":3,"featured_media":0,"parent":10545,"menu_order":0,"comment_status":"closed","ping_status":"closed","template":"","meta":{"footnotes":""},"class_list":["post-10958","page","type-page","status-publish","hentry"],"_links":{"self":[{"href":"https:\/\/ecclesiae.de\/blog\/index.php?rest_route=\/wp\/v2\/pages\/10958","targetHints":{"allow":["GET"]}}],"collection":[{"href":"https:\/\/ecclesiae.de\/blog\/index.php?rest_route=\/wp\/v2\/pages"}],"about":[{"href":"https:\/\/ecclesiae.de\/blog\/index.php?rest_route=\/wp\/v2\/types\/page"}],"author":[{"embeddable":true,"href":"https:\/\/ecclesiae.de\/blog\/index.php?rest_route=\/wp\/v2\/users\/3"}],"replies":[{"embeddable":true,"href":"https:\/\/ecclesiae.de\/blog\/index.php?rest_route=%2Fwp%2Fv2%2Fcomments&post=10958"}],"version-history":[{"count":1,"href":"https:\/\/ecclesiae.de\/blog\/index.php?rest_route=\/wp\/v2\/pages\/10958\/revisions"}],"predecessor-version":[{"id":10959,"href":"https:\/\/ecclesiae.de\/blog\/index.php?rest_route=\/wp\/v2\/pages\/10958\/revisions\/10959"}],"up":[{"embeddable":true,"href":"https:\/\/ecclesiae.de\/blog\/index.php?rest_route=\/wp\/v2\/pages\/10545"}],"wp:attachment":[{"href":"https:\/\/ecclesiae.de\/blog\/index.php?rest_route=%2Fwp%2Fv2%2Fmedia&parent=10958"}],"curies":[{"name":"wp","href":"https:\/\/api.w.org\/{rel}","templated":true}]}}